{"id":2365,"date":"2019-08-29T09:45:05","date_gmt":"2019-08-29T12:45:05","guid":{"rendered":"http:\/\/sites.usp.br\/fobposgraduacao2\/?page_id=2365"},"modified":"2026-04-13T10:56:16","modified_gmt":"2026-04-13T13:56:16","slug":"comissao","status":"publish","type":"page","link":"https:\/\/posgraduacao.fob.usp.br\/en\/programas\/ciencias-odontologicas-aplicadas\/comissao\/","title":{"rendered":"(Portugu\u00eas do Brasil) COMISS\u00c3O COORDENADORA DO PROGRAMA CI\u00caNCIAS ODONTOL\u00d3GICAS APLICADAS"},"content":{"rendered":"<p class=\"qtranxs-available-languages-message qtranxs-available-languages-message-en\">Sorry, this entry is only available in <a href=\"https:\/\/posgraduacao.fob.usp.br\/pb\/wp-json\/wp\/v2\/pages\/2365\" class=\"qtranxs-available-language-link qtranxs-available-language-link-pb\" title=\"Portugu\u00eas do Brasil\">Portugu\u00eas do Brasil<\/a>.<\/p>","protected":false},"excerpt":{"rendered":"<p>Sorry, this entry is only available in Portugu\u00eas do Brasil.<\/p>\n","protected":false},"author":344,"featured_media":0,"parent":835,"menu_order":0,"comment_status":"closed","ping_status":"closed","template":"","meta":{"_monsterinsights_skip_tracking":false,"_monsterinsights_sitenote_active":false,"_monsterinsights_sitenote_note":"","_monsterinsights_sitenote_category":0,"footnotes":"","_links_to":"","_links_to_target":""},"class_list":["post-2365","page","type-page","status-publish","hentry","entry"],"_links":{"self":[{"href":"https:\/\/posgraduacao.fob.usp.br\/en\/wp-json\/wp\/v2\/pages\/2365","targetHints":{"allow":["GET"]}}],"collection":[{"href":"https:\/\/posgraduacao.fob.usp.br\/en\/wp-json\/wp\/v2\/pages"}],"about":[{"href":"https:\/\/posgraduacao.fob.usp.br\/en\/wp-json\/wp\/v2\/types\/page"}],"author":[{"embeddable":true,"href":"https:\/\/posgraduacao.fob.usp.br\/en\/wp-json\/wp\/v2\/users\/344"}],"replies":[{"embeddable":true,"href":"https:\/\/posgraduacao.fob.usp.br\/en\/wp-json\/wp\/v2\/comments?post=2365"}],"version-history":[{"count":4,"href":"https:\/\/posgraduacao.fob.usp.br\/en\/wp-json\/wp\/v2\/pages\/2365\/revisions"}],"predecessor-version":[{"id":6403,"href":"https:\/\/posgraduacao.fob.usp.br\/en\/wp-json\/wp\/v2\/pages\/2365\/revisions\/6403"}],"up":[{"embeddable":true,"href":"https:\/\/posgraduacao.fob.usp.br\/en\/wp-json\/wp\/v2\/pages\/835"}],"wp:attachment":[{"href":"https:\/\/posgraduacao.fob.usp.br\/en\/wp-json\/wp\/v2\/media?parent=2365"}],"curies":[{"name":"wp","href":"https:\/\/api.w.org\/{rel}","templated":true}]}}