{"id":4241,"date":"2021-08-04T11:14:15","date_gmt":"2021-08-04T14:14:15","guid":{"rendered":"https:\/\/posgraduacao.fob.usp.br\/?page_id=4241"},"modified":"2022-06-27T11:54:43","modified_gmt":"2022-06-27T14:54:43","slug":"orientacoes-para-defesas-via-google-meet-zoom-e-outros","status":"publish","type":"page","link":"https:\/\/posgraduacao.fob.usp.br\/en\/orientacoes-para-defesas-via-google-meet-zoom-e-outros\/","title":{"rendered":"(Portugu\u00eas do Brasil) Orienta\u00e7\u00f5es para defesas com participantes remotos"},"content":{"rendered":"<p class=\"qtranxs-available-languages-message qtranxs-available-languages-message-en\">Sorry, this entry is only available in <a href=\"https:\/\/posgraduacao.fob.usp.br\/pb\/wp-json\/wp\/v2\/pages\/4241\" class=\"qtranxs-available-language-link qtranxs-available-language-link-pb\" title=\"Portugu\u00eas do Brasil\">Portugu\u00eas do Brasil<\/a>.<\/p>","protected":false},"excerpt":{"rendered":"<p>Sorry, this entry is only available in Portugu\u00eas do Brasil.<\/p>\n","protected":false},"author":344,"featured_media":0,"parent":0,"menu_order":0,"comment_status":"closed","ping_status":"closed","template":"","meta":{"_monsterinsights_skip_tracking":false,"_monsterinsights_sitenote_active":false,"_monsterinsights_sitenote_note":"","_monsterinsights_sitenote_category":0,"footnotes":"","_links_to":"","_links_to_target":""},"class_list":["post-4241","page","type-page","status-publish","hentry","entry"],"_links":{"self":[{"href":"https:\/\/posgraduacao.fob.usp.br\/en\/wp-json\/wp\/v2\/pages\/4241","targetHints":{"allow":["GET"]}}],"collection":[{"href":"https:\/\/posgraduacao.fob.usp.br\/en\/wp-json\/wp\/v2\/pages"}],"about":[{"href":"https:\/\/posgraduacao.fob.usp.br\/en\/wp-json\/wp\/v2\/types\/page"}],"author":[{"embeddable":true,"href":"https:\/\/posgraduacao.fob.usp.br\/en\/wp-json\/wp\/v2\/users\/344"}],"replies":[{"embeddable":true,"href":"https:\/\/posgraduacao.fob.usp.br\/en\/wp-json\/wp\/v2\/comments?post=4241"}],"version-history":[{"count":4,"href":"https:\/\/posgraduacao.fob.usp.br\/en\/wp-json\/wp\/v2\/pages\/4241\/revisions"}],"predecessor-version":[{"id":4708,"href":"https:\/\/posgraduacao.fob.usp.br\/en\/wp-json\/wp\/v2\/pages\/4241\/revisions\/4708"}],"wp:attachment":[{"href":"https:\/\/posgraduacao.fob.usp.br\/en\/wp-json\/wp\/v2\/media?parent=4241"}],"curies":[{"name":"wp","href":"https:\/\/api.w.org\/{rel}","templated":true}]}}