{"id":983,"date":"2016-08-16T12:07:01","date_gmt":"2016-08-16T15:07:01","guid":{"rendered":"http:\/\/sites.usp.br\/fobposgraduacao\/?page_id=983"},"modified":"2025-02-10T11:15:19","modified_gmt":"2025-02-10T14:15:19","slug":"corpo-docente","status":"publish","type":"page","link":"https:\/\/posgraduacao.fob.usp.br\/en\/programas\/ciencias-odontologicas-aplicadas\/ortodontia-e-odontologia-em-saude-coletiva\/corpo-docente\/","title":{"rendered":"Faculty"},"content":{"rendered":"<h2>Orthodontics and Public health<\/h2>\n<p><a href=\"http:\/\/sites.usp.br\/fobposgraduacao\/wp-content\/uploads\/sites\/155\/2016\/08\/arnaldo_pinzan.jpg\"><img loading=\"lazy\" decoding=\"async\" class=\"alignnone size-thumbnail wp-image-984\" src=\"http:\/\/sites.usp.br\/fobposgraduacao\/wp-content\/uploads\/sites\/155\/2016\/08\/arnaldo_pinzan-150x150.jpg\" alt=\"Arnaldo Pinzan\" width=\"150\" height=\"150\" srcset=\"https:\/\/posgraduacao.fob.usp.br\/wp-content\/uploads\/sites\/731\/2016\/08\/arnaldo_pinzan-150x150.jpg 150w, https:\/\/posgraduacao.fob.usp.br\/wp-content\/uploads\/sites\/731\/2016\/08\/arnaldo_pinzan-300x300.jpg 300w, https:\/\/posgraduacao.fob.usp.br\/wp-content\/uploads\/sites\/731\/2016\/08\/arnaldo_pinzan-45x45.jpg 45w, https:\/\/posgraduacao.fob.usp.br\/wp-content\/uploads\/sites\/731\/2016\/08\/arnaldo_pinzan-200x200.jpg 200w, https:\/\/posgraduacao.fob.usp.br\/wp-content\/uploads\/sites\/731\/2016\/08\/arnaldo_pinzan.jpg 315w\" sizes=\"(max-width: 150px) 100vw, 150px\" \/><\/a>Prof. Dr. Arnaldo Pinzan &#8211; <a href=\"http:\/\/lattes.cnpq.br\/2919131277732400\">Lattes<\/a><\/p>\n<p><a href=\"http:\/\/sites.usp.br\/fobposgraduacao\/wp-content\/uploads\/sites\/155\/2016\/08\/daniela_garib.jpg\"><img decoding=\"async\" class=\"alignnone size-thumbnail wp-image-985\" src=\"http:\/\/sites.usp.br\/fobposgraduacao\/wp-content\/uploads\/sites\/155\/2016\/08\/daniela_garib-150x150.jpg\" alt=\"Daniela Gamba Garib Carreira\" width=\"150\" height=\"150\" srcset=\"https:\/\/posgraduacao.fob.usp.br\/wp-content\/uploads\/sites\/731\/2016\/08\/daniela_garib-150x150.jpg 150w, https:\/\/posgraduacao.fob.usp.br\/wp-content\/uploads\/sites\/731\/2016\/08\/daniela_garib-45x45.jpg 45w, https:\/\/posgraduacao.fob.usp.br\/wp-content\/uploads\/sites\/731\/2016\/08\/daniela_garib-200x200.jpg 200w, https:\/\/posgraduacao.fob.usp.br\/wp-content\/uploads\/sites\/731\/2016\/08\/daniela_garib.jpg 227w\" sizes=\"(max-width: 150px) 100vw, 150px\" \/><\/a>Profa. Dra. Daniela Gamba Garib Carreira &#8211; <a href=\"http:\/\/lattes.cnpq.br\/3742317356920204\">Lattes<\/a><\/p>\n<p><a href=\"http:\/\/sites.usp.br\/fobposgraduacao\/wp-content\/uploads\/sites\/155\/2016\/08\/guilherme_janson.jpg\"><img loading=\"lazy\" decoding=\"async\" class=\"alignnone size-thumbnail wp-image-825\" src=\"http:\/\/sites.usp.br\/fobposgraduacao\/wp-content\/uploads\/sites\/155\/2016\/08\/guilherme_janson-150x150.jpg\" alt=\"Guilherme dos Reis Pereira Janson\" width=\"150\" height=\"150\" srcset=\"https:\/\/posgraduacao.fob.usp.br\/wp-content\/uploads\/sites\/731\/2016\/08\/guilherme_janson-150x150.jpg 150w, https:\/\/posgraduacao.fob.usp.br\/wp-content\/uploads\/sites\/731\/2016\/08\/guilherme_janson-300x300.jpg 300w, https:\/\/posgraduacao.fob.usp.br\/wp-content\/uploads\/sites\/731\/2016\/08\/guilherme_janson-45x45.jpg 45w, https:\/\/posgraduacao.fob.usp.br\/wp-content\/uploads\/sites\/731\/2016\/08\/guilherme_janson-200x200.jpg 200w, https:\/\/posgraduacao.fob.usp.br\/wp-content\/uploads\/sites\/731\/2016\/08\/guilherme_janson-400x400.jpg 400w, https:\/\/posgraduacao.fob.usp.br\/wp-content\/uploads\/sites\/731\/2016\/08\/guilherme_janson.jpg 472w\" sizes=\"(max-width: 150px) 100vw, 150px\" \/><\/a>Prof. Dr. Guilherme dos Reis Pereira Janson &#8211; <a href=\"http:\/\/lattes.cnpq.br\/0713916518223657\">Lattes<\/a><\/p>\n<p><a href=\"http:\/\/sites.usp.br\/fobposgraduacao\/wp-content\/uploads\/sites\/155\/2016\/08\/heitor_honorio.jpg\"><img loading=\"lazy\" decoding=\"async\" class=\"alignnone size-thumbnail wp-image-1140\" src=\"http:\/\/sites.usp.br\/fobposgraduacao\/wp-content\/uploads\/sites\/155\/2016\/08\/heitor_honorio-150x150.jpg\" alt=\"Heitor Marques Hon\u00f3rio\" width=\"150\" height=\"150\" srcset=\"https:\/\/posgraduacao.fob.usp.br\/wp-content\/uploads\/sites\/731\/2016\/08\/heitor_honorio-150x150.jpg 150w, https:\/\/posgraduacao.fob.usp.br\/wp-content\/uploads\/sites\/731\/2016\/08\/heitor_honorio-45x45.jpg 45w, https:\/\/posgraduacao.fob.usp.br\/wp-content\/uploads\/sites\/731\/2016\/08\/heitor_honorio-200x200.jpg 200w, https:\/\/posgraduacao.fob.usp.br\/wp-content\/uploads\/sites\/731\/2016\/08\/heitor_honorio.jpg 227w\" sizes=\"(max-width: 150px) 100vw, 150px\" \/><\/a>Prof. Dr. Heitor Marques Hon\u00f3rio &#8211; <a href=\"http:\/\/lattes.cnpq.br\/8784524451997210\">Lattes<\/a><\/p>\n<p><a href=\"http:\/\/sites.usp.br\/fobposgraduacao\/wp-content\/uploads\/sites\/155\/2016\/08\/jose_fernando_castanha_henriques.jpg\"><img loading=\"lazy\" decoding=\"async\" class=\"alignnone size-thumbnail wp-image-986\" src=\"http:\/\/sites.usp.br\/fobposgraduacao\/wp-content\/uploads\/sites\/155\/2016\/08\/jose_fernando_castanha_henriques-150x150.jpg\" alt=\"Jos\u00e9 Fernando Castanha Henriques\" width=\"150\" height=\"150\" srcset=\"https:\/\/posgraduacao.fob.usp.br\/wp-content\/uploads\/sites\/731\/2016\/08\/jose_fernando_castanha_henriques-150x150.jpg 150w, https:\/\/posgraduacao.fob.usp.br\/wp-content\/uploads\/sites\/731\/2016\/08\/jose_fernando_castanha_henriques-300x300.jpg 300w, https:\/\/posgraduacao.fob.usp.br\/wp-content\/uploads\/sites\/731\/2016\/08\/jose_fernando_castanha_henriques-45x45.jpg 45w, https:\/\/posgraduacao.fob.usp.br\/wp-content\/uploads\/sites\/731\/2016\/08\/jose_fernando_castanha_henriques-200x200.jpg 200w, https:\/\/posgraduacao.fob.usp.br\/wp-content\/uploads\/sites\/731\/2016\/08\/jose_fernando_castanha_henriques.jpg 315w\" sizes=\"(max-width: 150px) 100vw, 150px\" \/><\/a>Prof. Dr. Jos\u00e9 Fernando Castanha Henriques &#8211; <a href=\"http:\/\/lattes.cnpq.br\/3885935652774884\">Lattes<\/a><\/p>\n<p><a href=\"http:\/\/sites.usp.br\/fobposgraduacao\/wp-content\/uploads\/sites\/155\/2016\/08\/lauris.jpg\"><img loading=\"lazy\" decoding=\"async\" class=\"alignnone size-thumbnail wp-image-860\" src=\"http:\/\/sites.usp.br\/fobposgraduacao\/wp-content\/uploads\/sites\/155\/2016\/08\/lauris-150x150.jpg\" alt=\"Jos\u00e9 Roberto Pereira Lauris\" width=\"150\" height=\"150\" srcset=\"https:\/\/posgraduacao.fob.usp.br\/wp-content\/uploads\/sites\/731\/2016\/08\/lauris-150x150.jpg 150w, https:\/\/posgraduacao.fob.usp.br\/wp-content\/uploads\/sites\/731\/2016\/08\/lauris-300x300.jpg 300w, https:\/\/posgraduacao.fob.usp.br\/wp-content\/uploads\/sites\/731\/2016\/08\/lauris-45x45.jpg 45w, https:\/\/posgraduacao.fob.usp.br\/wp-content\/uploads\/sites\/731\/2016\/08\/lauris-200x200.jpg 200w, https:\/\/posgraduacao.fob.usp.br\/wp-content\/uploads\/sites\/731\/2016\/08\/lauris-400x400.jpg 400w, https:\/\/posgraduacao.fob.usp.br\/wp-content\/uploads\/sites\/731\/2016\/08\/lauris.jpg 472w\" sizes=\"(max-width: 150px) 100vw, 150px\" \/><\/a>Prof. Dr. Jos\u00e9 Roberto Pereira Lauris &#8211; <a href=\"http:\/\/lattes.cnpq.br\/4744515106232644\">Lattes<\/a><\/p>\n<p><a href=\"http:\/\/sites.usp.br\/fobposgraduacao2\/wp-content\/uploads\/sites\/155\/2018\/03\/marcos_roberto_de_freitas.jpg\"><img loading=\"lazy\" decoding=\"async\" class=\"alignnone wp-image-1786\" src=\"http:\/\/sites.usp.br\/fobposgraduacao2\/wp-content\/uploads\/sites\/155\/2018\/03\/marcos_roberto_de_freitas-300x300.jpg\" alt=\"\" width=\"149\" height=\"149\" srcset=\"https:\/\/posgraduacao.fob.usp.br\/wp-content\/uploads\/sites\/731\/2018\/03\/marcos_roberto_de_freitas-300x300.jpg 300w, https:\/\/posgraduacao.fob.usp.br\/wp-content\/uploads\/sites\/731\/2018\/03\/marcos_roberto_de_freitas-150x150.jpg 150w, https:\/\/posgraduacao.fob.usp.br\/wp-content\/uploads\/sites\/731\/2018\/03\/marcos_roberto_de_freitas-45x45.jpg 45w, https:\/\/posgraduacao.fob.usp.br\/wp-content\/uploads\/sites\/731\/2018\/03\/marcos_roberto_de_freitas-200x200.jpg 200w, https:\/\/posgraduacao.fob.usp.br\/wp-content\/uploads\/sites\/731\/2018\/03\/marcos_roberto_de_freitas.jpg 315w\" sizes=\"(max-width: 149px) 100vw, 149px\" \/><\/a> Prof. Dr. Marcos Roberto de Freitas &#8211; <a href=\"http:\/\/lattes.cnpq.br\/5869446064763923\">Lattes<\/a><\/p>\n<p><a href=\"http:\/\/sites.usp.br\/fobposgraduacao\/wp-content\/uploads\/sites\/155\/2016\/08\/roosevelt_bastos.jpg\"><img loading=\"lazy\" decoding=\"async\" class=\"alignnone size-thumbnail wp-image-1143\" src=\"http:\/\/sites.usp.br\/fobposgraduacao\/wp-content\/uploads\/sites\/155\/2016\/08\/roosevelt_bastos-150x150.jpg\" alt=\"Roosevelt da Silva Bastos\" width=\"150\" height=\"150\" srcset=\"https:\/\/posgraduacao.fob.usp.br\/wp-content\/uploads\/sites\/731\/2016\/08\/roosevelt_bastos-150x150.jpg 150w, https:\/\/posgraduacao.fob.usp.br\/wp-content\/uploads\/sites\/731\/2016\/08\/roosevelt_bastos-300x300.jpg 300w, https:\/\/posgraduacao.fob.usp.br\/wp-content\/uploads\/sites\/731\/2016\/08\/roosevelt_bastos-45x45.jpg 45w, https:\/\/posgraduacao.fob.usp.br\/wp-content\/uploads\/sites\/731\/2016\/08\/roosevelt_bastos-200x200.jpg 200w, https:\/\/posgraduacao.fob.usp.br\/wp-content\/uploads\/sites\/731\/2016\/08\/roosevelt_bastos-400x400.jpg 400w, https:\/\/posgraduacao.fob.usp.br\/wp-content\/uploads\/sites\/731\/2016\/08\/roosevelt_bastos.jpg 472w\" sizes=\"(max-width: 150px) 100vw, 150px\" \/><\/a>Prof. Dr. Roosevelt da Silva Bastos &#8211; <a href=\"http:\/\/lattes.cnpq.br\/8786612835111814\">Lattes<\/a><\/p>\n<p><a href=\"http:\/\/sites.usp.br\/fobposgraduacao\/wp-content\/uploads\/sites\/155\/2016\/08\/silvia_helena_sales_peres.jpg\"><img loading=\"lazy\" decoding=\"async\" class=\"alignnone size-thumbnail wp-image-1144\" src=\"http:\/\/sites.usp.br\/fobposgraduacao\/wp-content\/uploads\/sites\/155\/2016\/08\/silvia_helena_sales_peres-150x150.jpg\" alt=\"Silvia Helena de Carvalho Sales Peres\" width=\"150\" height=\"150\" srcset=\"https:\/\/posgraduacao.fob.usp.br\/wp-content\/uploads\/sites\/731\/2016\/08\/silvia_helena_sales_peres-150x150.jpg 150w, https:\/\/posgraduacao.fob.usp.br\/wp-content\/uploads\/sites\/731\/2016\/08\/silvia_helena_sales_peres-300x300.jpg 300w, https:\/\/posgraduacao.fob.usp.br\/wp-content\/uploads\/sites\/731\/2016\/08\/silvia_helena_sales_peres-45x45.jpg 45w, https:\/\/posgraduacao.fob.usp.br\/wp-content\/uploads\/sites\/731\/2016\/08\/silvia_helena_sales_peres-200x200.jpg 200w, https:\/\/posgraduacao.fob.usp.br\/wp-content\/uploads\/sites\/731\/2016\/08\/silvia_helena_sales_peres-400x400.jpg 400w, https:\/\/posgraduacao.fob.usp.br\/wp-content\/uploads\/sites\/731\/2016\/08\/silvia_helena_sales_peres.jpg 472w\" sizes=\"(max-width: 150px) 100vw, 150px\" \/><\/a>Profa. Dra. Silvia Helena de Carvalho Sales Peres &#8211; <a href=\"http:\/\/lattes.cnpq.br\/4138932339266553\">Lattes<\/a>","protected":false},"excerpt":{"rendered":"<p>Orthodontics and Public health Prof. Dr. Arnaldo Pinzan &#8211; Lattes Profa. Dra. Daniela Gamba Garib Carreira &#8211; Lattes Prof. Dr. Guilherme dos Reis Pereira Janson &#8211; Lattes Prof. Dr. Heitor Marques Hon\u00f3rio &#8211; Lattes Prof. Dr. Jos\u00e9 Fernando Castanha Henriques &#8211; Lattes Prof. Dr. Jos\u00e9 Roberto Pereira Lauris &#8211; Lattes Prof. Dr. Marcos Roberto de [&hellip;]<\/p>\n","protected":false},"author":277,"featured_media":0,"parent":980,"menu_order":0,"comment_status":"closed","ping_status":"closed","template":"","meta":{"_monsterinsights_skip_tracking":false,"_monsterinsights_sitenote_active":false,"_monsterinsights_sitenote_note":"","_monsterinsights_sitenote_category":0,"footnotes":"","_links_to":"","_links_to_target":""},"class_list":["post-983","page","type-page","status-publish","hentry","entry"],"_links":{"self":[{"href":"https:\/\/posgraduacao.fob.usp.br\/en\/wp-json\/wp\/v2\/pages\/983","targetHints":{"allow":["GET"]}}],"collection":[{"href":"https:\/\/posgraduacao.fob.usp.br\/en\/wp-json\/wp\/v2\/pages"}],"about":[{"href":"https:\/\/posgraduacao.fob.usp.br\/en\/wp-json\/wp\/v2\/types\/page"}],"author":[{"embeddable":true,"href":"https:\/\/posgraduacao.fob.usp.br\/en\/wp-json\/wp\/v2\/users\/277"}],"replies":[{"embeddable":true,"href":"https:\/\/posgraduacao.fob.usp.br\/en\/wp-json\/wp\/v2\/comments?post=983"}],"version-history":[{"count":4,"href":"https:\/\/posgraduacao.fob.usp.br\/en\/wp-json\/wp\/v2\/pages\/983\/revisions"}],"predecessor-version":[{"id":5842,"href":"https:\/\/posgraduacao.fob.usp.br\/en\/wp-json\/wp\/v2\/pages\/983\/revisions\/5842"}],"up":[{"embeddable":true,"href":"https:\/\/posgraduacao.fob.usp.br\/en\/wp-json\/wp\/v2\/pages\/980"}],"wp:attachment":[{"href":"https:\/\/posgraduacao.fob.usp.br\/en\/wp-json\/wp\/v2\/media?parent=983"}],"curies":[{"name":"wp","href":"https:\/\/api.w.org\/{rel}","templated":true}]}}