{"id":1476,"date":"2017-04-27T09:47:15","date_gmt":"2017-04-27T12:47:15","guid":{"rendered":"http:\/\/sites.usp.br\/fobposgraduacao2\/?page_id=1476"},"modified":"2020-08-18T17:06:39","modified_gmt":"2020-08-18T20:06:39","slug":"biblioteca","status":"publish","type":"page","link":"https:\/\/posgraduacao.fob.usp.br\/es\/biblioteca\/","title":{"rendered":"Biblioteca"},"content":{"rendered":"El Servicio de Biblioteca y Documentaci\u00f3n \u201cProf. Dr. Ant\u00f4nio Gabriel Atta\u201d de la FOB-USP ofrece servicios y accesos a la informaci\u00f3n, dirigidos a las actividades de ense\u00f1anza, investigaci\u00f3n y extensi\u00f3n a la comunidad del Campus USP Bauru. Junto con las dem\u00e1s bibliotecas de la Universidad, compone el Sistema Integrado de Bibliotecas de la USP (SIBiUSP).<\/p>\n<p>Su <strong>base de datos<\/strong> est\u00e1 compuesta especialmente por las \u00e1reas de Odontolog\u00eda, Fonoaudiolog\u00eda, Ciencias B\u00e1sicas y de la Salud, reuniendo libros y revistas nacionales e internacionales (impresas y de versi\u00f3n electr\u00f3nica), con suscripciones realizadas por la Universidad y por la Capes. Re\u00fane tambi\u00e9n monograf\u00edas y tesis (en formato impreso y electr\u00f3nico), material audiovisual, obras de referencia, normas t\u00e9cnicas y separatas de art\u00edculos. La base de datos se encuentra registrada en el Dedalus \u2013 Banco de Datos Bibliogr\u00e1ficos de la USP (<a href=\"http:\/\/www.dedalus.usp.br\">http:\/\/www.dedalus.usp.br<\/a>).<\/p>\n<p>Dispone tambi\u00e9n de acceso a las principales <strong>bases de datos<\/strong> en todas las \u00e1reas del conocimiento, disponible por la USP y por la Capes, tales como: Web of Science, Journal of Citation Reports, Scopus, EMBASE, CINAHL, LLBA, ERIC etc.<\/p>\n<p>Entre sus <strong>servicios<\/strong>, ofrece el pr\u00e9stamo domiciliar a los usuarios USP, la b\u00fasqueda y solicitaci\u00f3n de documentos no disponibles localmente, a partir de pr\u00e9stamos-entre-bibliotecas y el servicio de conmutaci\u00f3n, actuando con bibliotecas de todo el pa\u00eds y del exterior, o directamente con los autores. Para un mejor uso de los recursos disponibles y auxilio a las actividades acad\u00e9micas, ofrece tambi\u00e9n orientaci\u00f3n formal para b\u00fasquedas bibliogr\u00e1ficas y para la estandarizaci\u00f3n de documentaci\u00f3n cient\u00edfica, por medio de cursos y entrenamientos para estudiantes de pre y postgrado.<\/p>\n<p>La Biblioteca cuenta tambi\u00e9n con el Servicio de Apoyo a la Investigaci\u00f3n, que ofrece: orientaci\u00f3n sobre becas, auxilios y env\u00edo de documentos, por medio de la \u201cOficina Fapesp\u201d; seguimiento y registro de la producci\u00f3n cient\u00edfica en la base de datos Producci\u00f3n Intelectual, disponible en el banco de datos Dedalus (<a href=\"http:\/\/www.dedalus.usp.br\">http:\/\/www.dedalus.usp.br<\/a>); elaboraci\u00f3n de informes sobre el n\u00famero de citaciones e \u00edndice H de los miembros de la facultad, basados en la producci\u00f3n de la Facultad de Odontologia, disponible en las bases de datos Scopus y Web of Science; y orientaci\u00f3n para la creaci\u00f3n de perfiles en las p\u00e1ginas ResearcherID, ORCID y Google Scholar.<\/p>\n<p>Es responsable por el manejo del env\u00edo, estandarizaci\u00f3n, distribuci\u00f3n y divulgaci\u00f3n de la revista Journal of Applied Oral Science (ISSN 1678-7757\/1678-7765). Adicionalmente, auxilia y orienta la estandarizaci\u00f3n de otras publicaciones de la Facultad de Odontologia, como libros, manuales, cat\u00e1logos, anales de eventos etc.<\/p>\n<p>Brinda disponibilidad de <strong>computadoras con acceso a Internet<\/strong> localizadas en la Sala de Lectura (planta baja) y Sala Pro-Alumno, (segundo piso de la Biblioteca), destinados a la investigaci\u00f3n y elaboraci\u00f3n de trabajos acad\u00e9micos. Las <strong>\u00e1reas de estudio<\/strong> cuentan con ambientes con mesas y cabinas para estudio individual y salas de estudio en grupo. El <strong>auditorio<\/strong> y <strong>sala de entrenamiento<\/strong> completan la infraestructura de eventos, charlas y cursos.<\/p>\n<p>Los recursos electr\u00f3nicos de uso restringido de la USP (libros, peri\u00f3dicos y bases de datos) pueden ser consultados a partir de computadoras y dispositivos m\u00f3viles del propio usuario, utilizando la <strong>red sin cable<\/strong> o fuera del ambiente de la Universidad (inclusive en el exterior), con el uso del acceso remoto, v\u00eda <strong>VPN<\/strong>.<\/p>\n<p><strong>Horario de funcionamiento<\/strong><\/p>\n<p><strong>Per\u00edodo de actividades acad\u00e9micas:<\/strong><\/p>\n<p>Lunes a viernes, de las 8 a.m a las 11 p.m.<\/p>\n<p>S\u00e1bados, de las 8 a.m. a las 12 p.m.<\/p>\n<p><strong>Per\u00edodo de vacaciones:<\/strong><\/p>\n<p>Lunes a viernes, de las 8 a.m. a las 6 p.m.<\/p>\n<p>No hay atenci\u00f3n a los s\u00e1bados<\/p>\n<p>&nbsp;<\/p>\n<p><strong>Contacto:<\/strong><\/p>\n<p>(14) 3235-8370 | (14) 3235-8375<\/p>\n<p><strong>e-mail:<\/strong> sbd@fob.usp.br<\/p>\n<p><strong>http:<\/strong>\/\/www.fob.usp.br\/biblioteca<\/p>\n<p><strong>Facebook: https:<\/strong>\/\/www.facebook.com\/BibliotecaFOBUSP","protected":false},"excerpt":{"rendered":"<p>El Servicio de Biblioteca y Documentaci\u00f3n \u201cProf. Dr. Ant\u00f4nio Gabriel Atta\u201d de la FOB-USP ofrece servicios y accesos a la informaci\u00f3n, dirigidos a las actividades de ense\u00f1anza, investigaci\u00f3n y extensi\u00f3n a la comunidad del Campus USP Bauru. Junto con las dem\u00e1s bibliotecas de la Universidad, compone el Sistema Integrado de Bibliotecas de la USP (SIBiUSP). [&hellip;]<\/p>\n","protected":false},"author":344,"featured_media":0,"parent":0,"menu_order":0,"comment_status":"closed","ping_status":"closed","template":"","meta":{"_monsterinsights_skip_tracking":false,"_monsterinsights_sitenote_active":false,"_monsterinsights_sitenote_note":"","_monsterinsights_sitenote_category":0,"footnotes":"","_links_to":"","_links_to_target":""},"class_list":["post-1476","page","type-page","status-publish","hentry","entry"],"_links":{"self":[{"href":"https:\/\/posgraduacao.fob.usp.br\/es\/wp-json\/wp\/v2\/pages\/1476","targetHints":{"allow":["GET"]}}],"collection":[{"href":"https:\/\/posgraduacao.fob.usp.br\/es\/wp-json\/wp\/v2\/pages"}],"about":[{"href":"https:\/\/posgraduacao.fob.usp.br\/es\/wp-json\/wp\/v2\/types\/page"}],"author":[{"embeddable":true,"href":"https:\/\/posgraduacao.fob.usp.br\/es\/wp-json\/wp\/v2\/users\/344"}],"replies":[{"embeddable":true,"href":"https:\/\/posgraduacao.fob.usp.br\/es\/wp-json\/wp\/v2\/comments?post=1476"}],"version-history":[{"count":4,"href":"https:\/\/posgraduacao.fob.usp.br\/es\/wp-json\/wp\/v2\/pages\/1476\/revisions"}],"predecessor-version":[{"id":3044,"href":"https:\/\/posgraduacao.fob.usp.br\/es\/wp-json\/wp\/v2\/pages\/1476\/revisions\/3044"}],"wp:attachment":[{"href":"https:\/\/posgraduacao.fob.usp.br\/es\/wp-json\/wp\/v2\/media?parent=1476"}],"curies":[{"name":"wp","href":"https:\/\/api.w.org\/{rel}","templated":true}]}}