{"id":2981,"date":"2020-08-14T16:38:13","date_gmt":"2020-08-14T19:38:13","guid":{"rendered":"https:\/\/posgraduacao1.fob.usp.br\/?page_id=2981"},"modified":"2025-10-16T14:42:39","modified_gmt":"2025-10-16T17:42:39","slug":"inicio","status":"publish","type":"page","link":"https:\/\/posgraduacao.fob.usp.br\/es\/","title":{"rendered":"(Portugu\u00eas do Brasil) Home &#8211; P\u00f3s Gradua\u00e7\u00e3o"},"content":{"rendered":"","protected":false},"excerpt":{"rendered":"","protected":false},"author":21861,"featured_media":0,"parent":0,"menu_order":0,"comment_status":"closed","ping_status":"closed","template":"","meta":{"_monsterinsights_skip_tracking":false,"_monsterinsights_sitenote_active":false,"_monsterinsights_sitenote_note":"","_monsterinsights_sitenote_category":0,"footnotes":"","_links_to":"","_links_to_target":""},"class_list":["post-2981","page","type-page","status-publish","hentry","entry"],"_links":{"self":[{"href":"https:\/\/posgraduacao.fob.usp.br\/es\/wp-json\/wp\/v2\/pages\/2981","targetHints":{"allow":["GET"]}}],"collection":[{"href":"https:\/\/posgraduacao.fob.usp.br\/es\/wp-json\/wp\/v2\/pages"}],"about":[{"href":"https:\/\/posgraduacao.fob.usp.br\/es\/wp-json\/wp\/v2\/types\/page"}],"author":[{"embeddable":true,"href":"https:\/\/posgraduacao.fob.usp.br\/es\/wp-json\/wp\/v2\/users\/21861"}],"replies":[{"embeddable":true,"href":"https:\/\/posgraduacao.fob.usp.br\/es\/wp-json\/wp\/v2\/comments?post=2981"}],"version-history":[{"count":3,"href":"https:\/\/posgraduacao.fob.usp.br\/es\/wp-json\/wp\/v2\/pages\/2981\/revisions"}],"predecessor-version":[{"id":2984,"href":"https:\/\/posgraduacao.fob.usp.br\/es\/wp-json\/wp\/v2\/pages\/2981\/revisions\/2984"}],"wp:attachment":[{"href":"https:\/\/posgraduacao.fob.usp.br\/es\/wp-json\/wp\/v2\/media?parent=2981"}],"curies":[{"name":"wp","href":"https:\/\/api.w.org\/{rel}","templated":true}]}}