{"id":3180,"date":"2020-08-25T13:34:36","date_gmt":"2020-08-25T16:34:36","guid":{"rendered":"http:\/\/posgraduacao1.fob.usp.br\/?page_id=3180"},"modified":"2026-03-17T16:46:04","modified_gmt":"2026-03-17T19:46:04","slug":"formularios-cpg","status":"publish","type":"page","link":"https:\/\/posgraduacao.fob.usp.br\/es\/formularios-cpg\/","title":{"rendered":"(Portugu\u00eas do Brasil) Formul\u00e1rios CPG"},"content":{"rendered":"<p class=\"qtranxs-available-languages-message qtranxs-available-languages-message-es\">Disculpa, pero esta entrada est\u00e1 disponible s\u00f3lo en <a href=\"https:\/\/posgraduacao.fob.usp.br\/pb\/wp-json\/wp\/v2\/pages\/3180\" class=\"qtranxs-available-language-link qtranxs-available-language-link-pb\" title=\"Portugu\u00eas do Brasil\">Portugu\u00eas do Brasil<\/a>.<\/p>","protected":false},"excerpt":{"rendered":"<p>Disculpa, pero esta entrada est\u00e1 disponible s\u00f3lo en Portugu\u00eas do Brasil.<\/p>\n","protected":false},"author":344,"featured_media":0,"parent":0,"menu_order":0,"comment_status":"closed","ping_status":"closed","template":"","meta":{"_monsterinsights_skip_tracking":false,"_monsterinsights_sitenote_active":false,"_monsterinsights_sitenote_note":"","_monsterinsights_sitenote_category":0,"footnotes":"","_links_to":"","_links_to_target":""},"class_list":["post-3180","page","type-page","status-publish","hentry","entry"],"_links":{"self":[{"href":"https:\/\/posgraduacao.fob.usp.br\/es\/wp-json\/wp\/v2\/pages\/3180","targetHints":{"allow":["GET"]}}],"collection":[{"href":"https:\/\/posgraduacao.fob.usp.br\/es\/wp-json\/wp\/v2\/pages"}],"about":[{"href":"https:\/\/posgraduacao.fob.usp.br\/es\/wp-json\/wp\/v2\/types\/page"}],"author":[{"embeddable":true,"href":"https:\/\/posgraduacao.fob.usp.br\/es\/wp-json\/wp\/v2\/users\/344"}],"replies":[{"embeddable":true,"href":"https:\/\/posgraduacao.fob.usp.br\/es\/wp-json\/wp\/v2\/comments?post=3180"}],"version-history":[{"count":4,"href":"https:\/\/posgraduacao.fob.usp.br\/es\/wp-json\/wp\/v2\/pages\/3180\/revisions"}],"predecessor-version":[{"id":6358,"href":"https:\/\/posgraduacao.fob.usp.br\/es\/wp-json\/wp\/v2\/pages\/3180\/revisions\/6358"}],"wp:attachment":[{"href":"https:\/\/posgraduacao.fob.usp.br\/es\/wp-json\/wp\/v2\/media?parent=3180"}],"curies":[{"name":"wp","href":"https:\/\/api.w.org\/{rel}","templated":true}]}}