{"id":801,"date":"2016-08-12T14:53:17","date_gmt":"2016-08-12T17:53:17","guid":{"rendered":"http:\/\/sites.usp.br\/fobposgraduacao\/?page_id=801"},"modified":"2025-10-30T16:48:59","modified_gmt":"2025-10-30T19:48:59","slug":"historico","status":"publish","type":"page","link":"https:\/\/posgraduacao.fob.usp.br\/es\/historico\/","title":{"rendered":"Historia"},"content":{"rendered":"<p style=\"text-align: justify;\">El Postgrado de la FOB fue creado el 12 de mayo de 1970, con el Curso de Odontolog\u00eda con el programa de Rehabilitaci\u00f3n Oral y en el mismo a\u00f1o con el curso de Estomatolog\u00eda.<\/p>\n<p style=\"text-align: justify;\">Otros Programas y \u00c1reas de Concentraci\u00f3n fueron creados progresivamente: Estomatolog\u00eda Restauradora y Est\u00e9tica (1972); Ortodoncia (1973); Odontopediatr\u00eda (1977); Periodoncia (1977-2002); Endodoncia (1981); Patolog\u00eda (1981); Materiales Dentarios (1981); Odontolog\u00eda en Salud Colectiva (1999); Biolog\u00eda Oral (2003); Cirug\u00eda y Traumatolog\u00eda Bucomaxilofacial (2014); Periodontics (2018).<\/p>\n<p style=\"text-align: justify;\">El 29 de mayo de 2005, fue creado el programa de postgrado en Fonoaudiolog\u00eda.<\/p>\n<p style=\"text-align: justify;\">Desde su creaci\u00f3n hasta mayo del 2019 el Postgrado de la FOB titul\u00f3 1835 alumnos de Maestr\u00eda y 904 alumnos de Doctorado.<\/p>","protected":false},"excerpt":{"rendered":"<p>El Postgrado de la FOB fue creado el 12 de mayo de 1970, con el Curso de Odontolog\u00eda con el programa de Rehabilitaci\u00f3n Oral y en el mismo a\u00f1o con el curso de Estomatolog\u00eda. Otros Programas y \u00c1reas de Concentraci\u00f3n fueron creados progresivamente: Estomatolog\u00eda Restauradora y Est\u00e9tica (1972); Ortodoncia (1973); Odontopediatr\u00eda (1977); Periodoncia (1977-2002); Endodoncia [&hellip;]<\/p>\n","protected":false},"author":277,"featured_media":0,"parent":0,"menu_order":0,"comment_status":"closed","ping_status":"closed","template":"","meta":{"_monsterinsights_skip_tracking":false,"_monsterinsights_sitenote_active":false,"_monsterinsights_sitenote_note":"","_monsterinsights_sitenote_category":0,"footnotes":"","_links_to":"","_links_to_target":""},"class_list":["post-801","page","type-page","status-publish","hentry","entry"],"_links":{"self":[{"href":"https:\/\/posgraduacao.fob.usp.br\/es\/wp-json\/wp\/v2\/pages\/801","targetHints":{"allow":["GET"]}}],"collection":[{"href":"https:\/\/posgraduacao.fob.usp.br\/es\/wp-json\/wp\/v2\/pages"}],"about":[{"href":"https:\/\/posgraduacao.fob.usp.br\/es\/wp-json\/wp\/v2\/types\/page"}],"author":[{"embeddable":true,"href":"https:\/\/posgraduacao.fob.usp.br\/es\/wp-json\/wp\/v2\/users\/277"}],"replies":[{"embeddable":true,"href":"https:\/\/posgraduacao.fob.usp.br\/es\/wp-json\/wp\/v2\/comments?post=801"}],"version-history":[{"count":4,"href":"https:\/\/posgraduacao.fob.usp.br\/es\/wp-json\/wp\/v2\/pages\/801\/revisions"}],"predecessor-version":[{"id":6157,"href":"https:\/\/posgraduacao.fob.usp.br\/es\/wp-json\/wp\/v2\/pages\/801\/revisions\/6157"}],"wp:attachment":[{"href":"https:\/\/posgraduacao.fob.usp.br\/es\/wp-json\/wp\/v2\/media?parent=801"}],"curies":[{"name":"wp","href":"https:\/\/api.w.org\/{rel}","templated":true}]}}