{"id":806,"date":"2016-08-12T15:32:03","date_gmt":"2016-08-12T18:32:03","guid":{"rendered":"http:\/\/sites.usp.br\/fobposgraduacao\/?page_id=806"},"modified":"2023-10-16T09:55:46","modified_gmt":"2023-10-16T12:55:46","slug":"secretaria","status":"publish","type":"page","link":"https:\/\/posgraduacao.fob.usp.br\/es\/secretaria\/","title":{"rendered":"Secretaria"},"content":{"rendered":"Horario de atendimiento: Lunes a Viernes, de 8h a 12h<\/p>\n<p>Direcci\u00f3n: Al. Dr. Oct\u00e1vio Pinheiro Brisolla, 9-75 &#8211; 17012-901 Bauru-SP<\/p>\n<p>E-mail: posgrad@fob.usp.br Tel\u00e9fono: 55 14 3235.8223 Fax: 55 14 3223.7720<\/p>\n<h2>Equipo de Postgrado<\/h2>\n<h3>Secretaria<\/h3>\n<p>Ana Let\u00edcia Palombo Momesso<\/p>\n<p>Fatima Cassador Carvalho<\/p>\n<p>Leila Regina da Silva Yerga Sanchez<\/p>\n<p>Vera Lygia Santos Butignoli Caetano<\/p>\n<h3>Cl\u00ednica<\/h3>\n<p>Hebe Joselina de Freitas Pereira &#8211; eby@fob.usp.br<br \/>\nAssistente Dental","protected":false},"excerpt":{"rendered":"<p>Horario de atendimiento: Lunes a Viernes, de 8h a 12h Direcci\u00f3n: Al. Dr. Oct\u00e1vio Pinheiro Brisolla, 9-75 &#8211; 17012-901 Bauru-SP E-mail: posgrad@fob.usp.br Tel\u00e9fono: 55 14 3235.8223 Fax: 55 14 3223.7720 Equipo de Postgrado Secretaria Ana Let\u00edcia Palombo Momesso Fatima Cassador Carvalho Leila Regina da Silva Yerga Sanchez Vera Lygia Santos Butignoli Caetano Cl\u00ednica Hebe Joselina [&hellip;]<\/p>\n","protected":false},"author":277,"featured_media":0,"parent":0,"menu_order":0,"comment_status":"closed","ping_status":"closed","template":"","meta":{"_monsterinsights_skip_tracking":false,"_monsterinsights_sitenote_active":false,"_monsterinsights_sitenote_note":"","_monsterinsights_sitenote_category":0,"footnotes":"","_links_to":"","_links_to_target":""},"class_list":["post-806","page","type-page","status-publish","hentry","entry"],"_links":{"self":[{"href":"https:\/\/posgraduacao.fob.usp.br\/es\/wp-json\/wp\/v2\/pages\/806","targetHints":{"allow":["GET"]}}],"collection":[{"href":"https:\/\/posgraduacao.fob.usp.br\/es\/wp-json\/wp\/v2\/pages"}],"about":[{"href":"https:\/\/posgraduacao.fob.usp.br\/es\/wp-json\/wp\/v2\/types\/page"}],"author":[{"embeddable":true,"href":"https:\/\/posgraduacao.fob.usp.br\/es\/wp-json\/wp\/v2\/users\/277"}],"replies":[{"embeddable":true,"href":"https:\/\/posgraduacao.fob.usp.br\/es\/wp-json\/wp\/v2\/comments?post=806"}],"version-history":[{"count":4,"href":"https:\/\/posgraduacao.fob.usp.br\/es\/wp-json\/wp\/v2\/pages\/806\/revisions"}],"predecessor-version":[{"id":5288,"href":"https:\/\/posgraduacao.fob.usp.br\/es\/wp-json\/wp\/v2\/pages\/806\/revisions\/5288"}],"wp:attachment":[{"href":"https:\/\/posgraduacao.fob.usp.br\/es\/wp-json\/wp\/v2\/media?parent=806"}],"curies":[{"name":"wp","href":"https:\/\/api.w.org\/{rel}","templated":true}]}}