{"id":830,"date":"2016-08-12T17:52:32","date_gmt":"2016-08-12T20:52:32","guid":{"rendered":"http:\/\/sites.usp.br\/fobposgraduacao\/?page_id=830"},"modified":"2016-08-23T11:40:49","modified_gmt":"2016-08-23T14:40:49","slug":"portal-digital","status":"publish","type":"page","link":"https:\/\/posgraduacao.fob.usp.br\/es\/portal-digital\/","title":{"rendered":"Portal digital"},"content":{"rendered":"El Postgrado de la FOB USP deja disponible para acceso p\u00fablico las tesis y disertaciones en formato PDF a trav\u00e9s del portal SABER de la Biblioteca Digital:<\/p>\n<p style=\"text-align: center\"><a href=\"http:\/\/www.teses.ups.br\" target=\"_blank\">www.teses.usp.br<\/a><\/p>\n<h3 style=\"text-align: center\">Aviso<\/h3>\n<blockquote><p>El autor es el titular de los derechos de autor de la tesis o disertaci\u00f3n que usted podr\u00e1 bajar en su computador. La tesis o disertaci\u00f3n se destina para uso personal o cient\u00edfico. Es prohibida la comercializaci\u00f3n de cualquier tipo sin autorizaci\u00f3n previa del autor.<\/p><\/blockquote>","protected":false},"excerpt":{"rendered":"<p>El Postgrado de la FOB USP deja disponible para acceso p\u00fablico las tesis y disertaciones en formato PDF a trav\u00e9s del portal SABER de la Biblioteca Digital: www.teses.usp.br Aviso El autor es el titular de los derechos de autor de la tesis o disertaci\u00f3n que usted podr\u00e1 bajar en su computador. La tesis o disertaci\u00f3n [&hellip;]<\/p>\n","protected":false},"author":277,"featured_media":0,"parent":0,"menu_order":0,"comment_status":"closed","ping_status":"closed","template":"","meta":{"_monsterinsights_skip_tracking":false,"_monsterinsights_sitenote_active":false,"_monsterinsights_sitenote_note":"","_monsterinsights_sitenote_category":0,"footnotes":"","_links_to":"","_links_to_target":""},"class_list":["post-830","page","type-page","status-publish","hentry","entry"],"_links":{"self":[{"href":"https:\/\/posgraduacao.fob.usp.br\/es\/wp-json\/wp\/v2\/pages\/830","targetHints":{"allow":["GET"]}}],"collection":[{"href":"https:\/\/posgraduacao.fob.usp.br\/es\/wp-json\/wp\/v2\/pages"}],"about":[{"href":"https:\/\/posgraduacao.fob.usp.br\/es\/wp-json\/wp\/v2\/types\/page"}],"author":[{"embeddable":true,"href":"https:\/\/posgraduacao.fob.usp.br\/es\/wp-json\/wp\/v2\/users\/277"}],"replies":[{"embeddable":true,"href":"https:\/\/posgraduacao.fob.usp.br\/es\/wp-json\/wp\/v2\/comments?post=830"}],"version-history":[{"count":4,"href":"https:\/\/posgraduacao.fob.usp.br\/es\/wp-json\/wp\/v2\/pages\/830\/revisions"}],"predecessor-version":[{"id":1177,"href":"https:\/\/posgraduacao.fob.usp.br\/es\/wp-json\/wp\/v2\/pages\/830\/revisions\/1177"}],"wp:attachment":[{"href":"https:\/\/posgraduacao.fob.usp.br\/es\/wp-json\/wp\/v2\/media?parent=830"}],"curies":[{"name":"wp","href":"https:\/\/api.w.org\/{rel}","templated":true}]}}