{"id":835,"date":"2016-08-15T08:59:39","date_gmt":"2016-08-15T11:59:39","guid":{"rendered":"http:\/\/sites.usp.br\/fobposgraduacao\/?page_id=835"},"modified":"2023-10-16T07:37:21","modified_gmt":"2023-10-16T10:37:21","slug":"ciencias-odontologicas-aplicadas","status":"publish","type":"page","link":"https:\/\/posgraduacao.fob.usp.br\/es\/programas\/ciencias-odontologicas-aplicadas\/","title":{"rendered":"Ciencias Odontol\u00f3gicas"},"content":{"rendered":"<p style=\"text-align: justify;\">El Programa de Ciencias Odontol\u00f3gicas Aplicadas ofrece cursos de Maestr\u00eda y Doctorado en las siguientes \u00e1reas de concentraci\u00f3n: Biolog\u00eda oral, Estomatolog\u00eda, Radiologia e Imaginolog\u00eda; Cirug\u00eda; Odontolog\u00eda Restauradora y Est\u00e9tica; Endodoncia; Odontopediatr\u00eda; Ortodoncia y Salud Colectiva; Patolog\u00eda Bucal, Periodoncia y Rehabilitaci\u00f3n Oral. Los Cursos de Postgrado de la FOB involucran actividades cl\u00ednicas, de laboratorio, y de investigaci\u00f3n, siendo responsable por la formaci\u00f3n docente de profesores permanentes de diversas Instituciones Educativas en todos los Estados Brasileros y en diversos pa\u00edses del Exterior.<\/p>\n<h3 style=\"text-align: justify;\">\u00c1reas de concentrac\u00edon<\/h3>\n<ul>\n<li style=\"text-align: justify;\"><a href=\"https:\/\/posgraduacao.fob.usp.br\/es\/programas\/ciencias-odontologicas-aplicadas\/estomatologia-e-biologia-oral\/\">Biolog\u00eda oral, Estomatolog\u00eda, Radiolog\u00eda y Imaginolog\u00eda<\/a><\/li>\n<li style=\"text-align: justify;\"><a href=\"https:\/\/posgraduacao.fob.usp.br\/es\/programas\/ciencias-odontologicas-aplicadas\/cirurgia\/\">Cirurg\u00eda y Traumatolog\u00eda Bucomaxilofacial<\/a><\/li>\n<li style=\"text-align: justify;\"><a href=\"https:\/\/posgraduacao.fob.usp.br\/es\/programas\/ciencias-odontologicas-aplicadas\/dentistica\/\">Odontolog\u00eda Restauradora y Est\u00e9tica<\/a><\/li>\n<li style=\"text-align: justify;\"><a href=\"https:\/\/posgraduacao.fob.usp.br\/es\/programas\/ciencias-odontologicas-aplicadas\/endodontia\/\">Endodoncia<\/a><\/li>\n<li style=\"text-align: justify;\"><a href=\"https:\/\/posgraduacao.fob.usp.br\/es\/programas\/ciencias-odontologicas-aplicadas\/odontopediatria\/\">Odontopediatr\u00eda<\/a><\/li>\n<li style=\"text-align: justify;\"><a href=\"https:\/\/posgraduacao.fob.usp.br\/es\/programas\/ciencias-odontologicas-aplicadas\/ortodontia-e-odontologia-em-saude-coletiva\/\">Ortodoncia y Salud Colectiva<\/a><\/li>\n<li style=\"text-align: justify;\"><a href=\"https:\/\/posgraduacao.fob.usp.br\/es\/programas\/ciencias-odontologicas-aplicadas\/patologia-bucal\/\">Patolog\u00eda Bucal<\/a><\/li>\n<li><a href=\"https:\/\/posgraduacao.fob.usp.br\/es\/programas\/ciencias-odontologicas-aplicadas\/periodontia\/\">Periodoncia<\/a><\/li>\n<li style=\"text-align: justify;\"><a href=\"https:\/\/posgraduacao.fob.usp.br\/es\/programas\/ciencias-odontologicas-aplicadas\/reabilitacao-oral\/\">Rehabilitaci\u00f3n Oral<\/a><\/li>\n<\/ul>","protected":false},"excerpt":{"rendered":"<p>El Programa de Ciencias Odontol\u00f3gicas Aplicadas ofrece cursos de Maestr\u00eda y Doctorado en las siguientes \u00e1reas de concentraci\u00f3n: Biolog\u00eda oral, Estomatolog\u00eda, Radiologia e Imaginolog\u00eda; Cirug\u00eda; Odontolog\u00eda Restauradora y Est\u00e9tica; Endodoncia; Odontopediatr\u00eda; Ortodoncia y Salud Colectiva; Patolog\u00eda Bucal, Periodoncia y Rehabilitaci\u00f3n Oral. Los Cursos de Postgrado de la FOB involucran actividades cl\u00ednicas, de laboratorio, y de [&hellip;]<\/p>\n","protected":false},"author":277,"featured_media":0,"parent":1046,"menu_order":0,"comment_status":"closed","ping_status":"closed","template":"","meta":{"_monsterinsights_skip_tracking":false,"_monsterinsights_sitenote_active":false,"_monsterinsights_sitenote_note":"","_monsterinsights_sitenote_category":0,"footnotes":"","_links_to":"","_links_to_target":""},"class_list":["post-835","page","type-page","status-publish","hentry","entry"],"_links":{"self":[{"href":"https:\/\/posgraduacao.fob.usp.br\/es\/wp-json\/wp\/v2\/pages\/835","targetHints":{"allow":["GET"]}}],"collection":[{"href":"https:\/\/posgraduacao.fob.usp.br\/es\/wp-json\/wp\/v2\/pages"}],"about":[{"href":"https:\/\/posgraduacao.fob.usp.br\/es\/wp-json\/wp\/v2\/types\/page"}],"author":[{"embeddable":true,"href":"https:\/\/posgraduacao.fob.usp.br\/es\/wp-json\/wp\/v2\/users\/277"}],"replies":[{"embeddable":true,"href":"https:\/\/posgraduacao.fob.usp.br\/es\/wp-json\/wp\/v2\/comments?post=835"}],"version-history":[{"count":4,"href":"https:\/\/posgraduacao.fob.usp.br\/es\/wp-json\/wp\/v2\/pages\/835\/revisions"}],"predecessor-version":[{"id":5282,"href":"https:\/\/posgraduacao.fob.usp.br\/es\/wp-json\/wp\/v2\/pages\/835\/revisions\/5282"}],"up":[{"embeddable":true,"href":"https:\/\/posgraduacao.fob.usp.br\/es\/wp-json\/wp\/v2\/pages\/1046"}],"wp:attachment":[{"href":"https:\/\/posgraduacao.fob.usp.br\/es\/wp-json\/wp\/v2\/media?parent=835"}],"curies":[{"name":"wp","href":"https:\/\/api.w.org\/{rel}","templated":true}]}}