{"id":838,"date":"2016-08-15T09:25:56","date_gmt":"2016-08-15T12:25:56","guid":{"rendered":"http:\/\/sites.usp.br\/fobposgraduacao\/?page_id=838"},"modified":"2023-01-31T10:10:57","modified_gmt":"2023-01-31T13:10:57","slug":"fonoaudiologia","status":"publish","type":"page","link":"https:\/\/posgraduacao.fob.usp.br\/es\/programas\/fonoaudiologia\/","title":{"rendered":"Fonoaudiolog\u00eda"},"content":{"rendered":"<p style=\"text-align: justify;\">El programa de Postgrado en Fonoaudiolog\u00eda tiene como objetivo desarrollar actividades did\u00e1cticas e investigativas enfocadas en la comunicaci\u00f3n y las funciones orofaciales y su interrelaci\u00f3n con otras ciencias.\u00a0 El curso est\u00e1 orientado al estudio de los procesos y disturbios de la comunicaci\u00f3n humana, con el fin de proveer a estudiantes\/investigadores un alto nivel de competencia acad\u00e9mica en la producci\u00f3n y difusi\u00f3n de conocimientos cl\u00ednicos, respetando el rigor cient\u00edfico y \u00e9tico.<\/p>\n<p style=\"text-align: justify;\">El programa posee proyectos enfocados en la promoci\u00f3n de la salud, prevenci\u00f3n, diagn\u00f3stico y rehabilitaci\u00f3n de la comunicaci\u00f3n y las funciones orofaciales, as\u00ed como en las tecnolog\u00edas de informaci\u00f3n y comunicaci\u00f3n, favoreciendo las pol\u00edticas p\u00fablicas. El programa cuenta con laboratorios de investigaci\u00f3n, equipados por medio de subsidios a la investigaci\u00f3n, adem\u00e1s de convenios t\u00e9cnicos y cient\u00edficos que proveen a los estudiantes un alto nivel de educaci\u00f3n y permiten una adecuada producci\u00f3n t\u00e9cnica y bibliogr\u00e1fica por parte de los alumnos y docentes.<\/p>\n<p style=\"text-align: justify;\"><a href=\"http:\/\/posgraduacao.fob.usp.br\/es\/programas\/fonoaudiologia\/informacao\/\">Mas informaciones<\/a><\/p>","protected":false},"excerpt":{"rendered":"<p>El programa de Postgrado en Fonoaudiolog\u00eda tiene como objetivo desarrollar actividades did\u00e1cticas e investigativas enfocadas en la comunicaci\u00f3n y las funciones orofaciales y su interrelaci\u00f3n con otras ciencias.\u00a0 El curso est\u00e1 orientado al estudio de los procesos y disturbios de la comunicaci\u00f3n humana, con el fin de proveer a estudiantes\/investigadores un alto nivel de competencia [&hellip;]<\/p>\n","protected":false},"author":277,"featured_media":0,"parent":1046,"menu_order":0,"comment_status":"closed","ping_status":"closed","template":"","meta":{"_monsterinsights_skip_tracking":false,"_monsterinsights_sitenote_active":false,"_monsterinsights_sitenote_note":"","_monsterinsights_sitenote_category":0,"footnotes":"","_links_to":"","_links_to_target":""},"class_list":["post-838","page","type-page","status-publish","hentry","entry"],"_links":{"self":[{"href":"https:\/\/posgraduacao.fob.usp.br\/es\/wp-json\/wp\/v2\/pages\/838","targetHints":{"allow":["GET"]}}],"collection":[{"href":"https:\/\/posgraduacao.fob.usp.br\/es\/wp-json\/wp\/v2\/pages"}],"about":[{"href":"https:\/\/posgraduacao.fob.usp.br\/es\/wp-json\/wp\/v2\/types\/page"}],"author":[{"embeddable":true,"href":"https:\/\/posgraduacao.fob.usp.br\/es\/wp-json\/wp\/v2\/users\/277"}],"replies":[{"embeddable":true,"href":"https:\/\/posgraduacao.fob.usp.br\/es\/wp-json\/wp\/v2\/comments?post=838"}],"version-history":[{"count":4,"href":"https:\/\/posgraduacao.fob.usp.br\/es\/wp-json\/wp\/v2\/pages\/838\/revisions"}],"predecessor-version":[{"id":4964,"href":"https:\/\/posgraduacao.fob.usp.br\/es\/wp-json\/wp\/v2\/pages\/838\/revisions\/4964"}],"up":[{"embeddable":true,"href":"https:\/\/posgraduacao.fob.usp.br\/es\/wp-json\/wp\/v2\/pages\/1046"}],"wp:attachment":[{"href":"https:\/\/posgraduacao.fob.usp.br\/es\/wp-json\/wp\/v2\/media?parent=838"}],"curies":[{"name":"wp","href":"https:\/\/api.w.org\/{rel}","templated":true}]}}