{"id":899,"date":"2019-05-08T07:00:07","date_gmt":"2019-05-08T10:00:07","guid":{"rendered":"http:\/\/sites.usp.br\/fobposgraduacao\/?page_id=899"},"modified":"2025-01-30T14:37:02","modified_gmt":"2025-01-30T17:37:02","slug":"dentistica","status":"publish","type":"page","link":"https:\/\/posgraduacao.fob.usp.br\/es\/programas\/ciencias-odontologicas-aplicadas\/dentistica\/","title":{"rendered":"Odontolog\u00eda Restauradora y Est\u00e9tica"},"content":{"rendered":"<h2>L\u00edneas de investigaci\u00f3n<\/h2>\n<ul>\n<li>Propiedades Biol\u00f3gicas, Qu\u00edmicas y F\u00edsico-Mec\u00e1nicas de los Materiales Odontol\u00f3gicos<\/li>\n<li>Terapias Aplicadas a la Odontolog\u00eda<\/li>\n<li>Biolog\u00eda e Ingenier\u00eda del Sistema Estomatogn\u00e1tico<\/li>\n<li>Epidemiolog\u00eda, Prevenci\u00f3n y Aspectos Legales en Odontolog\u00eda<\/li>\n<li>Diagn\u00f3stico y Pron\u00f3stico en Odontolog\u00eda<\/li>\n<\/ul>\n<h2>Secretaria<\/h2>\n<p>Cl\u00e9lia Rita C. C. Santos<br \/>\nFono: 55 14 3235-8265<br \/>\nE-mail: dentistica@fob.usp.br<\/p>\n<p>Elizio Afonso Cardoso de Menezes<br \/>\nFono: 55 14 3235-8323 \/ 3235-8261<br \/>\nE-mail: dentistica@fob.usp.br<\/p>\n<h2>Mas informaciones<\/h2>\n<p><a href=\"https:\/\/uspdigital.usp.br\/janus\/componente\/catalogoDisciplinasInicial.jsf?action=4&amp;tipo=D&amp;codcpg=25\" target=\"_blank\" rel=\"noopener noreferrer\">Disciplinas<\/a><\/p>\n<p><a href=\"http:\/\/sites.usp.br\/fobposgraduacao2\/programas\/ciencias-odontologicas-aplicadas\/dentistica\/corpo-docente\/\">Cuerpo Docente<\/a><\/p>\n<p><a href=\"https:\/\/uspdigital.usp.br\/janus\/comum\/entrada.jsf\" target=\"_blank\" rel=\"noopener noreferrer\">Sistemas USP Janus<\/a>","protected":false},"excerpt":{"rendered":"<p>L\u00edneas de investigaci\u00f3n Propiedades Biol\u00f3gicas, Qu\u00edmicas y F\u00edsico-Mec\u00e1nicas de los Materiales Odontol\u00f3gicos Terapias Aplicadas a la Odontolog\u00eda Biolog\u00eda e Ingenier\u00eda del Sistema Estomatogn\u00e1tico Epidemiolog\u00eda, Prevenci\u00f3n y Aspectos Legales en Odontolog\u00eda Diagn\u00f3stico y Pron\u00f3stico en Odontolog\u00eda Secretaria Cl\u00e9lia Rita C. C. Santos Fono: 55 14 3235-8265 E-mail: dentistica@fob.usp.br Elizio Afonso Cardoso de Menezes Fono: 55 14 [&hellip;]<\/p>\n","protected":false},"author":277,"featured_media":0,"parent":835,"menu_order":0,"comment_status":"closed","ping_status":"closed","template":"","meta":{"_monsterinsights_skip_tracking":false,"_monsterinsights_sitenote_active":false,"_monsterinsights_sitenote_note":"","_monsterinsights_sitenote_category":0,"footnotes":"","_links_to":"","_links_to_target":""},"class_list":["post-899","page","type-page","status-publish","hentry","entry"],"_links":{"self":[{"href":"https:\/\/posgraduacao.fob.usp.br\/es\/wp-json\/wp\/v2\/pages\/899","targetHints":{"allow":["GET"]}}],"collection":[{"href":"https:\/\/posgraduacao.fob.usp.br\/es\/wp-json\/wp\/v2\/pages"}],"about":[{"href":"https:\/\/posgraduacao.fob.usp.br\/es\/wp-json\/wp\/v2\/types\/page"}],"author":[{"embeddable":true,"href":"https:\/\/posgraduacao.fob.usp.br\/es\/wp-json\/wp\/v2\/users\/277"}],"replies":[{"embeddable":true,"href":"https:\/\/posgraduacao.fob.usp.br\/es\/wp-json\/wp\/v2\/comments?post=899"}],"version-history":[{"count":4,"href":"https:\/\/posgraduacao.fob.usp.br\/es\/wp-json\/wp\/v2\/pages\/899\/revisions"}],"predecessor-version":[{"id":5799,"href":"https:\/\/posgraduacao.fob.usp.br\/es\/wp-json\/wp\/v2\/pages\/899\/revisions\/5799"}],"up":[{"embeddable":true,"href":"https:\/\/posgraduacao.fob.usp.br\/es\/wp-json\/wp\/v2\/pages\/835"}],"wp:attachment":[{"href":"https:\/\/posgraduacao.fob.usp.br\/es\/wp-json\/wp\/v2\/media?parent=899"}],"curies":[{"name":"wp","href":"https:\/\/api.w.org\/{rel}","templated":true}]}}