{"id":904,"date":"2016-08-15T14:33:52","date_gmt":"2016-08-15T17:33:52","guid":{"rendered":"http:\/\/sites.usp.br\/fobposgraduacao\/?page_id=904"},"modified":"2025-01-30T14:40:48","modified_gmt":"2025-01-30T17:40:48","slug":"corpo-docente","status":"publish","type":"page","link":"https:\/\/posgraduacao.fob.usp.br\/es\/programas\/ciencias-odontologicas-aplicadas\/dentistica\/corpo-docente\/","title":{"rendered":"Cuerpo docente"},"content":{"rendered":"<h2>\u00a0Odontolog\u00eda Restauradora y Est\u00e9tica<\/h2>\n<p><a href=\"http:\/\/sites.usp.br\/fobposgraduacao2\/wp-content\/uploads\/sites\/155\/2016\/08\/adilson_yoshio.jpg\"><img decoding=\"async\" class=\"alignnone size-thumbnail wp-image-1260\" src=\"http:\/\/sites.usp.br\/fobposgraduacao2\/wp-content\/uploads\/sites\/155\/2016\/08\/adilson_yoshio-150x150.jpg\" alt=\"Adilson Yoshio Furuse\" width=\"150\" height=\"150\" srcset=\"https:\/\/posgraduacao.fob.usp.br\/wp-content\/uploads\/sites\/731\/2016\/08\/adilson_yoshio-150x150.jpg 150w, https:\/\/posgraduacao.fob.usp.br\/wp-content\/uploads\/sites\/731\/2016\/08\/adilson_yoshio-45x45.jpg 45w, https:\/\/posgraduacao.fob.usp.br\/wp-content\/uploads\/sites\/731\/2016\/08\/adilson_yoshio-200x200.jpg 200w, https:\/\/posgraduacao.fob.usp.br\/wp-content\/uploads\/sites\/731\/2016\/08\/adilson_yoshio.jpg 227w\" sizes=\"(max-width: 150px) 100vw, 150px\" \/><\/a>Prof. Dr. Adilson Yoshio Furuse &#8211; <a href=\"http:\/\/lattes.cnpq.br\/0772040483672806\">Lattes<\/a><\/p>\n<p><a href=\"http:\/\/sites.usp.br\/fobposgraduacao\/wp-content\/uploads\/sites\/155\/2016\/08\/ana_flavia_sanches_borges.jpg\"><img decoding=\"async\" class=\"alignnone size-thumbnail wp-image-908\" src=\"http:\/\/sites.usp.br\/fobposgraduacao\/wp-content\/uploads\/sites\/155\/2016\/08\/ana_flavia_sanches_borges-150x150.jpg\" alt=\"Ana Fl\u00e1via Sanches Borges\" width=\"150\" height=\"150\" srcset=\"https:\/\/posgraduacao.fob.usp.br\/wp-content\/uploads\/sites\/731\/2016\/08\/ana_flavia_sanches_borges-150x150.jpg 150w, https:\/\/posgraduacao.fob.usp.br\/wp-content\/uploads\/sites\/731\/2016\/08\/ana_flavia_sanches_borges-300x300.jpg 300w, https:\/\/posgraduacao.fob.usp.br\/wp-content\/uploads\/sites\/731\/2016\/08\/ana_flavia_sanches_borges-45x45.jpg 45w, https:\/\/posgraduacao.fob.usp.br\/wp-content\/uploads\/sites\/731\/2016\/08\/ana_flavia_sanches_borges-200x200.jpg 200w, https:\/\/posgraduacao.fob.usp.br\/wp-content\/uploads\/sites\/731\/2016\/08\/ana_flavia_sanches_borges-400x400.jpg 400w, https:\/\/posgraduacao.fob.usp.br\/wp-content\/uploads\/sites\/731\/2016\/08\/ana_flavia_sanches_borges.jpg 472w\" sizes=\"(max-width: 150px) 100vw, 150px\" \/><\/a>Profa. Dra. Ana Fl\u00e1via Sanches Borges &#8211; <a href=\"http:\/\/lattes.cnpq.br\/4876092129193773\">Lattes<\/a><\/p>\n<p><a href=\"http:\/\/sites.usp.br\/fobposgraduacao2\/wp-content\/uploads\/sites\/155\/2016\/08\/Diana.jpg\"><img decoding=\"async\" class=\"alignnone size-thumbnail wp-image-1897\" src=\"http:\/\/sites.usp.br\/fobposgraduacao2\/wp-content\/uploads\/sites\/155\/2016\/08\/Diana-150x150.jpg\" alt=\"\" width=\"150\" height=\"150\" srcset=\"https:\/\/posgraduacao.fob.usp.br\/wp-content\/uploads\/sites\/731\/2016\/08\/Diana-150x150.jpg 150w, https:\/\/posgraduacao.fob.usp.br\/wp-content\/uploads\/sites\/731\/2016\/08\/Diana-45x45.jpg 45w, https:\/\/posgraduacao.fob.usp.br\/wp-content\/uploads\/sites\/731\/2016\/08\/Diana-200x200.jpg 200w\" sizes=\"(max-width: 150px) 100vw, 150px\" \/><\/a>Profa. Dra. Diana Gabriela de Sousa Soares &#8211; <a href=\"http:\/\/lattes.cnpq.br\/1231663220069407\">Lattes<\/a><\/p>\n<p><a href=\"http:\/\/sites.usp.br\/fobposgraduacao2\/wp-content\/uploads\/sites\/155\/2016\/08\/heitor_honorio.jpg\"><img loading=\"lazy\" decoding=\"async\" class=\"alignnone wp-image-1140\" src=\"http:\/\/sites.usp.br\/fobposgraduacao2\/wp-content\/uploads\/sites\/155\/2016\/08\/heitor_honorio.jpg\" alt=\"Heitor Marques Hon\u00f3rio\" width=\"150\" height=\"150\" srcset=\"https:\/\/posgraduacao.fob.usp.br\/wp-content\/uploads\/sites\/731\/2016\/08\/heitor_honorio.jpg 227w, https:\/\/posgraduacao.fob.usp.br\/wp-content\/uploads\/sites\/731\/2016\/08\/heitor_honorio-150x150.jpg 150w, https:\/\/posgraduacao.fob.usp.br\/wp-content\/uploads\/sites\/731\/2016\/08\/heitor_honorio-45x45.jpg 45w, https:\/\/posgraduacao.fob.usp.br\/wp-content\/uploads\/sites\/731\/2016\/08\/heitor_honorio-200x200.jpg 200w\" sizes=\"(max-width: 150px) 100vw, 150px\" \/><\/a> Prof. Dr. Heitor Marques Hon\u00f3rio &#8211; <a href=\"http:\/\/lattes.cnpq.br\/8784524451997210\">Lattes<\/a><\/p>\n<p><a href=\"http:\/\/sites.usp.br\/fobposgraduacao2\/wp-content\/uploads\/sites\/155\/2018\/03\/Juliana_Fraga_Bombonatti.jpg\"><img loading=\"lazy\" decoding=\"async\" class=\"alignnone wp-image-1782\" src=\"http:\/\/sites.usp.br\/fobposgraduacao2\/wp-content\/uploads\/sites\/155\/2018\/03\/Juliana_Fraga_Bombonatti-300x300.jpg\" alt=\"\" width=\"151\" height=\"151\" srcset=\"https:\/\/posgraduacao.fob.usp.br\/wp-content\/uploads\/sites\/731\/2018\/03\/Juliana_Fraga_Bombonatti-300x300.jpg 300w, https:\/\/posgraduacao.fob.usp.br\/wp-content\/uploads\/sites\/731\/2018\/03\/Juliana_Fraga_Bombonatti-150x150.jpg 150w, https:\/\/posgraduacao.fob.usp.br\/wp-content\/uploads\/sites\/731\/2018\/03\/Juliana_Fraga_Bombonatti-45x45.jpg 45w, https:\/\/posgraduacao.fob.usp.br\/wp-content\/uploads\/sites\/731\/2018\/03\/Juliana_Fraga_Bombonatti-200x200.jpg 200w, https:\/\/posgraduacao.fob.usp.br\/wp-content\/uploads\/sites\/731\/2018\/03\/Juliana_Fraga_Bombonatti-400x400.jpg 400w, https:\/\/posgraduacao.fob.usp.br\/wp-content\/uploads\/sites\/731\/2018\/03\/Juliana_Fraga_Bombonatti.jpg 472w\" sizes=\"(max-width: 151px) 100vw, 151px\" \/><\/a> Profa. Dra. Juliana Fraga Soares Bombonatti &#8211; <a href=\"http:\/\/lattes.cnpq.br\/6668137571009375\">Lattes<\/a><\/p>\n<p><a href=\"http:\/\/sites.usp.br\/fobposgraduacao\/wp-content\/uploads\/sites\/155\/2016\/08\/linda_wang.jpg\"><img loading=\"lazy\" decoding=\"async\" class=\"alignnone size-thumbnail wp-image-906\" src=\"http:\/\/sites.usp.br\/fobposgraduacao\/wp-content\/uploads\/sites\/155\/2016\/08\/linda_wang-150x150.jpg\" alt=\"Linda Wang\" width=\"150\" height=\"150\" srcset=\"https:\/\/posgraduacao.fob.usp.br\/wp-content\/uploads\/sites\/731\/2016\/08\/linda_wang-150x150.jpg 150w, https:\/\/posgraduacao.fob.usp.br\/wp-content\/uploads\/sites\/731\/2016\/08\/linda_wang-300x300.jpg 300w, https:\/\/posgraduacao.fob.usp.br\/wp-content\/uploads\/sites\/731\/2016\/08\/linda_wang-45x45.jpg 45w, https:\/\/posgraduacao.fob.usp.br\/wp-content\/uploads\/sites\/731\/2016\/08\/linda_wang-200x200.jpg 200w, https:\/\/posgraduacao.fob.usp.br\/wp-content\/uploads\/sites\/731\/2016\/08\/linda_wang-400x400.jpg 400w, https:\/\/posgraduacao.fob.usp.br\/wp-content\/uploads\/sites\/731\/2016\/08\/linda_wang.jpg 472w\" sizes=\"(max-width: 150px) 100vw, 150px\" \/><\/a>Profa. Dra. Linda Wang &#8211; <a href=\"http:\/\/lattes.cnpq.br\/2638472390122470\">Lattes<\/a><\/p>\n<p><a href=\"http:\/\/sites.usp.br\/fobposgraduacao\/wp-content\/uploads\/sites\/155\/2016\/08\/paulo_afonso_francisconi.jpg\"><img loading=\"lazy\" decoding=\"async\" class=\"alignnone wp-image-909\" src=\"http:\/\/sites.usp.br\/fobposgraduacao\/wp-content\/uploads\/sites\/155\/2016\/08\/paulo_afonso_francisconi-150x150.jpg\" alt=\"Paulo Afonso Silveira Francisconi\" width=\"150\" height=\"150\" srcset=\"https:\/\/posgraduacao.fob.usp.br\/wp-content\/uploads\/sites\/731\/2016\/08\/paulo_afonso_francisconi-150x150.jpg 150w, https:\/\/posgraduacao.fob.usp.br\/wp-content\/uploads\/sites\/731\/2016\/08\/paulo_afonso_francisconi-300x300.jpg 300w, https:\/\/posgraduacao.fob.usp.br\/wp-content\/uploads\/sites\/731\/2016\/08\/paulo_afonso_francisconi-45x45.jpg 45w, https:\/\/posgraduacao.fob.usp.br\/wp-content\/uploads\/sites\/731\/2016\/08\/paulo_afonso_francisconi-200x200.jpg 200w, https:\/\/posgraduacao.fob.usp.br\/wp-content\/uploads\/sites\/731\/2016\/08\/paulo_afonso_francisconi-400x400.jpg 400w, https:\/\/posgraduacao.fob.usp.br\/wp-content\/uploads\/sites\/731\/2016\/08\/paulo_afonso_francisconi.jpg 472w\" sizes=\"(max-width: 150px) 100vw, 150px\" \/><\/a>Prof. Dr. Paulo Afonso Silveira Francisconi &#8211; <a href=\"http:\/\/lattes.cnpq.br\/4026385620274250\">Lattes<\/a><\/p>\n<p><a href=\"http:\/\/sites.usp.br\/fobposgraduacao\/wp-content\/uploads\/sites\/155\/2016\/08\/rafael_francisco_lia_mondelli.jpg\"><img loading=\"lazy\" decoding=\"async\" class=\"alignnone size-thumbnail wp-image-817\" src=\"http:\/\/sites.usp.br\/fobposgraduacao\/wp-content\/uploads\/sites\/155\/2016\/08\/rafael_francisco_lia_mondelli-150x150.jpg\" alt=\"Rafael Francisco Lia Mondelli\" width=\"150\" height=\"150\" srcset=\"https:\/\/posgraduacao.fob.usp.br\/wp-content\/uploads\/sites\/731\/2016\/08\/rafael_francisco_lia_mondelli-150x150.jpg 150w, https:\/\/posgraduacao.fob.usp.br\/wp-content\/uploads\/sites\/731\/2016\/08\/rafael_francisco_lia_mondelli-300x300.jpg 300w, https:\/\/posgraduacao.fob.usp.br\/wp-content\/uploads\/sites\/731\/2016\/08\/rafael_francisco_lia_mondelli-45x45.jpg 45w, https:\/\/posgraduacao.fob.usp.br\/wp-content\/uploads\/sites\/731\/2016\/08\/rafael_francisco_lia_mondelli-200x200.jpg 200w, https:\/\/posgraduacao.fob.usp.br\/wp-content\/uploads\/sites\/731\/2016\/08\/rafael_francisco_lia_mondelli-400x400.jpg 400w, https:\/\/posgraduacao.fob.usp.br\/wp-content\/uploads\/sites\/731\/2016\/08\/rafael_francisco_lia_mondelli.jpg 472w\" sizes=\"(max-width: 150px) 100vw, 150px\" \/><\/a>Prof. Dr. Rafael Francisco Lia Mondelli &#8211; <a href=\"http:\/\/lattes.cnpq.br\/6421742596841278\">Lattes<\/a><\/p>\n<p><a href=\"http:\/\/sites.usp.br\/fobposgraduacao\/wp-content\/uploads\/sites\/155\/2016\/08\/sergio.jpg\"><img loading=\"lazy\" decoding=\"async\" class=\"alignnone size-thumbnail wp-image-907\" src=\"http:\/\/sites.usp.br\/fobposgraduacao\/wp-content\/uploads\/sites\/155\/2016\/08\/sergio-150x150.jpg\" alt=\"S\u00e9rgio Kiyoshi Ishikirama\" width=\"150\" height=\"150\" srcset=\"https:\/\/posgraduacao.fob.usp.br\/wp-content\/uploads\/sites\/731\/2016\/08\/sergio-150x150.jpg 150w, https:\/\/posgraduacao.fob.usp.br\/wp-content\/uploads\/sites\/731\/2016\/08\/sergio-300x300.jpg 300w, https:\/\/posgraduacao.fob.usp.br\/wp-content\/uploads\/sites\/731\/2016\/08\/sergio-45x45.jpg 45w, https:\/\/posgraduacao.fob.usp.br\/wp-content\/uploads\/sites\/731\/2016\/08\/sergio-200x200.jpg 200w, https:\/\/posgraduacao.fob.usp.br\/wp-content\/uploads\/sites\/731\/2016\/08\/sergio-400x400.jpg 400w, https:\/\/posgraduacao.fob.usp.br\/wp-content\/uploads\/sites\/731\/2016\/08\/sergio.jpg 472w\" sizes=\"(max-width: 150px) 100vw, 150px\" \/><\/a>Prof. Dr. S\u00e9rgio Kiyoshi Ishikirama &#8211; <a href=\"http:\/\/lattes.cnpq.br\/9280603706840832\">Lattes<\/a>","protected":false},"excerpt":{"rendered":"<p>\u00a0Odontolog\u00eda Restauradora y Est\u00e9tica Prof. Dr. Adilson Yoshio Furuse &#8211; Lattes Profa. Dra. Ana Fl\u00e1via Sanches Borges &#8211; Lattes Profa. Dra. Diana Gabriela de Sousa Soares &#8211; Lattes Prof. Dr. Heitor Marques Hon\u00f3rio &#8211; Lattes Profa. Dra. Juliana Fraga Soares Bombonatti &#8211; Lattes Profa. Dra. Linda Wang &#8211; Lattes Prof. Dr. Paulo Afonso Silveira Francisconi [&hellip;]<\/p>\n","protected":false},"author":277,"featured_media":0,"parent":899,"menu_order":0,"comment_status":"closed","ping_status":"closed","template":"","meta":{"_monsterinsights_skip_tracking":false,"_monsterinsights_sitenote_active":false,"_monsterinsights_sitenote_note":"","_monsterinsights_sitenote_category":0,"footnotes":"","_links_to":"","_links_to_target":""},"class_list":["post-904","page","type-page","status-publish","hentry","entry"],"_links":{"self":[{"href":"https:\/\/posgraduacao.fob.usp.br\/es\/wp-json\/wp\/v2\/pages\/904","targetHints":{"allow":["GET"]}}],"collection":[{"href":"https:\/\/posgraduacao.fob.usp.br\/es\/wp-json\/wp\/v2\/pages"}],"about":[{"href":"https:\/\/posgraduacao.fob.usp.br\/es\/wp-json\/wp\/v2\/types\/page"}],"author":[{"embeddable":true,"href":"https:\/\/posgraduacao.fob.usp.br\/es\/wp-json\/wp\/v2\/users\/277"}],"replies":[{"embeddable":true,"href":"https:\/\/posgraduacao.fob.usp.br\/es\/wp-json\/wp\/v2\/comments?post=904"}],"version-history":[{"count":4,"href":"https:\/\/posgraduacao.fob.usp.br\/es\/wp-json\/wp\/v2\/pages\/904\/revisions"}],"predecessor-version":[{"id":5801,"href":"https:\/\/posgraduacao.fob.usp.br\/es\/wp-json\/wp\/v2\/pages\/904\/revisions\/5801"}],"up":[{"embeddable":true,"href":"https:\/\/posgraduacao.fob.usp.br\/es\/wp-json\/wp\/v2\/pages\/899"}],"wp:attachment":[{"href":"https:\/\/posgraduacao.fob.usp.br\/es\/wp-json\/wp\/v2\/media?parent=904"}],"curies":[{"name":"wp","href":"https:\/\/api.w.org\/{rel}","templated":true}]}}