{"id":1026,"date":"2016-08-16T16:33:39","date_gmt":"2016-08-16T19:33:39","guid":{"rendered":"http:\/\/sites.usp.br\/fobposgraduacao\/?page_id=1026"},"modified":"2020-10-13T13:48:33","modified_gmt":"2020-10-13T16:48:33","slug":"manual-de-teses","status":"publish","type":"page","link":"https:\/\/posgraduacao.fob.usp.br\/pb\/manual-de-teses\/","title":{"rendered":"Disserta\u00e7\u00f5es e Teses"},"content":{"rendered":"<h2>Guias para elabora\u00e7\u00e3o das disserta\u00e7\u00f5es e teses<\/h2>\n<p>As disserta\u00e7\u00f5es e teses dever\u00e3o ser elaboradas de acordo com as normas<br \/>\nvigentes para elabora\u00e7\u00e3o de trabalhos acad\u00eamicos.<br \/>\nAs orienta\u00e7\u00f5es para elabora\u00e7\u00e3o s\u00e3o de responsabilidade do Servi\u00e7o de<br \/>\nBiblioteca e Documenta\u00e7\u00e3o da FOB-USP.<\/p>\n<p>As orienta\u00e7\u00f5es, os guias e os gabaritos est\u00e3o dispon\u00edveis no endere\u00e7o <a href=\"http:\/\/sddinforma.fob.usp.br\/dissertacoes-e-teses\/\">http:\/\/sddinforma.fob.usp.br\/dissertacoes-e-teses\/<\/a><\/p>\n<p>&nbsp;<\/p>\n<h1><a href=\"https:\/\/www.teses.usp.br\/\"> \u27a1 Biblioteca Digital de Teses e Disserta\u00e7\u00f5es da USP<\/a><\/h1>","protected":false},"excerpt":{"rendered":"<p>Guias para elabora\u00e7\u00e3o das disserta\u00e7\u00f5es e teses As disserta\u00e7\u00f5es e teses dever\u00e3o ser elaboradas de acordo com as normas vigentes para elabora\u00e7\u00e3o de trabalhos acad\u00eamicos. As orienta\u00e7\u00f5es para elabora\u00e7\u00e3o s\u00e3o de responsabilidade do Servi\u00e7o de Biblioteca e Documenta\u00e7\u00e3o da FOB-USP. As orienta\u00e7\u00f5es, os guias e os gabaritos est\u00e3o dispon\u00edveis no endere\u00e7o http:\/\/sddinforma.fob.usp.br\/dissertacoes-e-teses\/ &nbsp; \u27a1 Biblioteca [&hellip;]<\/p>\n","protected":false},"author":277,"featured_media":0,"parent":0,"menu_order":0,"comment_status":"closed","ping_status":"closed","template":"","meta":{"_monsterinsights_skip_tracking":false,"_monsterinsights_sitenote_active":false,"_monsterinsights_sitenote_note":"","_monsterinsights_sitenote_category":0,"footnotes":"","_links_to":"","_links_to_target":""},"class_list":["post-1026","page","type-page","status-publish","hentry","entry"],"_links":{"self":[{"href":"https:\/\/posgraduacao.fob.usp.br\/pb\/wp-json\/wp\/v2\/pages\/1026","targetHints":{"allow":["GET"]}}],"collection":[{"href":"https:\/\/posgraduacao.fob.usp.br\/pb\/wp-json\/wp\/v2\/pages"}],"about":[{"href":"https:\/\/posgraduacao.fob.usp.br\/pb\/wp-json\/wp\/v2\/types\/page"}],"author":[{"embeddable":true,"href":"https:\/\/posgraduacao.fob.usp.br\/pb\/wp-json\/wp\/v2\/users\/277"}],"replies":[{"embeddable":true,"href":"https:\/\/posgraduacao.fob.usp.br\/pb\/wp-json\/wp\/v2\/comments?post=1026"}],"version-history":[{"count":4,"href":"https:\/\/posgraduacao.fob.usp.br\/pb\/wp-json\/wp\/v2\/pages\/1026\/revisions"}],"predecessor-version":[{"id":3597,"href":"https:\/\/posgraduacao.fob.usp.br\/pb\/wp-json\/wp\/v2\/pages\/1026\/revisions\/3597"}],"wp:attachment":[{"href":"https:\/\/posgraduacao.fob.usp.br\/pb\/wp-json\/wp\/v2\/media?parent=1026"}],"curies":[{"name":"wp","href":"https:\/\/api.w.org\/{rel}","templated":true}]}}