{"id":1031,"date":"2016-08-16T16:47:47","date_gmt":"2016-08-16T19:47:47","guid":{"rendered":"http:\/\/sites.usp.br\/fobposgraduacao\/?page_id=1031"},"modified":"2026-02-09T15:18:13","modified_gmt":"2026-02-09T18:18:13","slug":"legislacao","status":"publish","type":"page","link":"https:\/\/posgraduacao.fob.usp.br\/pb\/legislacao\/","title":{"rendered":"Legisla\u00e7\u00e3o"},"content":{"rendered":"<h2>Em vigor<\/h2>\n<p><a href=\"https:\/\/prpg.usp.br\/pt-br\/apoio-administrativo\/legislacoes\/regimento-da-prpg\">Regimento da P\u00f3s-Gradua\u00e7\u00e3o<\/a><\/p>\n<p><a href=\"https:\/\/posgraduacao.fob.usp.br\/wp-content\/uploads\/sites\/731\/2025\/03\/8767_ResolDOE-25Mar2025.pdf\">Regimento da Comiss\u00e3o de P\u00f3s-Gradua\u00e7\u00e3o (2025 em diante)<\/a><\/p>\n<p>Regulamento dos Programas de P\u00f3s-Gradua\u00e7\u00e3o da FOB USP<\/p>\n<ul>\n<li><a href=\"https:\/\/posgraduacao.fob.usp.br\/wp-content\/uploads\/sites\/731\/2025\/03\/8768_ResolDOE_25Mar2025.pdf\">Ci\u00eancias Odontol\u00f3gicas Aplicadas &#8211; Resolu\u00e7\u00e3o n\u00ba 7493\/2018 e Resolu\u00e7\u00e3o CoPGr 8768, de 24 de mar\u00e7o de 2025.<\/a><\/li>\n<li><a href=\"https:\/\/posgraduacao.fob.usp.br\/wp-content\/uploads\/sites\/731\/2025\/11\/8876_ResolDOE_07Nov2025.pdf\">Fonoaudiologia &#8211; Resolu\u00e7\u00e3o n\u00ba 7493\/2018 e Resolu\u00e7\u00e3o CoPGr n\u00ba 8876, de 06 de novembro de 2025.<\/a><\/li>\n<\/ul>\n<h2><\/h2>\n<h2>Revogados<\/h2>\n<p>Regulamentos da CCP de programa FOB USP<\/p>\n<ul>\n<li><a href=\"https:\/\/posgraduacao.fob.usp.br\/wp-content\/uploads\/sites\/731\/2022\/09\/8333_AprovDOE_29Set2022.pdf\">Ci\u00eancias Odontol\u00f3gicas Aplicadas &#8211; Resolu\u00e7\u00e3o n\u00ba 7493\/2018 e<\/a><a href=\"https:\/\/posgraduacao.fob.usp.br\/wp-content\/uploads\/sites\/731\/2025\/11\/8876_ResolDOE_07Nov2025.pdf\">\u00a0<\/a><a href=\"https:\/\/posgraduacao.fob.usp.br\/wp-content\/uploads\/sites\/731\/2022\/09\/8333_AprovDOE_29Set2022.pdf\">Resolu\u00e7\u00e3o CoPGr 8333 , de 29 de setembro de 2022.<\/a><\/li>\n<li><a href=\"https:\/\/posgraduacao.fob.usp.br\/wp-content\/uploads\/sites\/731\/2021\/05\/FOB_CienciasOdontologicasAplicadas_AlteracaoAprovadaCaN_12Mai2021.pdf\">Ci\u00eancias Odontol\u00f3gicas Aplicadas &#8211; Resolu\u00e7\u00e3o n\u00ba 7493\/2018 e Resolu\u00e7\u00e3o CoPGr 8089 , de 21 de maio de 2021.<\/a><\/li>\n<li><a href=\"http:\/\/leginf.usp.br\/?resolucao=resolucao-copgr-6780-de-01-de-abril-de-2014\">Ci\u00eancias Odontol\u00f3gicas Aplicadas &#8211; Resolu\u00e7\u00e3o CoPGr-6.780, de 1\u00ba-4-2014<\/a><\/li>\n<\/ul>\n<p>&nbsp;<\/p>\n<ul>\n<li><a href=\"https:\/\/posgraduacao.fob.usp.br\/wp-content\/uploads\/sites\/731\/2022\/04\/FOB_Fono_publicacao-1.pdf\">Fonoaudiologia &#8211; <\/a><a href=\"https:\/\/posgraduacao.fob.usp.br\/wp-content\/uploads\/sites\/731\/2022\/04\/FOB_Fono_publicacao-1.pdf\">Resolu\u00e7\u00e3o n\u00ba 7493\/2018 e Resolu\u00e7\u00e3o CoPGr 8211, de 1\u00ba de abril de 2022<\/a><\/li>\n<li><a href=\"https:\/\/posgraduacao.fob.usp.br\/wp-content\/uploads\/sites\/731\/2021\/05\/FOB_Fonoaudiologia_AlteracaoAprovadaCaN_12Mai2021.pdf\">Fonoaudiologia &#8211; Resolu\u00e7\u00e3o n\u00ba 7493\/2018 e Resolu\u00e7\u00e3o CoPGr 8090 , de 21 de maio de 2021.<\/a><\/li>\n<li><a href=\"http:\/\/leginf.usp.br\/?resolucao=resolucao-copgr-6781-de-01-de-abril-de-2014\">Fonoaudiologia &#8211; Resolu\u00e7\u00e3o CoPGr-6.781, de 1\u00ba-4-2014<\/a><\/li>\n<\/ul>\n<p>&nbsp;<\/p>\n<p><a href=\"https:\/\/leginf.usp.br\/?resolucao=resolucao-copgr-6695-de-22-de-janeiro-de-2014\">Regimento da Comiss\u00e3o de P\u00f3s-Gradua\u00e7\u00e3o (2014)<\/a><\/p>\n<p><a href=\"http:\/\/leginf.usp.br\/?resolucao=resolucao-copgr-no-7632-de-20-de-marco-de-2019\">Regimento da Comiss\u00e3o de P\u00f3s-Gradua\u00e7\u00e3o<\/a> (2019)<\/p>\n<p>&nbsp;<\/p>\n<h2><span style=\"color: #000080;\">Legisla\u00e7\u00f5es PRPG(Circulares, Portarias, Resolu\u00e7\u00f5es)<\/span><\/h2>\n<p><span style=\"color: #000080;\"><strong><br \/>\n<\/strong><\/span><a href=\"https:\/\/prpg.usp.br\/index.php\/pt-br\/apoio-administrativo\/legislacoes\"><span style=\"color: #000080;\"><span style=\"color: #000000;\">Legisla\u00e7\u00f5es &#8211; Pr\u00f3-Reitoria de P\u00f3s-Gradua\u00e7\u00e3o &#8211; USP<\/span><\/span><\/a><\/p>\n<h2><\/h2>","protected":false},"excerpt":{"rendered":"<p>Em vigor Regimento da P\u00f3s-Gradua\u00e7\u00e3o Regimento da Comiss\u00e3o de P\u00f3s-Gradua\u00e7\u00e3o (2025 em diante) Regulamento dos Programas de P\u00f3s-Gradua\u00e7\u00e3o da FOB USP Ci\u00eancias Odontol\u00f3gicas Aplicadas &#8211; Resolu\u00e7\u00e3o n\u00ba 7493\/2018 e Resolu\u00e7\u00e3o CoPGr 8768, de 24 de mar\u00e7o de 2025. Fonoaudiologia &#8211; Resolu\u00e7\u00e3o n\u00ba 7493\/2018 e Resolu\u00e7\u00e3o CoPGr n\u00ba 8876, de 06 de novembro de 2025. Revogados [&hellip;]<\/p>\n","protected":false},"author":277,"featured_media":0,"parent":0,"menu_order":0,"comment_status":"closed","ping_status":"closed","template":"","meta":{"_monsterinsights_skip_tracking":false,"_monsterinsights_sitenote_active":false,"_monsterinsights_sitenote_note":"","_monsterinsights_sitenote_category":0,"footnotes":"","_links_to":"","_links_to_target":""},"class_list":["post-1031","page","type-page","status-publish","hentry","entry"],"_links":{"self":[{"href":"https:\/\/posgraduacao.fob.usp.br\/pb\/wp-json\/wp\/v2\/pages\/1031","targetHints":{"allow":["GET"]}}],"collection":[{"href":"https:\/\/posgraduacao.fob.usp.br\/pb\/wp-json\/wp\/v2\/pages"}],"about":[{"href":"https:\/\/posgraduacao.fob.usp.br\/pb\/wp-json\/wp\/v2\/types\/page"}],"author":[{"embeddable":true,"href":"https:\/\/posgraduacao.fob.usp.br\/pb\/wp-json\/wp\/v2\/users\/277"}],"replies":[{"embeddable":true,"href":"https:\/\/posgraduacao.fob.usp.br\/pb\/wp-json\/wp\/v2\/comments?post=1031"}],"version-history":[{"count":4,"href":"https:\/\/posgraduacao.fob.usp.br\/pb\/wp-json\/wp\/v2\/pages\/1031\/revisions"}],"predecessor-version":[{"id":6268,"href":"https:\/\/posgraduacao.fob.usp.br\/pb\/wp-json\/wp\/v2\/pages\/1031\/revisions\/6268"}],"wp:attachment":[{"href":"https:\/\/posgraduacao.fob.usp.br\/pb\/wp-json\/wp\/v2\/media?parent=1031"}],"curies":[{"name":"wp","href":"https:\/\/api.w.org\/{rel}","templated":true}]}}