{"id":1051,"date":"2016-08-16T18:03:00","date_gmt":"2016-08-16T21:03:00","guid":{"rendered":"http:\/\/sites.usp.br\/fobposgraduacao\/?page_id=1051"},"modified":"2017-04-27T09:55:32","modified_gmt":"2017-04-27T12:55:32","slug":"links","status":"publish","type":"page","link":"https:\/\/posgraduacao.fob.usp.br\/pb\/links\/","title":{"rendered":"Links"},"content":{"rendered":"<a href=\"http:\/\/www.prpg.usp.br\/index.php\/pt-br\/\" target=\"_blank\">Pr\u00f3-Reitoria de P\u00f3s-Gradua\u00e7\u00e3o da USP<\/a><\/p>\n<p><a href=\"http:\/\/www.teses.usp.br\/\" target=\"_blank\">Biblioteca Digital<\/a><\/p>\n<p><a href=\"http:\/\/www.capes.gov.br\/capes\/portal\/\" target=\"_blank\">CAPES<\/a><\/p>\n<p><a href=\"http:\/\/www.cnpq.br\/\" target=\"_blank\">CNPq<\/a><\/p>\n<p><a href=\"http:\/\/www.fapesp.br\/\" target=\"_blank\">FAPESP<\/a><\/p>\n<p><a href=\"http:\/\/www.fob.usp.br\/\">FOB<\/a><\/p>\n<p><a href=\"http:\/\/www.ccb.usp.br\/\">Prefeitura do Campus USP Bauru<\/a>","protected":false},"excerpt":{"rendered":"<p>Pr\u00f3-Reitoria de P\u00f3s-Gradua\u00e7\u00e3o da USP Biblioteca Digital CAPES CNPq FAPESP FOB Prefeitura do Campus USP Bauru<\/p>\n","protected":false},"author":277,"featured_media":0,"parent":0,"menu_order":0,"comment_status":"closed","ping_status":"closed","template":"","meta":{"_monsterinsights_skip_tracking":false,"_monsterinsights_sitenote_active":false,"_monsterinsights_sitenote_note":"","_monsterinsights_sitenote_category":0,"footnotes":"","_links_to":"","_links_to_target":""},"class_list":["post-1051","page","type-page","status-publish","hentry","entry"],"_links":{"self":[{"href":"https:\/\/posgraduacao.fob.usp.br\/pb\/wp-json\/wp\/v2\/pages\/1051","targetHints":{"allow":["GET"]}}],"collection":[{"href":"https:\/\/posgraduacao.fob.usp.br\/pb\/wp-json\/wp\/v2\/pages"}],"about":[{"href":"https:\/\/posgraduacao.fob.usp.br\/pb\/wp-json\/wp\/v2\/types\/page"}],"author":[{"embeddable":true,"href":"https:\/\/posgraduacao.fob.usp.br\/pb\/wp-json\/wp\/v2\/users\/277"}],"replies":[{"embeddable":true,"href":"https:\/\/posgraduacao.fob.usp.br\/pb\/wp-json\/wp\/v2\/comments?post=1051"}],"version-history":[{"count":4,"href":"https:\/\/posgraduacao.fob.usp.br\/pb\/wp-json\/wp\/v2\/pages\/1051\/revisions"}],"predecessor-version":[{"id":1483,"href":"https:\/\/posgraduacao.fob.usp.br\/pb\/wp-json\/wp\/v2\/pages\/1051\/revisions\/1483"}],"wp:attachment":[{"href":"https:\/\/posgraduacao.fob.usp.br\/pb\/wp-json\/wp\/v2\/media?parent=1051"}],"curies":[{"name":"wp","href":"https:\/\/api.w.org\/{rel}","templated":true}]}}