{"id":1061,"date":"2016-08-17T15:30:57","date_gmt":"2016-08-17T18:30:57","guid":{"rendered":"http:\/\/sites.usp.br\/fobposgraduacao\/?page_id=1061"},"modified":"2024-04-03T08:12:21","modified_gmt":"2024-04-03T11:12:21","slug":"alunos","status":"publish","type":"page","link":"https:\/\/posgraduacao.fob.usp.br\/pb\/alunos\/","title":{"rendered":"Aluno Ingressante"},"content":{"rendered":"<h2><strong>INFORMA\u00c7\u00d5ES AO ALUNO INGRESSANTE<\/strong><\/h2>\n<h2><span style=\"color: #000000; background-color: #ccffff;\">Formul\u00e1rio para realizar matr\u00edcula no programa:<\/span><\/h2>\n<p><span style=\"color: #000000;\">&#8211;<\/span> <a href=\"https:\/\/posgraduacao.fob.usp.br\/wp-content\/uploads\/sites\/731\/2024\/04\/MATRICULA_2-1.doc\">Formul\u00e1rio de Matr\u00edcula.<\/a><\/p>\n<p>&nbsp;<\/p>\n<p style=\"text-align: center;\"><strong>Atendimento das 08 \u00e0s 12 horas e das 14 \u00e0s 17 horas.\u00a0<\/strong><\/p>\n<p style=\"text-align: center;\">Prazo de entrega para documentos solicitados:<b>\u00a03 dias \u00fateis<\/b><\/p>\n<p><strong>\u00a0<\/strong><\/p>\n<h4><strong>Sistemas Janus<\/strong><\/h4>\n<p>Senha: acesse <a href=\"https:\/\/uspdigital.usp.br\/wsusuario\/index.jsp\"><u>uspdigital.usp.br\/janus<\/u><\/a>, clique em <strong>Primeiro acesso<\/strong> e informe seu c\u00f3digo USP para gerar uma senha. A senha ser\u00e1 encaminhada para o e-mail informado na matr\u00edcula. O aluno poder\u00e1 atualizar o e-mail direto no Sistema Janus.<\/p>\n<p>No sistema Janus o aluno dever\u00e1 realizar sua matr\u00edcula, semestralmente. Poder\u00e1, tamb\u00e9m, consultar todas as informa\u00e7\u00f5es de sua vida acad\u00eamica: disciplinas oferecidas, cr\u00e9ditos obtidos, prazos.<\/p>\n<h4><\/h4>\n<h4>E-mail USP<\/h4>\n<p>Para solicitar seu e-mail:<\/p>\n<ol class=\"X5LH0c\">\n<li class=\"TrT0Xe\">Acessar o Portal ID <b>USP<\/b> em <a href=\"https:\/\/id.usp.br\/\">id.<b>usp<\/b>.br<\/a> e clicar em Entrar.<\/li>\n<li class=\"TrT0Xe\">Informar o seu N\u00famero <b>USP<\/b> e a sua senha \u00fanica e clicar em Entrar.<\/li>\n<li class=\"TrT0Xe\">No menu esquerdo clicar em Solicitar e-<b>mail<\/b>.<\/li>\n<\/ol>\n<h4><\/h4>\n<h4>Eduroam &#8211; <strong><a href=\"https:\/\/eduroam.usp.br\/como-usar\/\">https:\/\/eduroam.usp.br\/como-usar\/<\/a><\/strong><\/h4>\n<p>&nbsp;<\/p>\n<h4><strong>Matr\u00edcula Semestral:<\/strong><\/h4>\n<p>O aluno dever\u00e1 efetuar matr\u00edcula semestralmente, nos meses de julho e janeiro. O per\u00edodo de matricula ser\u00e1 informado por e-mail autom\u00e1tico do sistema Janus.<\/p>\n<p>Op\u00e7\u00f5es de matr\u00edcula:<\/p>\n<p><strong>Matr\u00edcula de acompanhamento<\/strong> \u2013 quando o aluno n\u00e3o for cursar disciplina.<\/p>\n<p><strong>Pr\u00e9-Matr\u00edcula \u2013 matr\u00edcula em disciplinas<\/strong>. Dever\u00e1 verificar junto ao seu orientador o elenco de disciplinas que dever\u00e1 cursar.<\/p>\n<p><u>O aluno poder\u00e1 ser desligado do curso, se n\u00e3o realizar matr\u00edcula no prazo informado.<\/u><\/p>\n<p>&nbsp;<\/p>\n<p><span style=\"color: #ff0000;\"><strong>\u00a0\ud83d\ude44 NOVA MATR\u00cdCULA<\/strong><strong>:<\/strong><\/span> <strong><span style=\"color: #333399;\">Aluno desligado de outro curso USP ter\u00e1 seu reingresso considerado como Nova Matr\u00edcula e dever\u00e1 atender ao <span style=\"color: #ff0000;\">Artigo 50<\/span> do Regimento da P\u00f3s-Gradua\u00e7\u00e3o.<\/span><\/strong><\/p>\n<p><strong>Da Nova Matr\u00edcula<\/strong><\/p>\n<p><strong>Artigo 50<\/strong>\u00a0\u2013 O aluno desligado sem a realiza\u00e7\u00e3o de defesa do Mestrado ou do Doutorado e que for aprovado em novo processo seletivo ter\u00e1 seu reingresso considerado como nova matr\u00edcula.<\/p>\n<p>\u00a7 1\u00ba \u2013 Considera-se desligamento, para fins do\u00a0<em>caput<\/em>\u00a0deste artigo, a ocorr\u00eancia de um dos casos citados no art. 49 deste Regimento.<br \/>\n\u00a7 2\u00ba \u2013 A solicita\u00e7\u00e3o de nova matr\u00edcula dever\u00e1 ser instru\u00edda com os seguintes documentos:<br \/>\nI \u2013 justificativa do interessado;<br \/>\nII \u2013 anu\u00eancia do orientador;<br \/>\nIII \u2013 plano de trabalho aprovado pelo orientador;<br \/>\nIV \u2013 hist\u00f3rico escolar do antigo curso.<br \/>\n\u00a7 3\u00ba \u2013 A documenta\u00e7\u00e3o dever\u00e1 ser acompanhada de manifesta\u00e7\u00e3o da CCP apoiada em parecer circunstanciado, emitido por um relator por ela designado, e aprovado pela CPG.<br \/>\n\u00a7 4\u00ba \u2013 A nova matr\u00edcula dever\u00e1 ser efetivada pela CPG no prazo m\u00e1ximo de 60 dias, contados a partir da data do pedido.<br \/>\n\u00a7 5\u00ba \u2013 O interessado, cuja solicita\u00e7\u00e3o for aprovada, ser\u00e1 considerado aluno novo. Consequentemente, dever\u00e1 cumprir todas as exig\u00eancias a que est\u00e3o sujeitos os alunos ingressantes, podendo aproveitar os cr\u00e9ditos cursados nos \u00faltimos 36 meses, a crit\u00e9rio do orientador.<\/p>\n<h4><\/h4>\n<h4><strong>Carteirinha USP<\/strong>:<\/h4>\n<p>Para solicitar carteirinha USP, fa\u00e7a seu login no Sistema Janus e clique em <strong>Cart\u00e3o USP<\/strong>.<\/p>\n<p>1- O aluno dever\u00e1 <strong>anexar<\/strong> uma foto(com fundo branco tipo documento) digitalizada.<br \/>\n2- Solicitar o cart\u00e3o USP.<br \/>\nO aluno ser\u00e1 avisado por e-mail no momento em que a carteirinha USP estiver dispon\u00edvel na Se\u00e7\u00e3o.<\/p>\n<p><a href=\"https:\/\/atendimentosti.usp.br\/otrs\/public.pl?Action=PublicFAQZoom;ItemID=313;ZoomBackLink=QWN0aW9uPVB1YmxpY0ZBUUV4cGxvcmVyO0NhdGVnb3J5SUQ9NzU7U29ydEJ5PVRpdGxlO09yZGVy%0APVVwO1N0YXJ0SGl0PTE%3D%0A;\">E-Card (Clique aqui)<\/a><\/p>\n<p>&nbsp;<\/p>\n<h4><strong><em>Emiss\u00e3o de documentos: <\/em><\/strong><\/h4>\n<p>No Sistema Janus o aluno ter\u00e1 acesso a <strong>Ficha do aluno<\/strong>, documento que mostra sua situa\u00e7\u00e3o acad\u00eamica, e poder\u00e1 emitir a <strong>Declara\u00e7\u00f5es de Matr\u00edcula<\/strong>. (documentos oficialmente v\u00e1lidos).","protected":false},"excerpt":{"rendered":"<p>INFORMA\u00c7\u00d5ES AO ALUNO INGRESSANTE Formul\u00e1rio para realizar matr\u00edcula no programa: &#8211; Formul\u00e1rio de Matr\u00edcula. &nbsp; Atendimento das 08 \u00e0s 12 horas e das 14 \u00e0s 17 horas.\u00a0 Prazo de entrega para documentos solicitados:\u00a03 dias \u00fateis \u00a0 Sistemas Janus Senha: acesse uspdigital.usp.br\/janus, clique em Primeiro acesso e informe seu c\u00f3digo USP para gerar uma senha. A [&hellip;]<\/p>\n","protected":false},"author":277,"featured_media":0,"parent":0,"menu_order":0,"comment_status":"closed","ping_status":"closed","template":"","meta":{"_monsterinsights_skip_tracking":false,"_monsterinsights_sitenote_active":false,"_monsterinsights_sitenote_note":"","_monsterinsights_sitenote_category":0,"footnotes":"","_links_to":"","_links_to_target":""},"class_list":["post-1061","page","type-page","status-publish","hentry","entry"],"_links":{"self":[{"href":"https:\/\/posgraduacao.fob.usp.br\/pb\/wp-json\/wp\/v2\/pages\/1061","targetHints":{"allow":["GET"]}}],"collection":[{"href":"https:\/\/posgraduacao.fob.usp.br\/pb\/wp-json\/wp\/v2\/pages"}],"about":[{"href":"https:\/\/posgraduacao.fob.usp.br\/pb\/wp-json\/wp\/v2\/types\/page"}],"author":[{"embeddable":true,"href":"https:\/\/posgraduacao.fob.usp.br\/pb\/wp-json\/wp\/v2\/users\/277"}],"replies":[{"embeddable":true,"href":"https:\/\/posgraduacao.fob.usp.br\/pb\/wp-json\/wp\/v2\/comments?post=1061"}],"version-history":[{"count":5,"href":"https:\/\/posgraduacao.fob.usp.br\/pb\/wp-json\/wp\/v2\/pages\/1061\/revisions"}],"predecessor-version":[{"id":5533,"href":"https:\/\/posgraduacao.fob.usp.br\/pb\/wp-json\/wp\/v2\/pages\/1061\/revisions\/5533"}],"wp:attachment":[{"href":"https:\/\/posgraduacao.fob.usp.br\/pb\/wp-json\/wp\/v2\/media?parent=1061"}],"curies":[{"name":"wp","href":"https:\/\/api.w.org\/{rel}","templated":true}]}}