{"id":1187,"date":"2016-08-25T17:02:07","date_gmt":"2016-08-25T20:02:07","guid":{"rendered":"http:\/\/sites.usp.br\/fobposgraduacao2\/?page_id=1187"},"modified":"2024-12-13T11:31:48","modified_gmt":"2024-12-13T14:31:48","slug":"estagio-pae","status":"publish","type":"page","link":"https:\/\/posgraduacao.fob.usp.br\/pb\/estagio-pae\/","title":{"rendered":"Est\u00e1gio PAE"},"content":{"rendered":"<p style=\"text-align: justify;\">Legisla\u00e7\u00e3o do PAE , modelos de relat\u00f3rio e ficha de avalia\u00e7\u00e3o, entre outros, consultar o <a href=\"http:\/\/www.prpg.usp.br\/index.php\/pt-br\/pae\/o-que-pae\">Link da Pr\u00f3-Reitoria de P\u00f3s-Gradua\u00e7\u00e3o<\/a><\/p>\n<p>&nbsp;<\/p>\n<div class=\"elementor elementor-2942 elementor-location-single post-5547 post type-post status-publish format-standard has-post-thumbnail hentry category-destaques entry has-media\" data-elementor-type=\"single\" data-elementor-id=\"2942\" data-elementor-post-type=\"elementor_library\">\n<section class=\"elementor-section elementor-top-section elementor-element elementor-element-e9f5855 elementor-section-boxed elementor-section-height-default elementor-section-height-default\" data-id=\"e9f5855\" data-element_type=\"section\">\n<div class=\"elementor-container elementor-column-gap-default\">\n<div class=\"elementor-column elementor-col-100 elementor-top-column elementor-element elementor-element-b4ca435\" data-id=\"b4ca435\" data-element_type=\"column\">\n<div class=\"elementor-widget-wrap elementor-element-populated\">\n<div class=\"elementor-element elementor-element-57ddd61 elementor-widget elementor-widget-theme-post-content\" data-id=\"57ddd61\" data-element_type=\"widget\" data-widget_type=\"theme-post-content.default\">\n<div class=\"elementor-widget-container\"><\/div>\n<\/div>\n<\/div>\n<\/div>\n<\/div>\n<\/section>\n<\/div>\n<p>&nbsp;","protected":false},"excerpt":{"rendered":"<p>Legisla\u00e7\u00e3o do PAE , modelos de relat\u00f3rio e ficha de avalia\u00e7\u00e3o, entre outros, consultar o Link da Pr\u00f3-Reitoria de P\u00f3s-Gradua\u00e7\u00e3o &nbsp; &nbsp;<\/p>\n","protected":false},"author":277,"featured_media":0,"parent":0,"menu_order":0,"comment_status":"closed","ping_status":"closed","template":"","meta":{"_monsterinsights_skip_tracking":false,"_monsterinsights_sitenote_active":false,"_monsterinsights_sitenote_note":"","_monsterinsights_sitenote_category":0,"footnotes":"","_links_to":"","_links_to_target":""},"class_list":["post-1187","page","type-page","status-publish","hentry","entry"],"_links":{"self":[{"href":"https:\/\/posgraduacao.fob.usp.br\/pb\/wp-json\/wp\/v2\/pages\/1187","targetHints":{"allow":["GET"]}}],"collection":[{"href":"https:\/\/posgraduacao.fob.usp.br\/pb\/wp-json\/wp\/v2\/pages"}],"about":[{"href":"https:\/\/posgraduacao.fob.usp.br\/pb\/wp-json\/wp\/v2\/types\/page"}],"author":[{"embeddable":true,"href":"https:\/\/posgraduacao.fob.usp.br\/pb\/wp-json\/wp\/v2\/users\/277"}],"replies":[{"embeddable":true,"href":"https:\/\/posgraduacao.fob.usp.br\/pb\/wp-json\/wp\/v2\/comments?post=1187"}],"version-history":[{"count":4,"href":"https:\/\/posgraduacao.fob.usp.br\/pb\/wp-json\/wp\/v2\/pages\/1187\/revisions"}],"predecessor-version":[{"id":5773,"href":"https:\/\/posgraduacao.fob.usp.br\/pb\/wp-json\/wp\/v2\/pages\/1187\/revisions\/5773"}],"wp:attachment":[{"href":"https:\/\/posgraduacao.fob.usp.br\/pb\/wp-json\/wp\/v2\/media?parent=1187"}],"curies":[{"name":"wp","href":"https:\/\/api.w.org\/{rel}","templated":true}]}}