{"id":1200,"date":"2016-08-30T17:07:58","date_gmt":"2016-08-30T20:07:58","guid":{"rendered":"http:\/\/sites.usp.br\/fobposgraduacao2\/?page_id=1200"},"modified":"2016-08-30T17:07:58","modified_gmt":"2016-08-30T20:07:58","slug":"miriam-e-bullen-c","status":"publish","type":"page","link":"https:\/\/posgraduacao.fob.usp.br\/pb\/alunos-egressos\/miriam-e-bullen-c\/","title":{"rendered":"Miriam E. Bullen C."},"content":{"rendered":"<blockquote><p>&#8220;Sou panamenha, egressa da Faculdade de Odontologia de Bauru. Uma vez finalizado meu curso de gradua\u00e7\u00e3o (1983), voltei ao meu pa\u00eds para cumprir com o requisito obrigat\u00f3rio no internato em \u00e1reas de sa\u00fade p\u00fablica que o Panam\u00e1 exige a todos os profissionais da sa\u00fade, mas sempre abra\u00e7ando o sonho de voltar para Bauru e fazer a p\u00f3s-gradua\u00e7\u00e3o, pelo que vi e respirei ao meu redor na qualidade dos recursos humanos que formavam as equipes de trabalho e a produ\u00e7\u00e3o cient\u00edfica dessa escola. Assim, comecei minha p\u00f3s-gradua\u00e7\u00e3o em 1986, ao n\u00edvel de mestrado, na \u00e1rea da Dent\u00edstica da Faculdade de Odontologia de Bauru, e terminei em 1990 com a titula\u00e7\u00e3o de Doutora em Dent\u00edstica. De imediato, retornei ao meu pa\u00eds e consegui me vincular por contrata\u00e7\u00e3o de minha especialidade j\u00e1 como coordenadora, pelos t\u00edtulos acad\u00eamicos na \u00e1rea espec\u00edfica e porque aposentou o professo da \u00e1rea. Isso me proporcionou a grande oportunidade de tomar o controle dos programas da mat\u00e9ria com toda a seguran\u00e7a e confian\u00e7a que minha prepara\u00e7\u00e3o em Bauru me concedeu. N\u00e3o foi f\u00e1cil, mas os fundamentos aprendidos durante meu curso de p\u00f3s-gradua\u00e7\u00e3o contribu\u00edram enormemente para poder manejar todas as situa\u00e7\u00f5es acad\u00eamicas de resist\u00eancia que encontrei no caminho para as mudan\u00e7as conceituais, com muita propriedade e conhecimento&#8230; Mostrando a literatura, assinalando a necessidade de continuar por um caminho de cria\u00e7\u00e3o de conhecimento atrav\u00e9s da pesquisa e divulga\u00e7\u00e3o, para elevar o n\u00edvel de ensino superior da odontologia panamenha. Finalmente houve concurso em 1993 e consegui ficar no sistema como professora regular e coordenadora por concurso da disciplina. Uma vez mais, a bagagem que trazia me deu os elementos para poder sair vitoriosa desse concurso.<\/p>\n<p>Al\u00e9m disso, outro aspecto importante que marcou muito meu estilo foi o rigor na nossa forma\u00e7\u00e3o para apresenta\u00e7\u00f5es de aulas ou palestras, na qualidade de material e t\u00e9cnicas did\u00e1ticas que devem ser utilizadas nas apresenta\u00e7\u00f5es de aulas ou palestras, na qualidade de material e t\u00e9cnicas did\u00e1ticas que devem ser utilizadas nas apresenta\u00e7\u00f5es audiovisuais. Foi um complemento delicioso entre &#8220;forma e conte\u00fado&#8221; que nos ensinaram o que deve ser feito ao se dirigir ao p\u00fablico. Minha forma\u00e7\u00e3o de p\u00f3s-gradua\u00e7\u00e3o tamb\u00e9m tem me permitido ser a editora da \u00fanica revista cient\u00edfica de odontologia no nosso pa\u00eds at\u00e9 este momento, conseguindo atingir padr\u00f5es que cumprem com as nomas internacionais gerais para publica\u00e7\u00e3o de revistas e assim obter registro ISSN.<\/p>\n<p>Por outro lado, depois de 16 aos de carreira docente, tenho podido levantar exitosamente a Dire\u00e7\u00e3o do Departamento de Restauradora Dental de minha faculdade e hoje, por todo o esfor\u00e7o e trabalho gradual realizado, gra\u00e7as a minha forma\u00e7\u00e3o de p\u00f3s-gradua\u00e7\u00e3o, sou a vice-decana da faculdade at\u00e9 o ano 2010.&#8221;<\/p><\/blockquote>\n<p>Profa. Dra. Miriam E. Bullen C.<br \/>\nPanam\u00e1","protected":false},"excerpt":{"rendered":"<p>&#8220;Sou panamenha, egressa da Faculdade de Odontologia de Bauru. Uma vez finalizado meu curso de gradua\u00e7\u00e3o (1983), voltei ao meu pa\u00eds para cumprir com o requisito obrigat\u00f3rio no internato em \u00e1reas de sa\u00fade p\u00fablica que o Panam\u00e1 exige a todos os profissionais da sa\u00fade, mas sempre abra\u00e7ando o sonho de voltar para Bauru e fazer [&hellip;]<\/p>\n","protected":false},"author":277,"featured_media":0,"parent":1092,"menu_order":0,"comment_status":"closed","ping_status":"closed","template":"","meta":{"_monsterinsights_skip_tracking":false,"_monsterinsights_sitenote_active":false,"_monsterinsights_sitenote_note":"","_monsterinsights_sitenote_category":0,"footnotes":"","_links_to":"","_links_to_target":""},"class_list":["post-1200","page","type-page","status-publish","hentry","entry"],"_links":{"self":[{"href":"https:\/\/posgraduacao.fob.usp.br\/pb\/wp-json\/wp\/v2\/pages\/1200","targetHints":{"allow":["GET"]}}],"collection":[{"href":"https:\/\/posgraduacao.fob.usp.br\/pb\/wp-json\/wp\/v2\/pages"}],"about":[{"href":"https:\/\/posgraduacao.fob.usp.br\/pb\/wp-json\/wp\/v2\/types\/page"}],"author":[{"embeddable":true,"href":"https:\/\/posgraduacao.fob.usp.br\/pb\/wp-json\/wp\/v2\/users\/277"}],"replies":[{"embeddable":true,"href":"https:\/\/posgraduacao.fob.usp.br\/pb\/wp-json\/wp\/v2\/comments?post=1200"}],"version-history":[{"count":1,"href":"https:\/\/posgraduacao.fob.usp.br\/pb\/wp-json\/wp\/v2\/pages\/1200\/revisions"}],"predecessor-version":[{"id":1201,"href":"https:\/\/posgraduacao.fob.usp.br\/pb\/wp-json\/wp\/v2\/pages\/1200\/revisions\/1201"}],"up":[{"embeddable":true,"href":"https:\/\/posgraduacao.fob.usp.br\/pb\/wp-json\/wp\/v2\/pages\/1092"}],"wp:attachment":[{"href":"https:\/\/posgraduacao.fob.usp.br\/pb\/wp-json\/wp\/v2\/media?parent=1200"}],"curies":[{"name":"wp","href":"https:\/\/api.w.org\/{rel}","templated":true}]}}