{"id":1476,"date":"2017-04-27T09:47:15","date_gmt":"2017-04-27T12:47:15","guid":{"rendered":"http:\/\/sites.usp.br\/fobposgraduacao2\/?page_id=1476"},"modified":"2020-08-18T17:06:39","modified_gmt":"2020-08-18T20:06:39","slug":"biblioteca","status":"publish","type":"page","link":"https:\/\/posgraduacao.fob.usp.br\/pb\/biblioteca\/","title":{"rendered":"Biblioteca"},"content":{"rendered":"O Servi\u00e7o de Biblioteca e Documenta\u00e7\u00e3o \u201cProf. Dr. Ant\u00f4nio Gabriel Atta\u201d da FOB-USP oferece servi\u00e7os e acesso \u00e0 informa\u00e7\u00e3o, voltados \u00e0s atividades de ensino, pesquisa e extens\u00e3o do Campus USP Bauru. Junto ao Hospital de Reabilita\u00e7\u00e3o de Anomalias Craniofaciais (HRAC), atua a partir da Se\u00e7\u00e3o de Refer\u00eancia Especializada em Malforma\u00e7\u00f5es Cong\u00eanitas Craniofaciais (SRE). Em conjunto com as demais bibliotecas da Universidade, comp\u00f5e o Sistema Integrado de Bibliotecas da USP (SIBiUSP).<br \/>\nSeu <strong>acervo<\/strong> abrange especialmente as \u00e1reas de Odontologia, Fonoaudiologia, Ci\u00eancias B\u00e1sicas e da Sa\u00fade, reunindo livros e peri\u00f3dicos nacionais e internacionais (impressos e de acesso eletr\u00f4nico), com assinaturas contratadas pela Universidade e pela Capes. Re\u00fane ainda monografias, disserta\u00e7\u00f5es e teses (em formato impresso e eletr\u00f4nico), material audiovisual, obras de refer\u00eancia, normas t\u00e9cnicas e separatas de artigos. O acervo encontra-se registrado no Dedalus \u2013 Banco de Dados Bibliogr\u00e1ficos da USP (<a href=\"http:\/\/www.dedalus.usp.br\">http:\/\/www.dedalus.usp.br<\/a>).<\/p>\n<p>&nbsp;<\/p>\n<p>Disp\u00f5e tamb\u00e9m de acesso \u00e0s principais <strong>bases de dados<\/strong>, em todas as \u00e1reas do conhecimento, disponibilizado pela USP e pela Capes, tais como: Web of Science, Journal Citation Reports, Scopus, EMBASE, CINAHL, LLBA, ERIC etc.<\/p>\n<p>Dentre seus <strong>servi\u00e7os<\/strong>, encontram-se o empr\u00e9stimo domiciliar aos usu\u00e1rios USP e a busca e solicita\u00e7\u00e3o de documentos n\u00e3o dispon\u00edveis localmente, a partir do empr\u00e9stimo-entre-bibliotecas e o servi\u00e7o de comuta\u00e7\u00e3o, atuando com bibliotecas de todo o pa\u00eds e do exterior ou diretamente com os autores. \u00a0Para melhor uso dos recursos dispon\u00edveis e aux\u00edlio \u00e0s atividades acad\u00eamicas, oferece orienta\u00e7\u00e3o formal para buscas bibliogr\u00e1ficas, normaliza\u00e7\u00e3o de documenta\u00e7\u00e3o cient\u00edfica, por meio de cursos e treinamentos para gradua\u00e7\u00e3o e p\u00f3s-gradua\u00e7\u00e3o.<br \/>\nA Biblioteca conta ainda do Servi\u00e7o de Apoio \u00e0 Pesquisa, que oferece: orienta\u00e7\u00e3o sobre bolas e aux\u00edlios e envio de documenta\u00e7\u00e3o, por meio do Posto Fapesp; acompanhamento e cadastramento da produ\u00e7\u00e3o cient\u00edfica na base de dados Produ\u00e7\u00e3o Intelectual, dispon\u00edvel no banco de dados Dedalus (<a href=\"http:\/\/www.dedalus.usp.br\">http:\/\/www.dedalus.usp.br<\/a>); elabora\u00e7\u00e3o de relat\u00f3rios sobre o n\u00famero de cita\u00e7\u00f5es e \u00edndice H dos docentes, a partir da produ\u00e7\u00e3o cient\u00edfica da Unidade, dispon\u00edvel nas bases de dados Scopus e Web of Science; orienta\u00e7\u00e3o para a cria\u00e7\u00e3o de perfis nos sites ResearcherID, ORCID e Google Scholar.<\/p>\n<p>&nbsp;<\/p>\n<p>Na \u00e1rea da <strong>publica\u00e7\u00e3o<\/strong>, atua no gerenciamento da submiss\u00e3o, normaliza\u00e7\u00e3o, distribui\u00e7\u00e3o e divulga\u00e7\u00e3o do peri\u00f3dico Journal of Applied Oral Science (ISSN 1678-7757\/1678-7765), bem como auxilia e orienta a normaliza\u00e7\u00e3o em outras publica\u00e7\u00f5es da Unidade, como livros, manuais, cat\u00e1logos, anais de eventos etc.<\/p>\n<p>&nbsp;<\/p>\n<p>Disponibiliza <strong>computadores com acesso \u00e0 Internet<\/strong> localizados na Sala de Leitura (t\u00e9rreo) e Sala Pr\u00f3-Aluno, (piso superior da Biblioteca), destinados \u00e0 pesquisa e \u00e0 elabora\u00e7\u00e3o de trabalhos acad\u00eamicos. As <strong>\u00e1reas \u00a0de estudo<\/strong> contam com ambientes com mesas e cabines para estudo individual e salas de estudo em grupo. \u00a0O <strong>audit\u00f3rio<\/strong> e <strong>sala de treinamento<\/strong> completam a infraestrutura de realiza\u00e7\u00e3o de eventos, palestras e cursos.<\/p>\n<p>Os recursos eletr\u00f4nicos de uso restrito \u00e0 USP (livros, peri\u00f3dicos e bases de dados) podem ser acessados a partir de computadores e dispositivos m\u00f3veis do pr\u00f3prio usu\u00e1rio, utilizando a <strong>rede sem fio<\/strong> ou fora do ambiente da Universidade (mesmo no exterior), com o uso do acesso remoto, via <strong>VPN<\/strong>.<\/p>\n<p><strong>Hor\u00e1rio de funcionamento<\/strong><\/p>\n<p><strong>Per\u00edodo letivo:<\/strong><\/p>\n<p>De segunda a sexta-feira, das 8 \u00e0s 23h<\/p>\n<p>Aos s\u00e1bados, das 8 \u00e0s 12h<\/p>\n<p><strong>Per\u00edodo de f\u00e9rias:<\/strong><\/p>\n<p>De segunda a sexta-feira, das 8 \u00e0s 18h<\/p>\n<p>N\u00e3o h\u00e1 expediente aos s\u00e1bados<\/p>\n<p style=\"text-align: left;\"><strong>Contato:<\/strong><\/p>\n<p style=\"text-align: left;\">(14) 3235-8370 | (14) 3235-8375<\/p>\n<p style=\"text-align: left;\"><strong>e-mail:<\/strong> sbd@fob.usp.br<\/p>\n<p style=\"text-align: left;\"><strong>http:<\/strong>\/\/www.fob.usp.br\/biblioteca<\/p>\n<p style=\"text-align: left;\"><strong>Facebook: https:<\/strong>\/\/www.facebook.com\/BibliotecaFOBUSP<\/p>\n<p style=\"text-align: left;\">","protected":false},"excerpt":{"rendered":"<p>O Servi\u00e7o de Biblioteca e Documenta\u00e7\u00e3o \u201cProf. Dr. Ant\u00f4nio Gabriel Atta\u201d da FOB-USP oferece servi\u00e7os e acesso \u00e0 informa\u00e7\u00e3o, voltados \u00e0s atividades de ensino, pesquisa e extens\u00e3o do Campus USP Bauru. Junto ao Hospital de Reabilita\u00e7\u00e3o de Anomalias Craniofaciais (HRAC), atua a partir da Se\u00e7\u00e3o de Refer\u00eancia Especializada em Malforma\u00e7\u00f5es Cong\u00eanitas Craniofaciais (SRE). Em conjunto [&hellip;]<\/p>\n","protected":false},"author":344,"featured_media":0,"parent":0,"menu_order":0,"comment_status":"closed","ping_status":"closed","template":"","meta":{"_monsterinsights_skip_tracking":false,"_monsterinsights_sitenote_active":false,"_monsterinsights_sitenote_note":"","_monsterinsights_sitenote_category":0,"footnotes":"","_links_to":"","_links_to_target":""},"class_list":["post-1476","page","type-page","status-publish","hentry","entry"],"_links":{"self":[{"href":"https:\/\/posgraduacao.fob.usp.br\/pb\/wp-json\/wp\/v2\/pages\/1476","targetHints":{"allow":["GET"]}}],"collection":[{"href":"https:\/\/posgraduacao.fob.usp.br\/pb\/wp-json\/wp\/v2\/pages"}],"about":[{"href":"https:\/\/posgraduacao.fob.usp.br\/pb\/wp-json\/wp\/v2\/types\/page"}],"author":[{"embeddable":true,"href":"https:\/\/posgraduacao.fob.usp.br\/pb\/wp-json\/wp\/v2\/users\/344"}],"replies":[{"embeddable":true,"href":"https:\/\/posgraduacao.fob.usp.br\/pb\/wp-json\/wp\/v2\/comments?post=1476"}],"version-history":[{"count":4,"href":"https:\/\/posgraduacao.fob.usp.br\/pb\/wp-json\/wp\/v2\/pages\/1476\/revisions"}],"predecessor-version":[{"id":3044,"href":"https:\/\/posgraduacao.fob.usp.br\/pb\/wp-json\/wp\/v2\/pages\/1476\/revisions\/3044"}],"wp:attachment":[{"href":"https:\/\/posgraduacao.fob.usp.br\/pb\/wp-json\/wp\/v2\/media?parent=1476"}],"curies":[{"name":"wp","href":"https:\/\/api.w.org\/{rel}","templated":true}]}}