{"id":1478,"date":"2017-04-27T09:47:35","date_gmt":"2017-04-27T12:47:35","guid":{"rendered":"http:\/\/sites.usp.br\/fobposgraduacao2\/?page_id=1478"},"modified":"2021-04-22T09:27:16","modified_gmt":"2021-04-22T12:27:16","slug":"laboratorio","status":"publish","type":"page","link":"https:\/\/posgraduacao.fob.usp.br\/pb\/infraestrutura\/laboratorio\/","title":{"rendered":"Laborat\u00f3rios"},"content":{"rendered":"<p style=\"text-align: justify;\"><strong>Laborat\u00f3rios da \u00e1rea de Dent\u00edstica<\/strong>: a \u00e1rea de Dent\u00edstica possui laborat\u00f3rios com dezenas de equipamentos para a realiza\u00e7\u00e3o das mais variadas pesquisas. Dentre os equipamentos detacam-se Sistema de transporte de fluidos 110V Flodec System (DeMarco Engineering); M\u00e1quina de escova\u00e7\u00e3o simulada; Equipo de bancada Dabi Atlante; Politriz Arotec APL4; M\u00e1quina de teste universal Instron 3342; Fotopolimerizadores Radii Cal, Dabi Atlante, Microdont Blue Star II e Valo Cordless; Estufa bacteriol\u00f3gica Merse; Balan\u00e7a de precis\u00e3o Merse; Banho de ultra-som Merse; Notebook Sony Vaio EA33FB\/B e microcomputadores de mesa; Cortadeira Metalogr\u00e1fica Isomet 1000; Cortadeira de Precis\u00e3o Isomet Low Speed Saw; Microdur\u00f4metro Micromet 6040; Espectrofot\u00f4metro Infra-Vermelho por transformada de Fourier IR PRESTIGE-21 (Shimadzu); Refrigerador Consul; Aparelho para confec\u00e7\u00e3o de preparo cavit\u00e1rio Digimess; Radi\u00f4metro Ecel RD-7; Simulador de fadiga Elquip; Scanner de Mesa e acess\u00f3rios Sirona inEos Blue; Monitor Philips; Fresadora Sirona inLab MC XL; Microcomputador Antec; Rugos\u00edmetro e acess\u00f3rios\u00a0\u00a0\u00a0\u00a0\u00a0\u00a0\u00a0\u00a0\u00a0\u00a0 Hommel tester T1000 (Hommel Etanic Corporartion); Notebook Semp Toshiba \/ QOSMIO X7755-3DV78; Flux\u00f4metro Laser Doppler moorVMS-LDF2 (Sellex INC); Espectrofot\u00f4metro Vita Easyshade Advance 4.0 (VITA Zahnfabrik); Forno para sinteriza\u00e7\u00e3o de zirc\u00f4nia Programat S1; Equipamento de jato de \u00f3xido de alum\u00ednio Master Renfert; Balan\u00e7a anal\u00edtica Semi-anal\u00edtica Shimadzu; Mesa antivibrat\u00f3ria para balan\u00e7a; Mesa Agitadora oscilante tipo gangorra; Laser de diodo DCLase 980nm (0.1 A 7W). A \u00e1rea de Dent\u00edstica tamb\u00e9m conta com tr\u00eas consult\u00f3rios odontol\u00f3gicos e dois laborat\u00f3rios did\u00e1ticos equipados com sa\u00eddas de baixa e alta rota\u00e7\u00f5es. A \u00e1rea de p\u00f3s-gradua\u00e7\u00e3o em Dent\u00edstica conta ainda com o Laborat\u00f3rio de Cultura de C\u00e9lulas e Engenharia Tecidual, que disp\u00f5e de equipamentos como Sistema de biorreator de perfus\u00e3o 3D, 3DB-10 3d, Biotek, llc; esta\u00e7\u00e3o de imagem celular Floid, 4471136; incubadora de CO<sub>2 <\/sub>Water Jacket,3110; homogenizador Polytron; pHmetro de bancada; banho maria digital c\/ aquec. mod. sl-150-10d, Solab; cabine de seguran\u00e7a biol\u00f3gica classe Ii A 1, Sbiia1- 960\/4, Filterflux; fonte de eletroforese Powerpac Hc High-Current Power Supply; agitador magn\u00e9tico com aquecimento; placa quadrada de vidro cer\u00e2mico, k40-1820h, Kasvi; agitador de tubos tipo vortex 2.800 rpm, k45-2820, Kasvi; bomba de v\u00e1cuo, modelo 121 2vc, Prismatec; capela de exaust\u00e3o de gases, ref. 3700, Nalgon; tanque de nitrog\u00eanio 13 litros, sc13, Sempercrio; centrifuga baby 1, 206 bl com cruzeta para tubos de 15 ml, Fanen; refrigerador 260l, Eletrolux; freezer vertical 121l, Eletrolux; estufa bacteriologica digital mod.sl-101 42; agitador magn\u00e9tico; kit de pipetas Epperndorf; pipetador autom\u00e1tico; centr\u00edfuga de bancada microtubos; impressora 3D Anycubic e camara de cura; bioimpressora Tissuestart; balan\u00e7a de semi-precis\u00e3o.<\/p>\n<p style=\"text-align: justify;\"><strong>Laborat\u00f3rio de Radiologia e Estomatologia<\/strong> est\u00e1 equipado com aparelhos para radiologia digital: um tom\u00f3grafo iCat, 1 tom\u00f3grafo Orthophos SL Sirona Trio 2 aparelhos VistaScan intraoral, 1 panor\u00e2mico\/tele digital Kodak, um tom\u00f3grafo Accuitomo 170, 1 cromat\u00f3grafo gasoso e 1 equipamento de laser de baixa pot\u00eancia Twin Laser. O Laborat\u00f3rio de An\u00e1lise de Imagens Digitais possui 3 workstations e 2 monitores para imagens m\u00e9dicas, e programas espec\u00edficos para an\u00e1lises de imagens volum\u00e9tricas.<\/p>\n<p style=\"text-align: justify;\"><strong>Laborat\u00f3rio de Patologia<\/strong> conta com: 2 Fotomicrosc\u00f3pios Axioskop 2 Plus (Zeiss) sendo\u00a0 os dois com c\u00e2mera digital de\u00a0 alta resolu\u00e7\u00e3o Axiocam (Zeiss) acoplados a microcomputadores Pentium IV Intel contendo um software para aquisi\u00e7\u00e3o e an\u00e1lise de imagens Axiovision 4.9 Zeiss utilizados para ensino e pesquisa, 1 Microcomputador Pentium contendo software para arquivamento de laudos an\u00e1tomo-patol\u00f3gicos, 5 Microsc\u00f3pios \u00f3pticos binoculares Olympus, 1 Microsc\u00f3pio \u00f3ptico Leica com componente central para multiobserva\u00e7\u00e3o com sa\u00eddas laterais direita e esquerda para 4 observadores utilizados pelos p\u00f3s-graduandos e professores para ensino e pesquisa da patologia geral e bucal, 1 Microsc\u00f3pio de fluoresc\u00eancia AXIOSTAR HBO Plus 50\/AC plus, com c\u00e2mera digital de alta resolu\u00e7\u00e3o, marca Zeiss, 1 Lavadora autom\u00e1tica de placas, marca Synergy, 2 micr\u00f3tomod leica modelos rm 2165 e km 2045, 1 aparelho histot\u00e9cnico modelo leica tp 1010, 1 inclusor de parafina mc 2702a, 2 banhos maria marca ancap, utilizados para a inclus\u00e3o em parafina e obten\u00e7\u00e3o de cortes histol\u00f3gicos da rotina histopatol\u00f3gica e imunoistoqu\u00edmica. Em 2013, foram adquiridos para o laborat\u00f3rio did\u00e1tico da Patologia e Histologia, utilizados pelos graduandos e p\u00f3s-graduandos, 50 microsc\u00f3pios biol\u00f3gicos Primo Star equipado com campo claro, com ilumina\u00e7\u00e3o por Led, com objetivas de 4X, 10X, 40X e 100X, imers\u00e3o a \u00f3leo e oculares da marca Carl Zeiss, Alemanha. Al\u00e9m disso, est\u00e3o instalados tamb\u00e9m neste laborat\u00f3rio, 1 microsc\u00f3pio\u00a0 \u00f3ptico Zeiss acoplado a uma c\u00e2mera de v\u00eddeo e um projetor multim\u00eddia.<\/p>\n<p style=\"text-align: justify;\"><strong>O Centro Integrado de Pesquisa I (CIP I) <\/strong>\u00e9 um centro multidisciplinar que oferece infraestrutura de laborat\u00f3rios e equipamentos a pesquisadores e p\u00f3s-graduandos de todos os departamentos da Faculdade de Odontologia de Bauru \u2013 Universidade de S\u00e3o Paulo (FOB-USP), al\u00e9m de atender pessoal externo quando solicitado e justificado. Contamos com 3 funcion\u00e1rios coordenados por um docente da gradua\u00e7\u00e3o\/p\u00f3s-gradua\u00e7\u00e3o respons\u00e1vel e um suplente. Atualmente, a \u00e1rea total do CIP I \u00e9 de 223m<sup>2<\/sup>, contando com um gerador de energia pr\u00f3prio. O CIP I conta com setores\/servi\u00e7os dividos em 5 principais laborat\u00f3rios: 1) Laborat\u00f3rio de Cultura de C\u00e9lulas; 2) Laborat\u00f3rio de Preparo de materiais e solu\u00e7\u00f5es; 3) Laborat\u00f3rio de Ensaios Mec\u00e2nicos; 4) Laborat\u00f3rio de Materiais Odontol\u00f3gicos; 5) Laborat\u00f3rio de Microscopia. Todos os laborat\u00f3rios est\u00e3o equipados de maneira a proporcionar o adequado trabalho dos usu\u00e1rios: alunos (Inicia\u00e7\u00e3o Cient\u00edfica, Mestrado, Doutorado e P\u00f3s-Doutorado) e pesquisadores\/professores. Os 3 t\u00e9cnicos e tamb\u00e9m o coordenador prestam servi\u00e7o de orienta\u00e7\u00e3o aos usu\u00e1rios, como apoio t\u00e9cnico e discuss\u00e3o de metodologias, quando necess\u00e1rio. No ano de 2016 foram cadastrados aproximadamente 80 usu\u00e1rios no CIP, entre alunos de IC, MS, D e PD.<\/p>\n<p style=\"text-align: justify;\">Al\u00e9m disso, o CIP iniciou uma amplia\u00e7\u00e3o (CIP II) e sua \u00e1rea instalada aumentar\u00e1 para mais de 500 m<sup>2<\/sup>, com mais de 20 salas de laborat\u00f3rio e apoio. A previs\u00e3o de conclus\u00e3o dessa obra \u00e9 para outubro de 2017.<\/p>\n<p style=\"text-align: justify;\">Maiores detalhes sobre o CIP I, bem como regras de uso, equipamentos dispon\u00edveis, solicita\u00e7\u00e3o de servi\u00e7os e formul\u00e1rios, entre outros, podem ser encontrados no link do site: http:\/\/web.fob.usp.br\/cip\/<\/p>\n<p style=\"text-align: justify;\"><strong>Laborat\u00f3rio de Bioqu\u00edmica<\/strong> possui todos os equipamentos necess\u00e1rios para pesquisas na \u00e1rea de Cariologia, incluindo an\u00e1lises de fluoreto com eletrodo em posi\u00e7\u00e3o normal (m\u00e9todo direto, ap\u00f3s difus\u00e3o facilitada por hexametildisiloxano) e na posi\u00e7\u00e3o invertida, microdureza, perfilometria, microrradiografia transversal (TMR) e boca artificial para simula\u00e7\u00e3o de desafios cariog\u00eanicos e erosivos. O laborat\u00f3rio tamb\u00e9m foi equipado para atender pesquisas na \u00e1rea de identifica\u00e7\u00e3o e caracteriza\u00e7\u00e3o de prote\u00ednas por meio das ferramentas de prote\u00f4mica (espectr\u00f4metro de massas nLC-ESI-MS\/MS), western blot e zimografia. Possui ainda equipamentos b\u00e1sicos para cultivo celular.<\/p>\n<p style=\"text-align: justify;\"><strong>Laborat\u00f3rio de Anatomia<\/strong> possui equipamentos e instrumentais que possibilitam a realiza\u00e7\u00e3o de pesquisas nas \u00e1reas de cirurgia experimental, histoenzimologia al\u00e9m da chamada gross anatomy. Al\u00e9m disso, conta com moderno equipamento para a realiza\u00e7\u00e3o de morfometrias em sec\u00e7\u00f5es histol\u00f3gicas t\u00e3o importantes no campo da morfologia. Adquirida a mesa digital para estudos em anatomia ANATOMAGE (2015\/2016). (http:\/\/www.anatomage.com\/table\/)<\/p>\n<p style=\"text-align: justify;\"><strong>Laborat\u00f3rios de Farmacologia, Fisiologia e Gen\u00e9tica<\/strong> cont\u00e9m um consult\u00f3rio odontol\u00f3gico completo organizado como um mini-centro cir\u00fargico. Al\u00e9m disso, conta com equipamentos de biologia molecular tais como VIIA 7 (PCR em tempo real) que possui blocos para placas de 96 e 384 po\u00e7os e tamb\u00e9m filtros para todos os fluor\u00f3foros (VIC, FAM, TAMRA, NED e ROX), sequenciador de DNA (plataforma 3130xl, Applied Biosystems) que possui 16 capilares o que confere agilidade na aquisi\u00e7\u00e3o dos resultados, cromat\u00f3grafo l\u00edquido de alto desempenho que permite a identifica\u00e7\u00e3o e quantifica\u00e7\u00e3o de f\u00e1rmacos e pept\u00eddeos em in\u00fameros tipos de amostras e a plataforma automatizada para extra\u00e7\u00e3o de \u00e1cido nucleicos. Ademais, apresenta um analisador termossensorial, microfilamentos de vonfrey, alg\u00f4metro de press\u00e3o para avalia\u00e7\u00e3o do perfil somatossensorial e do sistema inibit\u00f3rio descendente da dor em pacientes com dores cr\u00f4nicas orofaciais.<\/p>\n<p style=\"text-align: justify;\"><strong>Laborat\u00f3rios da Disciplina de Histologia<\/strong>: a Disciplina de Histologia tem suas atividades de pesquisa estruturada em laborat\u00f3rios inter-relacionados: (1) Processamento Histol\u00f3gico &#8211; equipado para processamento histol\u00f3gico convencional para microscopia \u00f3ptica e pr\u00e9-processamento para microscopia eletr\u00f4nica; (2) Laborat\u00f3rio de Morfometria \u2013 equipado com sistemas para an\u00e1lise morfom\u00e9trica e estereol\u00f3gica tradicional e digital; (3) Laborat\u00f3rio de Imunohistoqu\u00edmica \u2013 para a realiza\u00e7\u00e3o de imunomarca\u00e7\u00f5es por m\u00e9todos imunoihistoqu\u00edmicos ou de imuno-fluoresc\u00eancia; (4) Laborat\u00f3rio de Biologia Molecular &#8211; \u00a0equipado para o processamento de amostras (Precellys, GentleMacs, Bioanalyzer), extra\u00e7\u00e3o de \u00e1cidos nucleicos (Qiacube) e desenvolvimento de t\u00e9cnicas de biologia molecular, como genotipagem e express\u00e3o g\u00eanica (RealTimePCR), e an\u00e1lise proteica tradicional (Western blotting) e multipla (Luminex); (5) Laborat\u00f3rio de Citometria de Fluxo \u00a0&#8211;\u00a0 equipado com contador autom\u00e1tico de c\u00e9lulas Countess, e Cit\u00f4metro de Fluxo BD FACSAria\u2122 Fusion, que possui 4 lasers (Azul 488\u03b7m, Vermelho 640\u03b7m, Violeta 405\u03b7m e Near UV 375\u03b7m) (5B\/2R\/3NUV) com capacidade para an\u00e1lise simult\u00e2nea de at\u00e9 12 par\u00e2metros (10 cores, FSC e SSC) e separa\u00e7\u00e3o de at\u00e9 4 popula\u00e7\u00f5es celulares(Equipamento Multiusu\u00e1rio FAPESP Proc. 2015\/12894-1) .<\/p>\n<p style=\"text-align: justify;\"><strong>Laborat\u00f3rio de Imunologia e Microbiologia<\/strong>\u00a0(LIM) encontra-se totalmente equipado para realizar an\u00e1lises microbiol\u00f3gicas. Conta com um banco de microrganismos que inclui pat\u00f3genos de humanos que est\u00e3o relacionados com as v\u00e1rias doen\u00e7as infecciosas que apresentam manifesta\u00e7\u00f5es na cavidade bucal. O LIM tamb\u00e9m possui equipamentos necess\u00e1rios para realizar o isolamento de leuc\u00f3citos sang\u00fc\u00edneos e de les\u00f5es, para a cultura de c\u00e9lulas, dosagem de citocinas por ELISA, \u00a0imunomarca\u00e7\u00e3o e citometria de fluxo, possibilitando o estabelecimento de diferentes linhas de pesquisa na \u00e1rea de Imunologia e Microbiologia. Conta ainda com equipamentos necess\u00e1rios para o processamento histol\u00f3gico e para a captura e an\u00e1lise de imagens.\u00a0.<\/p>\n<p style=\"text-align: justify;\"><strong><u>LABORAT\u00d3RIO DE PR\u00d3TESE<\/u><\/strong><\/p>\n<p style=\"text-align: justify;\">Os laborat\u00f3rios do Departamento de Pr\u00f3tese contam com:<\/p>\n<ul style=\"text-align: justify;\">\n<li>&gt; \u00a0Sistema de determina\u00e7\u00e3o de Testes Quantitativos Sensoriais (QST) eletr\u00f4nico SENSEBOX, da SOMEDIC, incluindo algometria e Von Frey digital<\/li>\n<li>&gt; Sistema de medi\u00e7\u00e3o de tens\u00f5es por extensometria linear el\u00e9trica (strain gauges) National Instruments.<\/li>\n<li>&gt;\u00a0 Rugos\u00edmetro, Marca:\u00a0Mitutoyo,\u00a0Mod.\u00a0SURFTEST SJ-301 MM P\/120.\u00a0Descri\u00e7\u00e3o:\u00a0Rugos\u00edmetro port\u00e1til \u00e0 prova de poeira, com painel de opera\u00e7\u00e3o sens\u00edvel ao toque e impressora integrada. Uma grande tela LCD torna f\u00e1cil a leitura do resultado de medi\u00e7\u00f5es e as an\u00e1lises gr\u00e1ficas; A impressora t\u00e9rmica imprime com alta defini\u00e7\u00e3o e velocidade. Projetado para melhorar a funcionabilidade &#8211; teclas grandes s\u00e3o usadas para opera\u00e7\u00f5es de medi\u00e7\u00e3o, enquanto o painel LCD operado por toque (caneta especial inclu\u00edda) \u00e9 usado para ajustar as v\u00e1rias condi\u00e7\u00f5es de medi\u00e7\u00e3o. Cinco diferentes condi\u00e7\u00f5es de medi\u00e7\u00e3o podem ser armazenadas no SJ-301. Os dados da medi\u00e7\u00e3o podem ser transferidos para um computador externo ou armazenados imediatamente e depois avaliados e\/ou impressos. Atende \u00e0s normas internacionais DIN, ISO, ANSI e JIS. Um cart\u00e3o de mem\u00f3ria opcional est\u00e1 dispon\u00edvel para armazenar at\u00e9 20 conjuntos de condi\u00e7\u00f5es de medi\u00e7\u00e3o e dados estat\u00edsticos de medi\u00e7\u00e3o.<\/li>\n<li>&gt;\u00a0 Mesa com coluna,\u00a0Marca:\u00a0Mitutoyo, mod. P\/ SJ-201-301. Descri\u00e7\u00e3o: Combinada ao adaptador para base mangn\u00e9tica reduz o \u201cset up\u201d para verifica\u00e7\u00e3o de rugosidade em pe\u00e7as complexas, eliminando o improviso, facilitando o acesso \u00e0s superf\u00edcies a serem verificadas.<\/li>\n<li>&gt;\u00a0 Adaptador para Base Magn\u00e9tica, marca:\u00a0Mitutoyo, mod. SJ-201\/SJ-301<\/li>\n<li>&gt;\u00a0 Dur\u00f4metro, marca:\u00a0Woltest, mod. Shore A Digital GDS-709.\u00a0Descri\u00e7\u00e3o:\u00a0Executa ensaios de dureza em borrachas. A faixa de ensaio est\u00e1 compreendida entre 0-100 Shore, com toler\u00e2ncia de \u00b1 1%, seguindo o sistema Shore, segundo as normas DIN 53505 E ASTM D2240\/75.<\/li>\n<li>&gt;\u00a0 Suporte Shore, marca:\u00a0Woltest, mod. SD 300 com timer.\u00a0Descri\u00e7\u00e3o:\u00a0O Suporte SD 400 sem timer \u00e9 ideal para medi\u00e7\u00f5es em s\u00e9rie, o que lhe garante uma perfeita uniformidade nos ensaios. Desenvolvido para adaptar todos os tipos de Shore, de todas as marcas.<\/li>\n<li>&gt;\u00a0 Microsc\u00f3pio Eletr\u00f4nico de Varredura PSEM\/Express<\/li>\n<li>&gt;\u00a0 Microdur\u00f4metro Digital (Micromet 6030)<\/li>\n<li>&gt;\u00a0 Sistema para Microradiografia Transversal (TMR)<\/li>\n<li>&gt;\u00a0 Viia 7 &#8211; Applied Biosystems &#8211; rea\u00e7\u00e3o em cadeia da polimerase (PCR) em tempo real<\/li>\n<li>&gt; \u00a0Espectr\u00f4metro de Massas Xevo\u00ae G2 Q-TOF, MicroCT<\/li>\n<li>&gt; \u00a0Instron Electropuls E3000 Linear Torsion system<\/li>\n<li>&gt; \u00a0Laser de baixa intensidade (TheraLase, DMC, S\u00e3o Carlos, Brasil)<\/li>\n<li>&gt; \u00a0Laser de baixa intensidade (Therapy XT, DMC, S\u00e3o Carlos Brasil)<\/li>\n<\/ul>\n<p style=\"text-align: justify;\"><strong>Cl\u00ednica de Ortodontia<\/strong>\u00a0 com 24 equipos completos para o atendimento cl\u00ednico de pacientes e desenvolvimento de pesquisa<strong>. \u00a0Laborat\u00f3rio<\/strong>:\u00a0 contendo tanque t\u00e9rmico com capacidade para imers\u00e3o de 10 typodont;\u00a0 tr\u00eas recortadores de gesso;\u00a0 50 equipos de bancada para alta e baixa rota\u00e7\u00e3o com seringa tr\u00edplice, dois tornos de bancada, um plastificador a v\u00e1cuo, duas panelas para polimeriza\u00e7\u00e3o , uma estufa, 25 negatosc\u00f3pios, um projetor multim\u00eddia, uma tela para proje\u00e7\u00e3o, duas lousas. <strong>Sala de inform\u00e1tica<\/strong>: dois computadores; dois escaneres de modelos;\u00a0 uma mesa digitalizadora, 3- Shape Ortho Analyzer Programas (Dolphin Imaging, Nemotec\u00a0 Dental Studio, programa dentofacial planner, programa eVol Dx);\u00a0 <strong>Arquivo: \u00a0<\/strong>arquivo com a documenta\u00e7\u00e3o de cerca de 4.000 pacientes ortod\u00f4nticos tratados, que s\u00e3o utilizados em diversas pesquisas cl\u00ednicas. H\u00e1 tamb\u00e9m o Centro de Crescimento de Bauru, com documenta\u00e7\u00f5es de crian\u00e7as seguidas longitudinalmente desde os 3 at\u00e9 os 18 anos de idade, que s\u00e3o utilizadas como grupo controle em trabalhos investigativos dos efeitos dos aparelhos ortod\u00f4nticos.<\/p>\n<p style=\"text-align: justify;\"><strong>Cl\u00ednica de Odontopediatria e Cl\u00ednica de Beb\u00eas: <\/strong>A <u>Clinica de Beb\u00eas <\/u>da Odontopediatria conta com 5 macris, 5 equipos m\u00f3veis, 1 escov\u00f3dromo e 1 aparelho de raio X. Esta cl\u00ednica oferece \u00e0 comunidade atendimento odontol\u00f3gico especializado. Dentre os atendimentos realizados, destaca-se o atendimento preventivo e educativo para as m\u00e3es e para beb\u00eas, e o curativo para beb\u00eas com c\u00e1rie, sendo o \u00faltimo muito procurado pela popula\u00e7\u00e3o em raz\u00e3o da escassez deste tipo de atendimento no setor p\u00fablico e privado. Al\u00e9m dos atendimentos na Cl\u00ednica de Beb\u00eas, a Disciplina de Odontopediatria disponibiliza, na <u>Cl\u00ednica de Odontopediatria<\/u>, atendimento odontol\u00f3gico preventivo e restaurador para crian\u00e7as a partir de 36 meses de idade, sendo realizado aproximadamente 1.500 atendimentos ao ano. Os casos cl\u00ednicos de maior complexidade s\u00e3o documentados para interesse did\u00e1tico e posterior publica\u00e7\u00e3o em peri\u00f3dicos de alto fator de impacto. A partir de 2014, as cl\u00ednicas utilizam odontologia ultrass\u00f4nica (CVDentus), equipamento de diagn\u00f3stico de c\u00e1rie (Evince), microsc\u00f3pio cir\u00fargico e aparelhos de laser de baixa intensidade (equipamentos adquiridos por meio de Projetos FAPESP). Das atividades cl\u00ednicas participam alunos de Gradua\u00e7\u00e3o e de P\u00f3s-Gradua\u00e7\u00e3o, sendo sempre sob a supervis\u00e3o dos docentes da disciplina de Odontopediatria.<\/p>","protected":false},"excerpt":{"rendered":"<p>Laborat\u00f3rios da \u00e1rea de Dent\u00edstica: a \u00e1rea de Dent\u00edstica possui laborat\u00f3rios com dezenas de equipamentos para a realiza\u00e7\u00e3o das mais variadas pesquisas. Dentre os equipamentos detacam-se Sistema de transporte de fluidos 110V Flodec System (DeMarco Engineering); M\u00e1quina de escova\u00e7\u00e3o simulada; Equipo de bancada Dabi Atlante; Politriz Arotec APL4; M\u00e1quina de teste universal Instron 3342; Fotopolimerizadores [&hellip;]<\/p>\n","protected":false},"author":344,"featured_media":0,"parent":1472,"menu_order":0,"comment_status":"closed","ping_status":"closed","template":"","meta":{"_monsterinsights_skip_tracking":false,"_monsterinsights_sitenote_active":false,"_monsterinsights_sitenote_note":"","_monsterinsights_sitenote_category":0,"footnotes":"","_links_to":"","_links_to_target":""},"class_list":["post-1478","page","type-page","status-publish","hentry","entry"],"_links":{"self":[{"href":"https:\/\/posgraduacao.fob.usp.br\/pb\/wp-json\/wp\/v2\/pages\/1478","targetHints":{"allow":["GET"]}}],"collection":[{"href":"https:\/\/posgraduacao.fob.usp.br\/pb\/wp-json\/wp\/v2\/pages"}],"about":[{"href":"https:\/\/posgraduacao.fob.usp.br\/pb\/wp-json\/wp\/v2\/types\/page"}],"author":[{"embeddable":true,"href":"https:\/\/posgraduacao.fob.usp.br\/pb\/wp-json\/wp\/v2\/users\/344"}],"replies":[{"embeddable":true,"href":"https:\/\/posgraduacao.fob.usp.br\/pb\/wp-json\/wp\/v2\/comments?post=1478"}],"version-history":[{"count":4,"href":"https:\/\/posgraduacao.fob.usp.br\/pb\/wp-json\/wp\/v2\/pages\/1478\/revisions"}],"predecessor-version":[{"id":4029,"href":"https:\/\/posgraduacao.fob.usp.br\/pb\/wp-json\/wp\/v2\/pages\/1478\/revisions\/4029"}],"up":[{"embeddable":true,"href":"https:\/\/posgraduacao.fob.usp.br\/pb\/wp-json\/wp\/v2\/pages\/1472"}],"wp:attachment":[{"href":"https:\/\/posgraduacao.fob.usp.br\/pb\/wp-json\/wp\/v2\/media?parent=1478"}],"curies":[{"name":"wp","href":"https:\/\/api.w.org\/{rel}","templated":true}]}}