{"id":2365,"date":"2019-08-29T09:45:05","date_gmt":"2019-08-29T12:45:05","guid":{"rendered":"http:\/\/sites.usp.br\/fobposgraduacao2\/?page_id=2365"},"modified":"2026-04-13T10:56:16","modified_gmt":"2026-04-13T13:56:16","slug":"comissao","status":"publish","type":"page","link":"https:\/\/posgraduacao.fob.usp.br\/pb\/programas\/ciencias-odontologicas-aplicadas\/comissao\/","title":{"rendered":"COMISS\u00c3O COORDENADORA DO PROGRAMA CI\u00caNCIAS ODONTOL\u00d3GICAS APLICADAS"},"content":{"rendered":"<table style=\"width: 47.3746%; height: 1948px;\" width=\"643\">\n<tbody>\n<tr style=\"height: 24px;\">\n<td style=\"height: 24px; width: 98.7768%;\" colspan=\"2\" width=\"643\"><strong><em>Mandato: 09\/05\/2025 a 08\/05\/2027<\/em><\/strong><\/td>\n<\/tr>\n<tr style=\"height: 24px;\">\n<td style=\"height: 24px; width: 70.7951%;\" width=\"463\"><strong>Corpo Docente<\/strong><\/td>\n<td style=\"height: 24px; width: 27.9817%;\" width=\"180\"><strong>Na \u00faltima elei\u00e7\u00e3o<\/strong><\/td>\n<\/tr>\n<tr style=\"height: 132px;\">\n<td style=\"height: 132px; width: 70.7951%;\" width=\"463\"><strong>DENT\u00cdSTICA<\/strong><\/p>\n<p>(T) Diana Gabriela Soares dos Passos<\/p>\n<p>(S) Adilson Yoshio Furuse<\/td>\n<td style=\"text-align: left; height: 132px; width: 27.9817%;\" width=\"180\">&nbsp;<\/p>\n<p>ELEITOS<\/td>\n<\/tr>\n<tr style=\"height: 132px;\">\n<td style=\"height: 132px; width: 70.7951%;\" width=\"463\"><strong>PATOLOGIA BUCAL<\/strong><\/p>\n<p>(T) Denise Tostes Oliveira<\/p>\n<p>(S) Andresa Borges Soares<\/td>\n<td style=\"text-align: left; height: 132px; width: 27.9817%;\" width=\"180\">&nbsp;<\/p>\n<p>RECONDUZIDA<\/p>\n<p>ELEITA<\/td>\n<\/tr>\n<tr style=\"height: 132px;\">\n<td style=\"height: 132px; width: 70.7951%;\" width=\"463\"><strong>REABILITA\u00c7\u00c3O ORAL<\/strong><\/p>\n<p>(T)\u00a0Simone Soares<\/p>\n<p>(S) Estevam Augusto Bonfante<\/td>\n<td style=\"text-align: left; height: 132px; width: 27.9817%;\" width=\"180\">&nbsp;<\/p>\n<p>ELEITOS<\/td>\n<\/tr>\n<tr style=\"height: 132px;\">\n<td style=\"height: 132px; width: 70.7951%;\" width=\"463\"><strong>ENDODONTIA<\/strong><\/p>\n<p>(T) Marco Antonio H\u00fangaro Duarte (<strong><em>Vice-Coordena\u00e7\u00e3o \u2013 mandato de 09\/04\/2026 A 08\/04\/2028<\/em><\/strong><strong><em>)<\/em><\/strong><\/p>\n<p>(S) Murilo Priori Alcalde<\/td>\n<td style=\"text-align: center; height: 132px; width: 27.9817%;\" width=\"180\">&nbsp;<\/p>\n<p style=\"text-align: left;\">RECONDUZIDO<\/p>\n<p style=\"text-align: left;\">ELEITO<\/p>\n<\/td>\n<\/tr>\n<tr style=\"height: 132px;\">\n<td style=\"height: 132px; width: 70.7951%;\" width=\"463\"><strong>ODONTOPEDIATRIA<\/strong><\/p>\n<p>(T) Thais Marchini de Oliveira Valarelli<\/p>\n<p>(S) Natalino Louren\u00e7o Neto<\/td>\n<td style=\"text-align: center; height: 132px; width: 27.9817%;\" width=\"180\">&nbsp;<\/p>\n<p style=\"text-align: left;\">ELEITOS<\/p>\n<\/td>\n<\/tr>\n<tr style=\"height: 24px;\">\n<td style=\"height: 24px; width: 98.7768%;\" colspan=\"2\" width=\"643\"><strong><em>Mandato: 16\/04\/2026 a 15\/04\/2028<\/em><\/strong><\/td>\n<\/tr>\n<tr style=\"height: 24px;\">\n<td style=\"height: 24px; width: 70.7951%;\" width=\"463\"><strong>Corpo Docente<\/strong><\/td>\n<td style=\"height: 24px; width: 27.9817%;\" width=\"180\"><strong>Na \u00faltima elei\u00e7\u00e3o<\/strong><\/td>\n<\/tr>\n<tr style=\"height: 156px;\">\n<td style=\"height: 156px; width: 70.7951%;\" width=\"463\"><strong>BIOLOGIA ORAL<\/strong><\/p>\n<p>(T) Leonardo Rigoldi Bonjardim<\/p>\n<p>(S) Ana Carolina Magalh\u00e3es<\/td>\n<td style=\"height: 156px; width: 27.9817%;\" width=\"180\">&nbsp;<\/p>\n<p style=\"text-align: left;\">RECONDUZIDOS<\/p>\n<\/td>\n<\/tr>\n<tr style=\"height: 24px;\">\n<td style=\"height: 24px; width: 98.7768%;\" colspan=\"2\" width=\"643\"><strong><em>Mandato: 17\/05\/2024 a 16\/05\/2026<\/em><\/strong><\/td>\n<\/tr>\n<tr style=\"height: 24px;\">\n<td style=\"height: 24px; width: 70.7951%;\" width=\"463\"><strong>Corpo Docente<\/strong><\/td>\n<td style=\"height: 24px; width: 27.9817%;\" width=\"180\"><strong>Na \u00faltima elei\u00e7\u00e3o<\/strong><\/td>\n<\/tr>\n<tr style=\"height: 132px;\">\n<td style=\"height: 132px; width: 70.7951%;\" width=\"463\"><strong>SA\u00daDE COLETIVA<\/strong><\/p>\n<p>(T) Silvia Helena de Carvalho Sales Peres<\/p>\n<p>(S) Roosevelt da Silva Bastos<\/td>\n<td style=\"height: 132px; width: 27.9817%;\" width=\"180\">&nbsp;<\/p>\n<p style=\"text-align: left;\">RECONDUZIDA<\/p>\n<p>ELEITO<\/td>\n<\/tr>\n<tr style=\"height: 24px;\">\n<td style=\"height: 24px; width: 98.7768%;\" colspan=\"2\" width=\"643\"><strong><em>Mandato: 10\/06\/2024 a 09\/06\/2026<\/em><\/strong><\/td>\n<\/tr>\n<tr style=\"height: 24px;\">\n<td style=\"height: 24px; width: 70.7951%;\" width=\"463\"><strong>Corpo Docente<\/strong><\/td>\n<td style=\"height: 24px; width: 27.9817%;\" width=\"180\"><strong>Na \u00faltima elei\u00e7\u00e3o<\/strong><\/td>\n<\/tr>\n<tr style=\"height: 156px;\">\n<td style=\"height: 156px; width: 70.7951%;\" width=\"463\"><strong>CIRURGIA e TRAUMATOLOGIA BUCOMAXILOFACIAL<\/strong><\/p>\n<p>(T) Osny Ferreira Junior<\/p>\n<p>(S) Eduardo Sant&#8217;Ana<\/td>\n<td style=\"height: 156px; width: 27.9817%;\" width=\"180\">&nbsp;<\/p>\n<p style=\"text-align: left;\">ELEITOS<\/p>\n<\/td>\n<\/tr>\n<tr style=\"height: 24px;\">\n<td style=\"height: 24px; width: 98.7768%;\" colspan=\"2\" width=\"643\"><strong><em>Mandato: 14\/08\/2024 a 14\/08\/2026<\/em><\/strong><\/td>\n<\/tr>\n<tr style=\"height: 24px;\">\n<td style=\"height: 24px; width: 70.7951%;\" width=\"463\"><strong>Corpo Docente<\/strong><\/td>\n<td style=\"height: 24px; width: 27.9817%;\" width=\"180\"><strong>Na \u00faltima elei\u00e7\u00e3o<\/strong><\/td>\n<\/tr>\n<tr style=\"height: 132px;\">\n<td style=\"height: 132px; width: 70.7951%;\" width=\"463\"><strong>PERIODONTIA<\/strong><\/p>\n<p>(T) Adriana Campos Passanezi Sant\u00b4Ana<\/p>\n<p>(S) Carla Andreotti Damante<\/td>\n<td style=\"height: 132px; width: 27.9817%;\" width=\"180\">&nbsp;<\/p>\n<p style=\"text-align: left;\">RECONDUZIDAS<\/p>\n<\/td>\n<\/tr>\n<tr style=\"height: 24px;\">\n<td style=\"height: 24px; width: 98.7768%;\" colspan=\"2\" width=\"643\"><strong><em>Mandato: 21\/08\/2025 a 20\/08\/2027<\/em><\/strong><\/td>\n<\/tr>\n<tr style=\"height: 24px;\">\n<td style=\"height: 24px; width: 70.7951%;\" width=\"463\"><strong>Corpo Docente<\/strong><\/td>\n<td style=\"height: 24px; width: 27.9817%;\" width=\"180\"><strong>Na \u00faltima elei\u00e7\u00e3o<\/strong><\/td>\n<\/tr>\n<tr style=\"height: 156px;\">\n<td style=\"height: 156px; width: 70.7951%;\" width=\"463\"><strong>ORTODONTIA<\/strong><\/p>\n<p>(T) Daniela Gamba Garib Carrera (<strong><em>Coordena\u00e7\u00e3o \u2013 mandato de 09\/04\/2026 A 08\/04\/2028<\/em><\/strong><strong><em>)<\/em><\/strong><\/p>\n<p>(S) Camila da Silveira Massaro<\/td>\n<td style=\"height: 156px; width: 27.9817%;\" width=\"180\">&nbsp;<\/p>\n<p>RECONDUZIDA<\/p>\n<p>ELEITA<\/td>\n<\/tr>\n<tr style=\"height: 132px;\">\n<td style=\"height: 132px; width: 70.7951%;\" width=\"463\"><strong>ESTOMATOLOGIA<\/strong><strong>, RADIOLOGA <\/strong><strong>e <\/strong><strong>IMAGINOLOGIA<\/strong><\/p>\n<p>(T) Izabel Regina Fischer Rubira de Bullen<\/p>\n<p>(S) Paulo S\u00e9rgio da Silva Santos<\/td>\n<td style=\"height: 132px; width: 27.9817%;\" width=\"180\">&nbsp;<\/p>\n<p style=\"text-align: left;\">RECONDUZIDOS<\/p>\n<\/td>\n<\/tr>\n<tr style=\"height: 24px;\">\n<td style=\"height: 24px; width: 98.7768%;\" colspan=\"2\" width=\"643\"><strong><em>Mandato: 29\/07\/2025 a 28\/07\/2026<\/em><\/strong><\/td>\n<\/tr>\n<tr style=\"height: 24px;\">\n<td style=\"height: 24px; width: 70.7951%;\" width=\"463\"><strong>Corpo Discente<\/strong><\/td>\n<td style=\"height: 24px; width: 27.9817%;\" width=\"180\"><strong>\u00a0<\/strong><\/td>\n<\/tr>\n<tr style=\"height: 88px;\">\n<td style=\"height: 88px; width: 70.7951%;\" width=\"463\">(T) Beatriz Medola Marun (Dent\u00edstica)<\/p>\n<p>(S) Mylena Proen\u00e7a Costa (Dent\u00edstica)<\/td>\n<td style=\"height: 88px; width: 27.9817%;\" width=\"180\">\n<p style=\"text-align: left;\">ELEITAS<\/p>\n<\/td>\n<\/tr>\n<\/tbody>\n<\/table>\n<p>&nbsp;","protected":false},"excerpt":{"rendered":"<p>Mandato: 09\/05\/2025 a 08\/05\/2027 Corpo Docente Na \u00faltima elei\u00e7\u00e3o DENT\u00cdSTICA (T) Diana Gabriela Soares dos Passos (S) Adilson Yoshio Furuse &nbsp; ELEITOS PATOLOGIA BUCAL (T) Denise Tostes Oliveira (S) Andresa Borges Soares &nbsp; RECONDUZIDA ELEITA REABILITA\u00c7\u00c3O ORAL (T)\u00a0Simone Soares (S) Estevam Augusto Bonfante &nbsp; ELEITOS ENDODONTIA (T) Marco Antonio H\u00fangaro Duarte (Vice-Coordena\u00e7\u00e3o \u2013 mandato de [&hellip;]<\/p>\n","protected":false},"author":344,"featured_media":0,"parent":835,"menu_order":0,"comment_status":"closed","ping_status":"closed","template":"","meta":{"_monsterinsights_skip_tracking":false,"_monsterinsights_sitenote_active":false,"_monsterinsights_sitenote_note":"","_monsterinsights_sitenote_category":0,"footnotes":"","_links_to":"","_links_to_target":""},"class_list":["post-2365","page","type-page","status-publish","hentry","entry"],"_links":{"self":[{"href":"https:\/\/posgraduacao.fob.usp.br\/pb\/wp-json\/wp\/v2\/pages\/2365","targetHints":{"allow":["GET"]}}],"collection":[{"href":"https:\/\/posgraduacao.fob.usp.br\/pb\/wp-json\/wp\/v2\/pages"}],"about":[{"href":"https:\/\/posgraduacao.fob.usp.br\/pb\/wp-json\/wp\/v2\/types\/page"}],"author":[{"embeddable":true,"href":"https:\/\/posgraduacao.fob.usp.br\/pb\/wp-json\/wp\/v2\/users\/344"}],"replies":[{"embeddable":true,"href":"https:\/\/posgraduacao.fob.usp.br\/pb\/wp-json\/wp\/v2\/comments?post=2365"}],"version-history":[{"count":4,"href":"https:\/\/posgraduacao.fob.usp.br\/pb\/wp-json\/wp\/v2\/pages\/2365\/revisions"}],"predecessor-version":[{"id":6403,"href":"https:\/\/posgraduacao.fob.usp.br\/pb\/wp-json\/wp\/v2\/pages\/2365\/revisions\/6403"}],"up":[{"embeddable":true,"href":"https:\/\/posgraduacao.fob.usp.br\/pb\/wp-json\/wp\/v2\/pages\/835"}],"wp:attachment":[{"href":"https:\/\/posgraduacao.fob.usp.br\/pb\/wp-json\/wp\/v2\/media?parent=2365"}],"curies":[{"name":"wp","href":"https:\/\/api.w.org\/{rel}","templated":true}]}}