{"id":2398,"date":"2019-09-18T09:01:04","date_gmt":"2019-09-18T12:01:04","guid":{"rendered":"http:\/\/sites.usp.br\/fobposgraduacao2\/?page_id=2398"},"modified":"2026-02-26T11:38:38","modified_gmt":"2026-02-26T14:38:38","slug":"aluno-especial","status":"publish","type":"page","link":"https:\/\/posgraduacao.fob.usp.br\/pb\/aluno-especial\/","title":{"rendered":"Aluno Especial"},"content":{"rendered":"<h2><span style=\"color: #0000ff;\">Para realizar a inscri\u00e7\u00e3o \u00e9 necess\u00e1rio: (<span style=\"color: #ff0000;\">Aten\u00e7\u00e3o:<\/span> Seguir TODOS os passos)<\/span><\/h2>\n<h3>1. <a href=\"https:\/\/posgraduacao.fob.usp.br\/wp-content\/uploads\/sites\/731\/2022\/09\/formulario_inscricao_aluno_especial.doc\">Formul\u00e1rio de inscri\u00e7\u00e3o (Clique aqui)<\/a> <span style=\"color: #ff0000;\">***Deve estar assinado pelo professor respons\u00e1vel pela disciplina <span style=\"color: #000000;\">(as assinaturas do formul\u00e1rio devem ser f\u00edsicas ou GOV<\/span> &#8211; N\u00e3o aceitamos assinaturas coladas) ***<\/span><\/h3>\n<h3><span style=\"color: #ff0000;\">*** N\u00c3O PAGAR O BOLETO ANTES DO DOCENTE ACEITAR E ASSINAR O FORMUL\u00c1RIO! ***<\/span><\/h3>\n<h3>2. Acessar o <a href=\"https:\/\/inscricao.posgraduacao.fob.usp.br\/index.php?p=minhas_inscricoes\" target=\"_blank\" rel=\"noopener\">Link (Clique aqui).<\/a><\/h3>\n<h3>3. Fazer o login no site:<\/h3>\n<h3>\u00a0 \u00a0 2.1 &#8211; Se tiver n\u00famero USP e senha \u00fanica, clicar em &#8220;Login USP Digital&#8221;<\/h3>\n<h3>\u00a0 \u00a0 2.2 &#8211; caso n\u00e3o tenha, clicar em &#8220;cadastrar-se&#8221;. Depois para fazer o login, utilize seu e-mail e senha criada para acesso ao site<\/h3>\n<h3>Ap\u00f3s preencher TODOS os dados e inserir os documentos obrigat\u00f3rios nas abas:<\/h3>\n<h3>&#8220;<span style=\"background-color: #808080; color: #ffffff;\">Dados do Candidato<\/span>&#8220;,<\/h3>\n<h3>&#8220;<span style=\"background-color: #808080; color: #ffffff;\">Forma\u00e7\u00e3o Acad\u00eamica<\/span>&#8220;,<\/h3>\n<h3>&#8220;<span style=\"background-color: #808080; color: #ffffff;\">Pagamento<\/span>&#8221; e<\/h3>\n<h3>&#8220;<span style=\"background-color: #808080;\"><span style=\"color: #ffffff;\">Documentos<\/span><\/span>&#8220;, VOLTAR para aba &#8220;<span style=\"background-color: #808080; color: #ffffff;\">Valida\u00e7\u00e3o e submiss\u00e3o<\/span>&#8221; e CLICAR em &#8220;<span style=\"background-color: #339966; color: #ffffff;\">Enviar para Deferimento<\/span>&#8220;.<\/h3>\n<p>&nbsp;<\/p>\n<h3>OBS.: Al\u00e9m do Formul\u00e1rio de inscri\u00e7\u00e3o, \u00e9 necess\u00e1rio anexar os seguintes Documentos:<\/h3>\n<h4>2. RG e CPF (Passaporte para estrangeiros)<\/h4>\n<h4>3. Diploma de Gradua\u00e7\u00e3o (frente e verso)<\/h4>\n<h4>4. Comprovante de pagamento da taxa de inscri\u00e7\u00e3o (Boleto \u00e9 gerado ao final da inscri\u00e7\u00e3o no site) &#8211; \u27a1 <strong><span style=\"color: #ff0000;\">N\u00c3O ser\u00e3o aceitos comprovantes de agendamento! O VALOR PAGO N\u00c3O SER\u00c1 DEVOLVIDO EM HIP\u00d3TESE ALGUMA!<\/span><\/strong><\/h4>\n<p>&nbsp;<\/p>\n<h3><\/h3>","protected":false},"excerpt":{"rendered":"<p>Para realizar a inscri\u00e7\u00e3o \u00e9 necess\u00e1rio: (Aten\u00e7\u00e3o: Seguir TODOS os passos) 1. Formul\u00e1rio de inscri\u00e7\u00e3o (Clique aqui) ***Deve estar assinado pelo professor respons\u00e1vel pela disciplina (as assinaturas do formul\u00e1rio devem ser f\u00edsicas ou GOV &#8211; N\u00e3o aceitamos assinaturas coladas) *** *** N\u00c3O PAGAR O BOLETO ANTES DO DOCENTE ACEITAR E ASSINAR O FORMUL\u00c1RIO! *** 2. [&hellip;]<\/p>\n","protected":false},"author":344,"featured_media":0,"parent":0,"menu_order":0,"comment_status":"closed","ping_status":"closed","template":"","meta":{"_monsterinsights_skip_tracking":false,"_monsterinsights_sitenote_active":false,"_monsterinsights_sitenote_note":"","_monsterinsights_sitenote_category":0,"footnotes":"","_links_to":"","_links_to_target":""},"class_list":["post-2398","page","type-page","status-publish","hentry","entry"],"_links":{"self":[{"href":"https:\/\/posgraduacao.fob.usp.br\/pb\/wp-json\/wp\/v2\/pages\/2398","targetHints":{"allow":["GET"]}}],"collection":[{"href":"https:\/\/posgraduacao.fob.usp.br\/pb\/wp-json\/wp\/v2\/pages"}],"about":[{"href":"https:\/\/posgraduacao.fob.usp.br\/pb\/wp-json\/wp\/v2\/types\/page"}],"author":[{"embeddable":true,"href":"https:\/\/posgraduacao.fob.usp.br\/pb\/wp-json\/wp\/v2\/users\/344"}],"replies":[{"embeddable":true,"href":"https:\/\/posgraduacao.fob.usp.br\/pb\/wp-json\/wp\/v2\/comments?post=2398"}],"version-history":[{"count":4,"href":"https:\/\/posgraduacao.fob.usp.br\/pb\/wp-json\/wp\/v2\/pages\/2398\/revisions"}],"predecessor-version":[{"id":6301,"href":"https:\/\/posgraduacao.fob.usp.br\/pb\/wp-json\/wp\/v2\/pages\/2398\/revisions\/6301"}],"wp:attachment":[{"href":"https:\/\/posgraduacao.fob.usp.br\/pb\/wp-json\/wp\/v2\/media?parent=2398"}],"curies":[{"name":"wp","href":"https:\/\/api.w.org\/{rel}","templated":true}]}}