{"id":3180,"date":"2020-08-25T13:34:36","date_gmt":"2020-08-25T16:34:36","guid":{"rendered":"http:\/\/posgraduacao1.fob.usp.br\/?page_id=3180"},"modified":"2026-03-17T16:46:04","modified_gmt":"2026-03-17T19:46:04","slug":"formularios-cpg","status":"publish","type":"page","link":"https:\/\/posgraduacao.fob.usp.br\/pb\/formularios-cpg\/","title":{"rendered":"Formul\u00e1rios CPG"},"content":{"rendered":"<h2><span style=\"color: #ff0000;\"><strong>ATEN\u00c7\u00c3O \u21d2 <\/strong><\/span><a href=\"https:\/\/posgraduacao.fob.usp.br\/wp-content\/uploads\/sites\/731\/2023\/05\/Circular-01-2023-Assinaturas-em-documentos.pdf\">Of\u00edcio Circular 001\/2023 &#8211; Assinatura em documentos<\/a><\/h2>\n<h2><strong><br \/>\nMatr\u00edcula:<\/strong><\/h2>\n<p>&#8211; <a href=\"https:\/\/posgraduacao.fob.usp.br\/wp-content\/uploads\/sites\/731\/2021\/07\/MATRICULA-SEMESTRAL-FORA-DO-PRAZO.doc\">Solicita\u00e7\u00e3o de Matr\u00edcula Semestral fora do prazo <\/a><strong>(envio via Janus =&gt; Requerimentos)<\/strong><br \/>\n&#8211; <a href=\"https:\/\/posgraduacao.fob.usp.br\/wp-content\/uploads\/sites\/731\/2025\/08\/2025-MATRICULA-EM-DISCIPLINA-FORA-DO-PRAZO.doc\">Solicita\u00e7\u00e3o de Matr\u00edcula em Disciplina fora do prazo <\/a><strong>(envio via Janus =&gt; Requerimentos)<\/strong><br \/>\n&#8211; <a href=\"https:\/\/posgraduacao.fob.usp.br\/wp-content\/uploads\/sites\/731\/2022\/07\/TRANCAMENTO-DE-MATRICULA.docx\">Trancamento de Matr\u00edcula<\/a> <strong>(envio via Janus =&gt; Requerimentos)<\/strong><br \/>\n&#8211; <a href=\"https:\/\/posgraduacao.fob.usp.br\/wp-content\/uploads\/sites\/731\/2022\/05\/REQUERIMENTO-PRORROGACAO.docx\">Solicita\u00e7\u00e3o de Prorroga\u00e7\u00e3o do Prazo de Dep\u00f3sito (<strong>Regimental<\/strong>)<\/a> <strong>(envio via Janus =&gt; Requerimentos)<\/strong><\/p>\n<h2><\/h2>\n<h2><strong>Formul\u00e1rios para Dep\u00f3sito:<\/strong><\/h2>\n<p>&#8211; <a href=\"https:\/\/posgraduacao.fob.usp.br\/wp-content\/uploads\/sites\/731\/2025\/10\/documentacao_necessaria_deposito_OUTUBRO_2025.docx\" target=\"_blank\" rel=\"noopener\">Documenta\u00e7\u00e3o necess\u00e1ria para dep\u00f3sito<\/a><br \/>\n&#8211; <a href=\"https:\/\/posgraduacao.fob.usp.br\/wp-content\/uploads\/sites\/731\/2025\/11\/2025_novo_nov_formulario_para_solicitacao_de_composicao_de_banca.doc\">Formul\u00e1rio para composi\u00e7\u00e3o da Banca\u00a0<\/a><br \/>\n&#8211; <a href=\"https:\/\/posgraduacao.fob.usp.br\/wp-content\/uploads\/sites\/731\/2026\/03\/2026-marco-PASSO-A-PASSO-PARA-PREENCHIMENTO-DO-FORMULARIO-DE-COMPOSICAO-DE-BANCA.pdf\">Passo a passo para preenchimento do formul\u00e1rio<\/a><br \/>\n&#8211;\u00a0<a href=\"https:\/\/posgraduacao.fob.usp.br\/wp-content\/uploads\/sites\/731\/2021\/10\/termo_responsabilidade_conteudo_digital.doc\">Termo de responsabilidade do conte\u00fado digital<\/a><br \/>\n&#8211;\u00a0<a href=\"https:\/\/posgraduacao.fob.usp.br\/wp-content\/uploads\/sites\/731\/2024\/02\/2024-SOLICITACAO-PARA-ACERVO-RESERVADO.docx\">Solicita\u00e7\u00e3o para acervo reservado<\/a><br \/>\n&#8211; <a href=\"https:\/\/posgraduacao.fob.usp.br\/wp-content\/uploads\/sites\/731\/2023\/06\/Orientacao-para-correcao-de-dissertacao-e-tese-2023.pdf\">Orienta\u00e7\u00e3o para corre\u00e7\u00e3o da disserta\u00e7\u00e3o\/tese<\/a><br \/>\n&#8211;\u00a0<a href=\"https:\/\/posgraduacao.fob.usp.br\/wp-content\/uploads\/sites\/731\/2024\/06\/FORMULARIO-PARA-PAGAMENTO-DE-AUXILIO-DIARIA.docx\">Pagamento de aux\u00edlio di\u00e1ria (Se houver viagem de membro externo)<\/a><\/p>\n<p>\u27a1 Caso o trabalho seja depositado no formato de artigo (submetido\/publicado\/aceito) \u00e9 obrigat\u00f3rio a inclus\u00e3o da <a href=\"https:\/\/posgraduacao.fob.usp.br\/wp-content\/uploads\/sites\/731\/2023\/05\/Declaracao-uso-exclusivo-artigo-2.docx\">Declara\u00e7\u00e3o de uso exclusivo<\/a> de artigo nos anexos do trabalho.<\/p>\n<h3><a style=\"color: #13aff0; text-decoration-style: dotted; text-decoration-skip-ink: none;\" href=\"https:\/\/posgraduacao.fob.usp.br\/deposito-do-trabalho-on-line-via-janus-orientacoes\/\">Orienta\u00e7\u00f5es para Dep\u00f3sito do trabalho on-line (Via Janus) &#8211; Clique aqui<\/a><\/h3>\n<h3><a href=\"https:\/\/posgraduacao.fob.usp.br\/orientacoes-para-defesas-via-google-meet-zoom-e-outros\/\">Orienta\u00e7\u00f5es para Defesas com participantes externos via Google Meet (Defesas h\u00edbridas) &#8211; Clique aqui<\/a><\/h3>\n<p>&nbsp;<\/p>\n<h2><a href=\"https:\/\/posgraduacao.fob.usp.br\/wp-content\/uploads\/sites\/731\/2023\/02\/Instrucoes-uso-anfiteatros-1.pdf\"><span style=\"color: #ff0000;\"> \u27a1 ATEN\u00c7\u00c3O:<\/span> <span style=\"color: #0000ff;\">Instru\u00e7\u00f5es para uso dos Anfiteatros<\/span><\/a><\/h2>\n<h3><span style=\"color: #3366ff;\"><a style=\"color: #3366ff; text-decoration-skip-ink: none;\" href=\"https:\/\/posgraduacao.fob.usp.br\/wp-content\/uploads\/sites\/731\/2024\/03\/redefinir_a_senha_para_acessar_pc_anf-1.pdf\">Como acessar pela 1\u00aa vez (ou redefinir senha) nos computador do Anfiteatro<\/a><\/span><\/h3>\n<h3><span style=\"color: #3366ff;\"><a style=\"color: #3366ff; text-decoration-skip-ink: none;\" href=\"https:\/\/posgraduacao.fob.usp.br\/wp-content\/uploads\/sites\/731\/2023\/09\/como-salvar-apresentacao-keynote-ppt.pdf\">Como converter sua apresenta\u00e7\u00e3o do KEYNOTE para o POWERPOINT<\/a><\/span><\/h3>\n<h3><span style=\"color: #3366ff;\"><a style=\"color: #3366ff; text-decoration-skip-ink: none;\" href=\"https:\/\/posgraduacao.fob.usp.br\/wp-content\/uploads\/sites\/731\/2023\/09\/como-salvar-apresentacao-ppt.pdf\">Como salvar sua apresenta\u00e7\u00e3o no POWERPOINT com arquivos que ser\u00e3o reproduzidos em outro computador<\/a><\/span><\/h3>\n<h3><span style=\"color: #3366ff;\"><a style=\"color: #3366ff;\" href=\"https:\/\/posgraduacao.fob.usp.br\/wp-content\/uploads\/sites\/731\/2024\/03\/redefinir_a_senha_para_acessar_pc_anf-1.pdf\">Como abrir e realizar a sua apresenta\u00e7\u00e3o do Keynote diretamente a partir do ICLOUD<\/a><\/span><\/h3>\n<p>&nbsp;<\/p>\n<h2><strong>Disciplinas:<\/strong><\/h2>\n<p>&#8211; <a href=\"https:\/\/posgraduacao.fob.usp.br\/wp-content\/uploads\/sites\/731\/2023\/12\/Formulario_disciplinas.doc\">Formul\u00e1rio para apresenta\u00e7\u00e3o de disciplina <\/a><strong>(envio via Janus =&gt; Requerimentos)<\/strong><br \/>\n&#8211; <a href=\"https:\/\/posgraduacao.fob.usp.br\/wp-content\/uploads\/sites\/731\/2023\/12\/formulario_abertura_de_turma.doc\">Abertura de turma <\/a><strong>(envio =&gt; Impresso)<\/strong><\/p>\n<h2><\/h2>\n<h2><strong>OUTROS:<\/strong><\/h2>\n<p>&#8211; <a href=\"https:\/\/posgraduacao.fob.usp.br\/wp-content\/uploads\/sites\/731\/2020\/08\/cep_docs_proj_pesquisa_termo_de_aquiescencia.doc\">Termo de aquiesc\u00eancia (CEP)<\/a> <strong>(envio =&gt; Impresso)<\/strong><br \/>\n&#8211; <a href=\"https:\/\/posgraduacao.fob.usp.br\/wp-content\/uploads\/sites\/731\/2024\/12\/2024_CADASTRO_DOCENTE_EXTERNO_NOVO.doc\">Cadastro docente externo<\/a> <strong>(envio =&gt; e-mail ou impresso)<\/strong><br \/>\n&#8211; <a href=\"http:\/\/posgraduacao.fob.usp.br\/wp-content\/uploads\/sites\/731\/2020\/08\/area-anexa-formulario.pdf\">\u00c1rea anexa<\/a> <strong>(envio =&gt; Impresso)<\/strong><br \/>\n&#8211; <a href=\"http:\/\/posgraduacao.fob.usp.br\/wp-content\/uploads\/sites\/731\/2020\/08\/area-anexa-normas-utilizacao.pdf\">Normas para utiliza\u00e7\u00e3o da \u00e1rea anexa<\/a><br \/>\n&#8211; <a href=\"https:\/\/posgraduacao.fob.usp.br\/wp-content\/uploads\/sites\/731\/2021\/03\/modelo_procuracao.doc\">Modelo procura\u00e7\u00e3o<\/a> <strong>(envio =&gt; Original impresso)<\/strong>","protected":false},"excerpt":{"rendered":"<p>ATEN\u00c7\u00c3O \u21d2 Of\u00edcio Circular 001\/2023 &#8211; Assinatura em documentos Matr\u00edcula: &#8211; Solicita\u00e7\u00e3o de Matr\u00edcula Semestral fora do prazo (envio via Janus =&gt; Requerimentos) &#8211; Solicita\u00e7\u00e3o de Matr\u00edcula em Disciplina fora do prazo (envio via Janus =&gt; Requerimentos) &#8211; Trancamento de Matr\u00edcula (envio via Janus =&gt; Requerimentos) &#8211; Solicita\u00e7\u00e3o de Prorroga\u00e7\u00e3o do Prazo de Dep\u00f3sito (Regimental) [&hellip;]<\/p>\n","protected":false},"author":344,"featured_media":0,"parent":0,"menu_order":0,"comment_status":"closed","ping_status":"closed","template":"","meta":{"_monsterinsights_skip_tracking":false,"_monsterinsights_sitenote_active":false,"_monsterinsights_sitenote_note":"","_monsterinsights_sitenote_category":0,"footnotes":"","_links_to":"","_links_to_target":""},"class_list":["post-3180","page","type-page","status-publish","hentry","entry"],"_links":{"self":[{"href":"https:\/\/posgraduacao.fob.usp.br\/pb\/wp-json\/wp\/v2\/pages\/3180","targetHints":{"allow":["GET"]}}],"collection":[{"href":"https:\/\/posgraduacao.fob.usp.br\/pb\/wp-json\/wp\/v2\/pages"}],"about":[{"href":"https:\/\/posgraduacao.fob.usp.br\/pb\/wp-json\/wp\/v2\/types\/page"}],"author":[{"embeddable":true,"href":"https:\/\/posgraduacao.fob.usp.br\/pb\/wp-json\/wp\/v2\/users\/344"}],"replies":[{"embeddable":true,"href":"https:\/\/posgraduacao.fob.usp.br\/pb\/wp-json\/wp\/v2\/comments?post=3180"}],"version-history":[{"count":4,"href":"https:\/\/posgraduacao.fob.usp.br\/pb\/wp-json\/wp\/v2\/pages\/3180\/revisions"}],"predecessor-version":[{"id":6358,"href":"https:\/\/posgraduacao.fob.usp.br\/pb\/wp-json\/wp\/v2\/pages\/3180\/revisions\/6358"}],"wp:attachment":[{"href":"https:\/\/posgraduacao.fob.usp.br\/pb\/wp-json\/wp\/v2\/media?parent=3180"}],"curies":[{"name":"wp","href":"https:\/\/api.w.org\/{rel}","templated":true}]}}