{"id":3293,"date":"2020-08-26T17:23:01","date_gmt":"2020-08-26T20:23:01","guid":{"rendered":"http:\/\/posgraduacao1.fob.usp.br\/?page_id=3293"},"modified":"2025-08-05T07:51:44","modified_gmt":"2025-08-05T10:51:44","slug":"comissao-coordenadora-do-programa-fonoaudiologia","status":"publish","type":"page","link":"https:\/\/posgraduacao.fob.usp.br\/pb\/programas\/fonoaudiologia\/comissao-coordenadora-do-programa-fonoaudiologia\/","title":{"rendered":"COMISS\u00c3O COORDENADORA DO PROGRAMA FONOAUDIOLOGIA"},"content":{"rendered":"<h4>Mandato da Comiss\u00e3o Coordenadora do Programa: 10\/06\/2025 a 09\/06\/2027:<\/h4>\n<p>Linha de Pesquisa Processos e Dist\u00farbios da Linguagem:<br \/>\n&#8211; Profa. Dra. Luciana Paula Maximino \u2013 Titular<br \/>\n&#8211; Profa. Dra. Dion\u00edsia Aparecida Cusin Lam\u00f4nica \u2013 Suplente<\/p>\n<p>Linha de Pesquisa Processos e Dist\u00farbios da Audi\u00e7\u00e3o:<br \/>\n&#8211; Profa. Dra. Lilian Cassia Bornia Jacob \u2013 Titular<br \/>\n&#8211; Profa. Dra. Regina Tangerino de Souza Jacob \u2013 Suplente<\/p>\n<p>Linha de Pesquisa Processos e Dist\u00farbios da Voz, Fala e Fun\u00e7\u00f5es Orofaciais:<br \/>\n&#8211; Profa. Dra. Gi\u00e9dre Berretin \u2013 Titular<br \/>\n&#8211; Profa. Dra. Alcione Ghedini Brasolotto \u2013 Suplente<\/p>\n<p>Linha de Pesquisa Telessa\u00fade em Fonoaudiologia<br \/>\n&#8211; Profa. Dra. Kelly Cristina Alves Silv\u00e9rio \u2013 Titular<br \/>\n&#8211; Profa. Dra. Wanderleia Quinhoneiro Blasca \u2013 Suplente<\/p>\n<p><strong>Coordenadora:<\/strong> Profa. Dra. Luciana Paula Maximino<br \/>\nSuplente: Profa. Dra. Lilian Cassia Bornia Jacob<br \/>\nMandato: 10\/06\/2025 at\u00e9 a presente data<\/p>\n<p>Representa\u00e7\u00e3o Discente &#8211; Mandato: 29.07.2025 a 28.07.2026:<br \/>\n&#8211; Carolina Felix Providello \u2013 titular<br \/>\n&#8211; Gabriel Thomazini Salazar &#8211; suplente<\/p>\n<p><strong>Secret\u00e1ria:<\/strong> Karina Ferreira Barros Delazari","protected":false},"excerpt":{"rendered":"<p>Mandato da Comiss\u00e3o Coordenadora do Programa: 10\/06\/2025 a 09\/06\/2027: Linha de Pesquisa Processos e Dist\u00farbios da Linguagem: &#8211; Profa. Dra. Luciana Paula Maximino \u2013 Titular &#8211; Profa. Dra. Dion\u00edsia Aparecida Cusin Lam\u00f4nica \u2013 Suplente Linha de Pesquisa Processos e Dist\u00farbios da Audi\u00e7\u00e3o: &#8211; Profa. Dra. Lilian Cassia Bornia Jacob \u2013 Titular &#8211; Profa. Dra. Regina [&hellip;]<\/p>\n","protected":false},"author":344,"featured_media":0,"parent":838,"menu_order":0,"comment_status":"closed","ping_status":"closed","template":"","meta":{"_monsterinsights_skip_tracking":false,"_monsterinsights_sitenote_active":false,"_monsterinsights_sitenote_note":"","_monsterinsights_sitenote_category":0,"footnotes":"","_links_to":"","_links_to_target":""},"class_list":["post-3293","page","type-page","status-publish","hentry","entry"],"_links":{"self":[{"href":"https:\/\/posgraduacao.fob.usp.br\/pb\/wp-json\/wp\/v2\/pages\/3293","targetHints":{"allow":["GET"]}}],"collection":[{"href":"https:\/\/posgraduacao.fob.usp.br\/pb\/wp-json\/wp\/v2\/pages"}],"about":[{"href":"https:\/\/posgraduacao.fob.usp.br\/pb\/wp-json\/wp\/v2\/types\/page"}],"author":[{"embeddable":true,"href":"https:\/\/posgraduacao.fob.usp.br\/pb\/wp-json\/wp\/v2\/users\/344"}],"replies":[{"embeddable":true,"href":"https:\/\/posgraduacao.fob.usp.br\/pb\/wp-json\/wp\/v2\/comments?post=3293"}],"version-history":[{"count":4,"href":"https:\/\/posgraduacao.fob.usp.br\/pb\/wp-json\/wp\/v2\/pages\/3293\/revisions"}],"predecessor-version":[{"id":6071,"href":"https:\/\/posgraduacao.fob.usp.br\/pb\/wp-json\/wp\/v2\/pages\/3293\/revisions\/6071"}],"up":[{"embeddable":true,"href":"https:\/\/posgraduacao.fob.usp.br\/pb\/wp-json\/wp\/v2\/pages\/838"}],"wp:attachment":[{"href":"https:\/\/posgraduacao.fob.usp.br\/pb\/wp-json\/wp\/v2\/media?parent=3293"}],"curies":[{"name":"wp","href":"https:\/\/api.w.org\/{rel}","templated":true}]}}