{"id":4333,"date":"2021-11-18T14:23:59","date_gmt":"2021-11-18T17:23:59","guid":{"rendered":"https:\/\/posgraduacao.fob.usp.br\/?page_id=4333"},"modified":"2023-02-16T08:13:51","modified_gmt":"2023-02-16T11:13:51","slug":"deposito-do-trabalho-on-line-via-janus-orientacoes","status":"publish","type":"page","link":"https:\/\/posgraduacao.fob.usp.br\/pb\/deposito-do-trabalho-on-line-via-janus-orientacoes\/","title":{"rendered":"Dep\u00f3sito do trabalho on-line (Via Janus) &#8211; Orienta\u00e7\u00f5es"},"content":{"rendered":"Os documentos necess\u00e1rios para serem inseridos em PDF no sistema, est\u00e3o listados em Formul\u00e1rios para Dep\u00f3sito.<\/p>\n<p>O aluno dever\u00e1 acessar o sistema Janus\u00a0\u27a1\u00a0Aluno Regular\u00a0\u27a1\u00a0Dep\u00f3sito Digital.<\/p>\n<p>Preencher todos os campos exigidos para depois submeter o dep\u00f3sito.<\/p>\n<p><strong>OBS:<\/strong><br \/>\n<strong>1 .<\/strong> Solicitamos uma especial aten\u00e7\u00e3o no T\u00edtulo do trabalho, apenas a primeira letra do t\u00edtulo deve estar em letra mai\u00fascula, todo o restante, obrigatoriamente, deve ser em letra min\u00fascula, salvo nomes pr\u00f3prios ou siglas. (Aten\u00e7\u00e3o: N\u00e3o se deve colocar o t\u00edtulo em torno de aspas, pois o sistema faz isso automaticamente. Tamb\u00e9m n\u00e3o se deve colocar ponto final ap\u00f3s o t\u00edtulo.)<br \/>\n<strong>2.<\/strong>\u00a0N\u00famero de p\u00e1ginas: deve ser exatamente o n\u00famero final que consta impresso na \u00faltima p\u00e1gina do trabalho e na ficha catalogr\u00e1fica.<br \/>\n<strong>3.<\/strong>\u00a0Volume:\u00a0<strong>1 (UM)<\/strong><br \/>\n<strong>4. <\/strong>Anu\u00eancia de dep\u00f3sito pelo orientador (PDF): Inserir novamente o formul\u00e1rio de composi\u00e7\u00e3o da Banca, assinado pelo seu orientador.<br \/>\n<strong>5<\/strong>. Enviar o formul\u00e1rio de banca por e-mail, antes de submeter o dep\u00f3sito no Janus, para que o Servi\u00e7o de P\u00f3s-Gradua\u00e7\u00e3o possa verificar se est\u00e1 correto.","protected":false},"excerpt":{"rendered":"<p>Os documentos necess\u00e1rios para serem inseridos em PDF no sistema, est\u00e3o listados em Formul\u00e1rios para Dep\u00f3sito. O aluno dever\u00e1 acessar o sistema Janus\u00a0\u27a1\u00a0Aluno Regular\u00a0\u27a1\u00a0Dep\u00f3sito Digital. Preencher todos os campos exigidos para depois submeter o dep\u00f3sito. OBS: 1 . Solicitamos uma especial aten\u00e7\u00e3o no T\u00edtulo do trabalho, apenas a primeira letra do t\u00edtulo deve estar em [&hellip;]<\/p>\n","protected":false},"author":344,"featured_media":0,"parent":0,"menu_order":0,"comment_status":"closed","ping_status":"closed","template":"","meta":{"_monsterinsights_skip_tracking":false,"_monsterinsights_sitenote_active":false,"_monsterinsights_sitenote_note":"","_monsterinsights_sitenote_category":0,"footnotes":"","_links_to":"","_links_to_target":""},"class_list":["post-4333","page","type-page","status-publish","hentry","entry"],"_links":{"self":[{"href":"https:\/\/posgraduacao.fob.usp.br\/pb\/wp-json\/wp\/v2\/pages\/4333","targetHints":{"allow":["GET"]}}],"collection":[{"href":"https:\/\/posgraduacao.fob.usp.br\/pb\/wp-json\/wp\/v2\/pages"}],"about":[{"href":"https:\/\/posgraduacao.fob.usp.br\/pb\/wp-json\/wp\/v2\/types\/page"}],"author":[{"embeddable":true,"href":"https:\/\/posgraduacao.fob.usp.br\/pb\/wp-json\/wp\/v2\/users\/344"}],"replies":[{"embeddable":true,"href":"https:\/\/posgraduacao.fob.usp.br\/pb\/wp-json\/wp\/v2\/comments?post=4333"}],"version-history":[{"count":3,"href":"https:\/\/posgraduacao.fob.usp.br\/pb\/wp-json\/wp\/v2\/pages\/4333\/revisions"}],"predecessor-version":[{"id":4987,"href":"https:\/\/posgraduacao.fob.usp.br\/pb\/wp-json\/wp\/v2\/pages\/4333\/revisions\/4987"}],"wp:attachment":[{"href":"https:\/\/posgraduacao.fob.usp.br\/pb\/wp-json\/wp\/v2\/media?parent=4333"}],"curies":[{"name":"wp","href":"https:\/\/api.w.org\/{rel}","templated":true}]}}