{"id":4457,"date":"2022-02-21T12:42:22","date_gmt":"2022-02-21T15:42:22","guid":{"rendered":"https:\/\/posgraduacao.fob.usp.br\/?page_id=4457"},"modified":"2023-02-10T10:39:55","modified_gmt":"2023-02-10T13:39:55","slug":"linha-processos-e-disturbios-da-voz-fala-e-das-funcoes-orofaciais","status":"publish","type":"page","link":"https:\/\/posgraduacao.fob.usp.br\/pb\/programas\/fonoaudiologia\/linha-processos-e-disturbios-da-voz-fala-e-das-funcoes-orofaciais\/","title":{"rendered":"Linha: Processos e Dist\u00farbios da Voz, Fala e das Fun\u00e7\u00f5es Orofaciais"},"content":{"rendered":"<strong>Descri\u00e7\u00e3o:<\/strong><\/p>\n<p style=\"text-align: justify;\">Esta linha de pesquisa concentra estudos sobre o desenvolvimento da voz, da fala e das fun\u00e7\u00f5es de respira\u00e7\u00e3o, de mastiga\u00e7\u00e3o, de degluti\u00e7\u00e3o e velofar\u00edngea, al\u00e9m de estudos sobre avalia\u00e7\u00e3o, diagn\u00f3stico e tratamento dos dist\u00farbios relacionados a estas fun\u00e7\u00f5es. Para o desenvolvimento das pesquisas, s\u00e3o utilizados m\u00e9todos cl\u00ednicos e instrumentais, com uso dos equipamentos pertencentes aos laborat\u00f3rios de voz, de motricidade orofacial, de otorrinolaringologia e de disfun\u00e7\u00e3o velofar\u00edngea. H\u00e1 intensa integra\u00e7\u00e3o entre as diversas \u00e1reas de estudo da pr\u00f3pria linha de pesquisa, destas \u00e1reas com outras \u00e1reas da Fonoaudiologia e com \u00e1reas de ci\u00eancias afins, como odontologia, medicina, psicologia, nutri\u00e7\u00e3o, fisioterapia, dentre outros, o que gera conhecimentos aplic\u00e1veis em diversas esferas. O conhecimento gerado por estes estudos tem proporcionado melhor qualidade de vida \u00e0 comunidade por meio de novos direcionamentos de tratamentos e pelo desenvolvimento de pol\u00edticas p\u00fablicas.<\/p>\n<p><strong>\u00a0<\/strong> <strong>\u00a0<\/strong><\/p>\n<h3 style=\"text-align: center;\"><span style=\"color: #33cccc;\"><strong>Conhe\u00e7a as docentes desta linha e seus projetos<\/strong><\/span><\/h3>\n<p>&nbsp;<\/p>\n<p><strong>\u00a0<\/strong><strong>AVALIA\u00c7\u00c3O E INTERVEN\u00c7\u00c3O EM VOZ, FALA E FUN\u00c7\u00d5ES OROFACIAIS<\/strong><\/p>\n<p><strong>\u00a0<\/strong><strong>Descri\u00e7\u00e3o:<\/strong><\/p>\n<p style=\"text-align: justify;\">A proposta desse projeto \u00e9 estudar o desenvolvimento, o padr\u00e3o de normalidade e os dist\u00farbios da voz e das fun\u00e7\u00f5es de respira\u00e7\u00e3o, mastiga\u00e7\u00e3o, degluti\u00e7\u00e3o e fala, por meio de m\u00e9todos cl\u00ednicos e instrumentais, a fim de auxiliar na preven\u00e7\u00e3o, na defini\u00e7\u00e3o do diagn\u00f3stico e no direcionamento da interven\u00e7\u00e3o apropriada, bem como na comprova\u00e7\u00e3o da efic\u00e1cia do tratamento para cada tipo de dist\u00farbio, contribuindo para uma melhor qualidade de vida dos indiv\u00edduos.<\/p>\n<p>Docentes participantes: Alcione Ghedini Brasolotto, Dagma Venturini Marques Abramides, Giedre Berretin<\/p>\n<p><strong>Respons\u00e1vel: KELLY CRISTINA ALVES SILVERIO<\/strong><\/p>\n<p><u><a href=\"https:\/\/posgraduacao.fob.usp.br\/wp-content\/uploads\/sites\/731\/2022\/02\/Kelly.jpg\"><img fetchpriority=\"high\" decoding=\"async\" class=\"alignnone wp-image-4442\" src=\"https:\/\/posgraduacao.fob.usp.br\/wp-content\/uploads\/sites\/731\/2022\/02\/Kelly-298x300.jpg\" alt=\"\" width=\"596\" height=\"600\" data-id=\"4442\" srcset=\"https:\/\/posgraduacao.fob.usp.br\/wp-content\/uploads\/sites\/731\/2022\/02\/Kelly-298x300.jpg 298w, https:\/\/posgraduacao.fob.usp.br\/wp-content\/uploads\/sites\/731\/2022\/02\/Kelly-1016x1024.jpg 1016w, https:\/\/posgraduacao.fob.usp.br\/wp-content\/uploads\/sites\/731\/2022\/02\/Kelly-150x150.jpg 150w, https:\/\/posgraduacao.fob.usp.br\/wp-content\/uploads\/sites\/731\/2022\/02\/Kelly-768x774.jpg 768w, https:\/\/posgraduacao.fob.usp.br\/wp-content\/uploads\/sites\/731\/2022\/02\/Kelly-45x45.jpg 45w, https:\/\/posgraduacao.fob.usp.br\/wp-content\/uploads\/sites\/731\/2022\/02\/Kelly-200x200.jpg 200w, https:\/\/posgraduacao.fob.usp.br\/wp-content\/uploads\/sites\/731\/2022\/02\/Kelly-400x403.jpg 400w, https:\/\/posgraduacao.fob.usp.br\/wp-content\/uploads\/sites\/731\/2022\/02\/Kelly.jpg 1052w\" sizes=\"(max-width: 596px) 100vw, 596px\" \/><\/a><\/u><u><\/u><\/p>\n<p><a href=\"http:\/\/lattes.cnpq.br\/4577572952735941\">http:\/\/lattes.cnpq.br\/4577572952735941<\/a><br \/>\n<a href=\"https:\/\/orcid.org\/0000-0002-0775-9381\">https:\/\/orcid.org\/0000-0002-0775-9381<\/a><\/p>\n<ul>\n<li><strong>FUN\u00c7\u00d5ES OROFACIAIS E VOZ EM CASOS ODONTOL\u00d3GICOS E ONCOL\u00d3GICOS<\/strong><\/li>\n<\/ul>\n<p><strong>\u00a0<\/strong><strong>Descri\u00e7\u00e3o:<\/strong><\/p>\n<p style=\"text-align: justify;\">Este projeto tem por objetivo estudar as fun\u00e7\u00f5es orofaciais e a voz na popula\u00e7\u00e3o odontol\u00f3gica, nos diferentes ciclos da vida, como tamb\u00e9m, em indiv\u00edduos submetidos ao tratamento antineopl\u00e1sico. A partir da caracteriza\u00e7\u00e3o dos sistemas estomatogm\u00e1tico e fonat\u00f3rio, por meio de exames cl\u00ednicos e instrumentais, em distintas condi\u00e7\u00f5es e fases do tratamento odontol\u00f3gico, espera-se compreender os ajustes funcionais realizados pelos pacientes para o desempenho das fun\u00e7\u00f5es de voz, fala, respira\u00e7\u00e3o, mastiga\u00e7\u00e3o e degluti\u00e7\u00e3o, nos diferentes ciclos da vida. Adicionalmente, espera-se compreender aspectos fisiol\u00f3gicos relacionados \u00e0 comunica\u00e7\u00e3o oral e alimenta\u00e7\u00e3o em pacientes ap\u00f3s o tratamento de cabe\u00e7a e pesco\u00e7o, al\u00e9m de investigar diferentes propostas de reabilita\u00e7\u00e3o, numa abordagem interdisciplinar. Tais informa\u00e7\u00f5es possibilitar\u00e3o propor a\u00e7\u00f5es de preven\u00e7\u00e3o, diagn\u00f3stico e tratamento fonoaudiol\u00f3gico apropriado aos casos atendidos em distintas especialidades odontol\u00f3gicas e em oncologia na \u00e1rea de cabe\u00e7a e pesco\u00e7o.<\/p>\n<p>Docentes participantes: Alcione Ghedini Brasolotto<\/p>\n<p><strong>Respons\u00e1vel: GIEDRE BERRETIN<\/strong><\/p>\n<p><a href=\"https:\/\/posgraduacao.fob.usp.br\/wp-content\/uploads\/sites\/731\/2022\/02\/Giedre.jpg\"><img decoding=\"async\" class=\"alignnone wp-image-4441\" src=\"https:\/\/posgraduacao.fob.usp.br\/wp-content\/uploads\/sites\/731\/2022\/02\/Giedre-298x300.jpg\" alt=\"\" width=\"596\" height=\"600\" data-id=\"4441\" srcset=\"https:\/\/posgraduacao.fob.usp.br\/wp-content\/uploads\/sites\/731\/2022\/02\/Giedre-298x300.jpg 298w, https:\/\/posgraduacao.fob.usp.br\/wp-content\/uploads\/sites\/731\/2022\/02\/Giedre-1016x1024.jpg 1016w, https:\/\/posgraduacao.fob.usp.br\/wp-content\/uploads\/sites\/731\/2022\/02\/Giedre-150x150.jpg 150w, https:\/\/posgraduacao.fob.usp.br\/wp-content\/uploads\/sites\/731\/2022\/02\/Giedre-768x774.jpg 768w, https:\/\/posgraduacao.fob.usp.br\/wp-content\/uploads\/sites\/731\/2022\/02\/Giedre-45x45.jpg 45w, https:\/\/posgraduacao.fob.usp.br\/wp-content\/uploads\/sites\/731\/2022\/02\/Giedre-200x200.jpg 200w, https:\/\/posgraduacao.fob.usp.br\/wp-content\/uploads\/sites\/731\/2022\/02\/Giedre-400x403.jpg 400w, https:\/\/posgraduacao.fob.usp.br\/wp-content\/uploads\/sites\/731\/2022\/02\/Giedre.jpg 1058w\" sizes=\"(max-width: 596px) 100vw, 596px\" \/><\/a><\/p>\n<p><a href=\"http:\/\/lattes.cnpq.br\/2975779418096613\">http:\/\/lattes.cnpq.br\/2975779418096613<\/a><br \/>\n<a href=\"http:\/\/orcid.org\/0000-0002-8614-2805\">http:\/\/orcid.org\/0000-0002-8614-2805<\/a><\/p>\n<ul>\n<li><strong>VOZ, FALA E DEGLUTI\u00c7\u00c3O NO ENVELHECIMENTO E NO ACOMETIMENTO NEUROL\u00d3GICO<\/strong><\/li>\n<\/ul>\n<p><strong>\u00a0<\/strong><strong>Descri\u00e7\u00e3o:<\/strong><\/p>\n<p style=\"text-align: justify;\">A fisiologia da voz, fala e fun\u00e7\u00f5es orofaciais em idosos apresenta diferen\u00e7as em rela\u00e7\u00e3o a esse mesmo aspecto em jovens e adultos, sendo que disfun\u00e7\u00f5es neurol\u00f3gicas podem afetar os mecanismos respons\u00e1veis pela fala, voz e degluti\u00e7\u00e3o, as chamadas disartrofonias e disfagias neurog\u00eanicas. Pretende-se estudar as fun\u00e7\u00f5es de respira\u00e7\u00e3o, degluti\u00e7\u00e3o, fala e voz em idosos saud\u00e1veis e indiv\u00edduos acometidos por doen\u00e7as neurol\u00f3gicas, bem como o impacto de tais condi\u00e7\u00f5es na qualidade de vida dessa popula\u00e7\u00e3o. Adicionalmente pretende-se verificar o efeito de diferentes modalidades de tratamento voltadas aos dist\u00farbios da voz, degluti\u00e7\u00e3o e fala nessa popula\u00e7\u00e3o.<\/p>\n<p>Docentes participantes: Giedre Berretin, Kelly Cristina Alves Silverio<\/p>\n<p><strong>Respons\u00e1vel: ALCIONE GHEDINI BRASOLOTTO<\/strong><\/p>\n<p><a href=\"https:\/\/posgraduacao.fob.usp.br\/wp-content\/uploads\/sites\/731\/2022\/02\/Alcione-Ghed.png\"><img decoding=\"async\" class=\"alignnone wp-image-4499\" src=\"https:\/\/posgraduacao.fob.usp.br\/wp-content\/uploads\/sites\/731\/2022\/02\/Alcione-Ghed-300x300.png\" alt=\"\" width=\"617\" height=\"617\" data-id=\"4499\" srcset=\"https:\/\/posgraduacao.fob.usp.br\/wp-content\/uploads\/sites\/731\/2022\/02\/Alcione-Ghed-300x300.png 300w, https:\/\/posgraduacao.fob.usp.br\/wp-content\/uploads\/sites\/731\/2022\/02\/Alcione-Ghed-1024x1024.png 1024w, https:\/\/posgraduacao.fob.usp.br\/wp-content\/uploads\/sites\/731\/2022\/02\/Alcione-Ghed-150x150.png 150w, https:\/\/posgraduacao.fob.usp.br\/wp-content\/uploads\/sites\/731\/2022\/02\/Alcione-Ghed-768x768.png 768w, https:\/\/posgraduacao.fob.usp.br\/wp-content\/uploads\/sites\/731\/2022\/02\/Alcione-Ghed-45x45.png 45w, https:\/\/posgraduacao.fob.usp.br\/wp-content\/uploads\/sites\/731\/2022\/02\/Alcione-Ghed-200x200.png 200w, https:\/\/posgraduacao.fob.usp.br\/wp-content\/uploads\/sites\/731\/2022\/02\/Alcione-Ghed-400x400.png 400w, https:\/\/posgraduacao.fob.usp.br\/wp-content\/uploads\/sites\/731\/2022\/02\/Alcione-Ghed.png 1080w\" sizes=\"(max-width: 617px) 100vw, 617px\" \/><\/a><\/p>\n<p><a href=\"http:\/\/lattes.cnpq.br\/8813496611975103\">http:\/\/lattes.cnpq.br\/8813496611975103<\/a><br \/>\n<a href=\"https:\/\/orcid.org\/0000-0001-8685-6376\">https:\/\/orcid.org\/0000-0001-8685-6376<\/a><\/p>\n<p>&nbsp;<\/p>\n<ul>\n<li><strong>AVALIA\u00c7\u00c3O E TRATAMENTO DOS DIST\u00daRBIOS DA COMUNICA\u00c7\u00c3O NAS FISSURAS LABIOPALATAIS<\/strong><\/li>\n<\/ul>\n<p><strong>Descri\u00e7\u00e3o:<\/strong><\/p>\n<p>Este projeto visa investigar as melhores t\u00e9cnicas de preven\u00e7\u00e3o, de avalia\u00e7\u00e3o e de tratamento dos dist\u00farbios da comunica\u00e7\u00e3o, especialmente os de fala (resson\u00e2ncia, voz e articula\u00e7\u00e3o) decorrentes da fissura labiopalatina e dos diferentes tipos de disfun\u00e7\u00e3o velofar\u00edngea. A melhora da fala nestes casos sofre a interfer\u00eancia de diversos fatores, que n\u00e3o s\u00f3 os relacionados \u00e0 disfun\u00e7\u00e3o velofar\u00edngea, \u00e0s altera\u00e7\u00f5es de linguagem e da audi\u00e7\u00e3o, mas tamb\u00e9m aqueles relacionados ao crescimento facial e dos arcos dent\u00e1rios. Portanto, a integra\u00e7\u00e3o de fonoaudi\u00f3logos com profissionais de outras \u00e1reas (m\u00e9dica, odontol\u00f3gica, psicol\u00f3gica, etc) \u00e9 de fundamental import\u00e2ncia neste projeto.<\/p>\n<p>Docentes participantes: Jeniffer de Cassia Rillo Dutka<\/p>\n<p><strong>Respons\u00e1vel: MARIA IN\u00caS PEGORARO KROOK<\/strong><\/p>\n<p><a href=\"https:\/\/posgraduacao.fob.usp.br\/wp-content\/uploads\/sites\/731\/2022\/02\/Maria-Ines.jpg\"><img loading=\"lazy\" decoding=\"async\" class=\"alignnone wp-image-4439\" src=\"https:\/\/posgraduacao.fob.usp.br\/wp-content\/uploads\/sites\/731\/2022\/02\/Maria-Ines-297x300.jpg\" alt=\"\" width=\"604\" height=\"610\" data-id=\"4439\" srcset=\"https:\/\/posgraduacao.fob.usp.br\/wp-content\/uploads\/sites\/731\/2022\/02\/Maria-Ines-297x300.jpg 297w, https:\/\/posgraduacao.fob.usp.br\/wp-content\/uploads\/sites\/731\/2022\/02\/Maria-Ines-1014x1024.jpg 1014w, https:\/\/posgraduacao.fob.usp.br\/wp-content\/uploads\/sites\/731\/2022\/02\/Maria-Ines-150x150.jpg 150w, https:\/\/posgraduacao.fob.usp.br\/wp-content\/uploads\/sites\/731\/2022\/02\/Maria-Ines-768x775.jpg 768w, https:\/\/posgraduacao.fob.usp.br\/wp-content\/uploads\/sites\/731\/2022\/02\/Maria-Ines-45x45.jpg 45w, https:\/\/posgraduacao.fob.usp.br\/wp-content\/uploads\/sites\/731\/2022\/02\/Maria-Ines-400x404.jpg 400w, https:\/\/posgraduacao.fob.usp.br\/wp-content\/uploads\/sites\/731\/2022\/02\/Maria-Ines.jpg 1063w\" sizes=\"(max-width: 604px) 100vw, 604px\" \/><\/a><\/p>\n<p>http:\/\/lattes.cnpq.br\/4655089739518248<br \/>\n<a href=\"https:\/\/orcid.org\/0000-0001-5391-8753\">https:\/\/orcid.org\/0000-0001-5391-8753<\/a><\/p>\n<p>&nbsp;","protected":false},"excerpt":{"rendered":"<p>Descri\u00e7\u00e3o: Esta linha de pesquisa concentra estudos sobre o desenvolvimento da voz, da fala e das fun\u00e7\u00f5es de respira\u00e7\u00e3o, de mastiga\u00e7\u00e3o, de degluti\u00e7\u00e3o e velofar\u00edngea, al\u00e9m de estudos sobre avalia\u00e7\u00e3o, diagn\u00f3stico e tratamento dos dist\u00farbios relacionados a estas fun\u00e7\u00f5es. Para o desenvolvimento das pesquisas, s\u00e3o utilizados m\u00e9todos cl\u00ednicos e instrumentais, com uso dos equipamentos pertencentes [&hellip;]<\/p>\n","protected":false},"author":344,"featured_media":0,"parent":838,"menu_order":0,"comment_status":"closed","ping_status":"closed","template":"","meta":{"_monsterinsights_skip_tracking":false,"_monsterinsights_sitenote_active":false,"_monsterinsights_sitenote_note":"","_monsterinsights_sitenote_category":0,"footnotes":"","_links_to":"","_links_to_target":""},"class_list":["post-4457","page","type-page","status-publish","hentry","entry"],"_links":{"self":[{"href":"https:\/\/posgraduacao.fob.usp.br\/pb\/wp-json\/wp\/v2\/pages\/4457","targetHints":{"allow":["GET"]}}],"collection":[{"href":"https:\/\/posgraduacao.fob.usp.br\/pb\/wp-json\/wp\/v2\/pages"}],"about":[{"href":"https:\/\/posgraduacao.fob.usp.br\/pb\/wp-json\/wp\/v2\/types\/page"}],"author":[{"embeddable":true,"href":"https:\/\/posgraduacao.fob.usp.br\/pb\/wp-json\/wp\/v2\/users\/344"}],"replies":[{"embeddable":true,"href":"https:\/\/posgraduacao.fob.usp.br\/pb\/wp-json\/wp\/v2\/comments?post=4457"}],"version-history":[{"count":4,"href":"https:\/\/posgraduacao.fob.usp.br\/pb\/wp-json\/wp\/v2\/pages\/4457\/revisions"}],"predecessor-version":[{"id":4981,"href":"https:\/\/posgraduacao.fob.usp.br\/pb\/wp-json\/wp\/v2\/pages\/4457\/revisions\/4981"}],"up":[{"embeddable":true,"href":"https:\/\/posgraduacao.fob.usp.br\/pb\/wp-json\/wp\/v2\/pages\/838"}],"wp:attachment":[{"href":"https:\/\/posgraduacao.fob.usp.br\/pb\/wp-json\/wp\/v2\/media?parent=4457"}],"curies":[{"name":"wp","href":"https:\/\/api.w.org\/{rel}","templated":true}]}}