{"id":801,"date":"2016-08-12T14:53:17","date_gmt":"2016-08-12T17:53:17","guid":{"rendered":"http:\/\/sites.usp.br\/fobposgraduacao\/?page_id=801"},"modified":"2025-10-30T16:48:59","modified_gmt":"2025-10-30T19:48:59","slug":"historico","status":"publish","type":"page","link":"https:\/\/posgraduacao.fob.usp.br\/pb\/historico\/","title":{"rendered":"Hist\u00f3rico"},"content":{"rendered":"<p style=\"text-align: justify;\">A P\u00f3s-Gradua\u00e7\u00e3o da FOB foi implantada em 12 de maio de 1970, com o Curso de Odontologia com os programas de Reabilita\u00e7\u00e3o Oral e Diagn\u00f3stico Oral. Outros Programas e \u00c1reas de Concentra\u00e7\u00e3o foram gradativamente criados:<\/p>\n<p style=\"text-align: justify;\">Dent\u00edstica (1972); Ortodontia (1973); Odontopediatria (1975); Periodontia (1977 &#8211; 2002); Endodontia (1981); Patologia (1981); Materiais Dent\u00e1rios (1981); Sa\u00fade Coletiva (1999); Biologia Oral, Estomatologia, Radiologia e Imaginologia\u00a0 (2003), Cirurgia e Traumatologia Bucomaxilofacial (2014); Periodontia (2018).<\/p>\n<p style=\"text-align: justify;\">Em 29 de maio de 2005, foi implantado o programa de p\u00f3s-gradua\u00e7\u00e3o em Fonoaudiologia.<\/p>\n<p style=\"text-align: justify;\">Desde sua implanta\u00e7\u00e3o at\u00e9 dezembro de 2020, a P\u00f3s-gradua\u00e7\u00e3o FOB titulou 1901 alunos de Mestrado e 990 alunos de Doutorado.<\/p>","protected":false},"excerpt":{"rendered":"<p>A P\u00f3s-Gradua\u00e7\u00e3o da FOB foi implantada em 12 de maio de 1970, com o Curso de Odontologia com os programas de Reabilita\u00e7\u00e3o Oral e Diagn\u00f3stico Oral. Outros Programas e \u00c1reas de Concentra\u00e7\u00e3o foram gradativamente criados: Dent\u00edstica (1972); Ortodontia (1973); Odontopediatria (1975); Periodontia (1977 &#8211; 2002); Endodontia (1981); Patologia (1981); Materiais Dent\u00e1rios (1981); Sa\u00fade Coletiva (1999); [&hellip;]<\/p>\n","protected":false},"author":277,"featured_media":0,"parent":0,"menu_order":0,"comment_status":"closed","ping_status":"closed","template":"","meta":{"_monsterinsights_skip_tracking":false,"_monsterinsights_sitenote_active":false,"_monsterinsights_sitenote_note":"","_monsterinsights_sitenote_category":0,"footnotes":"","_links_to":"","_links_to_target":""},"class_list":["post-801","page","type-page","status-publish","hentry","entry"],"_links":{"self":[{"href":"https:\/\/posgraduacao.fob.usp.br\/pb\/wp-json\/wp\/v2\/pages\/801","targetHints":{"allow":["GET"]}}],"collection":[{"href":"https:\/\/posgraduacao.fob.usp.br\/pb\/wp-json\/wp\/v2\/pages"}],"about":[{"href":"https:\/\/posgraduacao.fob.usp.br\/pb\/wp-json\/wp\/v2\/types\/page"}],"author":[{"embeddable":true,"href":"https:\/\/posgraduacao.fob.usp.br\/pb\/wp-json\/wp\/v2\/users\/277"}],"replies":[{"embeddable":true,"href":"https:\/\/posgraduacao.fob.usp.br\/pb\/wp-json\/wp\/v2\/comments?post=801"}],"version-history":[{"count":4,"href":"https:\/\/posgraduacao.fob.usp.br\/pb\/wp-json\/wp\/v2\/pages\/801\/revisions"}],"predecessor-version":[{"id":6157,"href":"https:\/\/posgraduacao.fob.usp.br\/pb\/wp-json\/wp\/v2\/pages\/801\/revisions\/6157"}],"wp:attachment":[{"href":"https:\/\/posgraduacao.fob.usp.br\/pb\/wp-json\/wp\/v2\/media?parent=801"}],"curies":[{"name":"wp","href":"https:\/\/api.w.org\/{rel}","templated":true}]}}