{"id":806,"date":"2016-08-12T15:32:03","date_gmt":"2016-08-12T18:32:03","guid":{"rendered":"http:\/\/sites.usp.br\/fobposgraduacao\/?page_id=806"},"modified":"2023-10-16T09:55:46","modified_gmt":"2023-10-16T12:55:46","slug":"secretaria","status":"publish","type":"page","link":"https:\/\/posgraduacao.fob.usp.br\/pb\/secretaria\/","title":{"rendered":"Servi\u00e7o de P\u00f3s-Gradua\u00e7\u00e3o"},"content":{"rendered":"<h4>Hor\u00e1rio de atendimento: Segunda a sexta-feira, das 8h \u00e0s 12h e das 14h \u00e0s 17h00<\/h4>\n<h4>Endere\u00e7o: Al. Dr. Oct\u00e1vio Pinheiro Brisolla, 9-75 &#8211; 17012-901 Bauru-SP<\/h4>\n<h4>E-mail: posgrad@fob.usp.br \u00a0&#8211; \u00a0 Telefone: 55 14 3235.8223<\/h4>\n<h2><\/h2>\n<h2>Equipe P\u00f3s-Gradua\u00e7\u00e3o<\/h2>\n<p>Ana Let\u00edcia Palombo Momesso<\/p>\n<p>Edna Aparecida Zaupa Nebo<\/p>\n<p>Leila Regina da Silva Yerga Sanchez<\/p>\n<p>Thalita Maria Mancoso Mantovani<\/p>\n<h2>Cl\u00ednica<\/h2>\n<p>Hebe Joselina de Freitas Pereira &#8211; eby@fob.usp.br<br \/>\nAuxiliar de Consult\u00f3rio Dent\u00e1rio<\/p>\n<p>Shirley Inocente Franchi","protected":false},"excerpt":{"rendered":"<p>Hor\u00e1rio de atendimento: Segunda a sexta-feira, das 8h \u00e0s 12h e das 14h \u00e0s 17h00 Endere\u00e7o: Al. Dr. Oct\u00e1vio Pinheiro Brisolla, 9-75 &#8211; 17012-901 Bauru-SP E-mail: posgrad@fob.usp.br \u00a0&#8211; \u00a0 Telefone: 55 14 3235.8223 Equipe P\u00f3s-Gradua\u00e7\u00e3o Ana Let\u00edcia Palombo Momesso Edna Aparecida Zaupa Nebo Leila Regina da Silva Yerga Sanchez Thalita Maria Mancoso Mantovani Cl\u00ednica Hebe [&hellip;]<\/p>\n","protected":false},"author":277,"featured_media":0,"parent":0,"menu_order":0,"comment_status":"closed","ping_status":"closed","template":"","meta":{"_monsterinsights_skip_tracking":false,"_monsterinsights_sitenote_active":false,"_monsterinsights_sitenote_note":"","_monsterinsights_sitenote_category":0,"footnotes":"","_links_to":"","_links_to_target":""},"class_list":["post-806","page","type-page","status-publish","hentry","entry"],"_links":{"self":[{"href":"https:\/\/posgraduacao.fob.usp.br\/pb\/wp-json\/wp\/v2\/pages\/806","targetHints":{"allow":["GET"]}}],"collection":[{"href":"https:\/\/posgraduacao.fob.usp.br\/pb\/wp-json\/wp\/v2\/pages"}],"about":[{"href":"https:\/\/posgraduacao.fob.usp.br\/pb\/wp-json\/wp\/v2\/types\/page"}],"author":[{"embeddable":true,"href":"https:\/\/posgraduacao.fob.usp.br\/pb\/wp-json\/wp\/v2\/users\/277"}],"replies":[{"embeddable":true,"href":"https:\/\/posgraduacao.fob.usp.br\/pb\/wp-json\/wp\/v2\/comments?post=806"}],"version-history":[{"count":4,"href":"https:\/\/posgraduacao.fob.usp.br\/pb\/wp-json\/wp\/v2\/pages\/806\/revisions"}],"predecessor-version":[{"id":5288,"href":"https:\/\/posgraduacao.fob.usp.br\/pb\/wp-json\/wp\/v2\/pages\/806\/revisions\/5288"}],"wp:attachment":[{"href":"https:\/\/posgraduacao.fob.usp.br\/pb\/wp-json\/wp\/v2\/media?parent=806"}],"curies":[{"name":"wp","href":"https:\/\/api.w.org\/{rel}","templated":true}]}}