{"id":815,"date":"2019-05-08T07:00:25","date_gmt":"2019-05-08T10:00:25","guid":{"rendered":"http:\/\/sites.usp.br\/fobposgraduacao\/?page_id=815"},"modified":"2026-03-25T15:27:48","modified_gmt":"2026-03-25T18:27:48","slug":"comissao-pg","status":"publish","type":"page","link":"https:\/\/posgraduacao.fob.usp.br\/pb\/comissao-pg\/","title":{"rendered":"Comiss\u00e3o de P\u00f3s-Gradua\u00e7\u00e3o"},"content":{"rendered":"<h1>Membros da Comiss\u00e3o de P\u00f3s-Gradua\u00e7\u00e3o<\/h1>\n<h2>Presidente e Vice-Presidente &#8211; Mandato 11\/03\/26 a 10\/03\/28<\/h2>\n<p><a href=\"https:\/\/posgraduacao.fob.usp.br\/wp-content\/uploads\/sites\/731\/2026\/03\/foto_leo1-scaled.jpeg\"><img decoding=\"async\" class=\"alignnone  wp-image-6389\" src=\"https:\/\/posgraduacao.fob.usp.br\/wp-content\/uploads\/sites\/731\/2026\/03\/foto_leo1-248x300.jpeg\" alt=\"\" width=\"153\" height=\"185\" data-id=\"6389\" srcset=\"https:\/\/posgraduacao.fob.usp.br\/wp-content\/uploads\/sites\/731\/2026\/03\/foto_leo1-248x300.jpeg 248w, https:\/\/posgraduacao.fob.usp.br\/wp-content\/uploads\/sites\/731\/2026\/03\/foto_leo1-845x1024.jpeg 845w, https:\/\/posgraduacao.fob.usp.br\/wp-content\/uploads\/sites\/731\/2026\/03\/foto_leo1-768x930.jpeg 768w, https:\/\/posgraduacao.fob.usp.br\/wp-content\/uploads\/sites\/731\/2026\/03\/foto_leo1-1268x1536.jpeg 1268w, https:\/\/posgraduacao.fob.usp.br\/wp-content\/uploads\/sites\/731\/2026\/03\/foto_leo1-1691x2048.jpeg 1691w, https:\/\/posgraduacao.fob.usp.br\/wp-content\/uploads\/sites\/731\/2026\/03\/foto_leo1-400x485.jpeg 400w\" sizes=\"(max-width: 153px) 100vw, 153px\" \/><\/a>Prof. Dr. Leonardo Rigoldi Bonjardim (Presidente)\u00a0 \u00a0 <img decoding=\"async\" class=\"alignnone wp-image-985 size-thumbnail\" src=\"https:\/\/posgraduacao.fob.usp.br\/wp-content\/uploads\/sites\/731\/2016\/08\/daniela_garib-150x150.jpg\" alt=\"\" width=\"150\" height=\"150\" data-id=\"985\" srcset=\"https:\/\/posgraduacao.fob.usp.br\/wp-content\/uploads\/sites\/731\/2016\/08\/daniela_garib-150x150.jpg 150w, https:\/\/posgraduacao.fob.usp.br\/wp-content\/uploads\/sites\/731\/2016\/08\/daniela_garib-45x45.jpg 45w, https:\/\/posgraduacao.fob.usp.br\/wp-content\/uploads\/sites\/731\/2016\/08\/daniela_garib-200x200.jpg 200w, https:\/\/posgraduacao.fob.usp.br\/wp-content\/uploads\/sites\/731\/2016\/08\/daniela_garib.jpg 227w\" sizes=\"(max-width: 150px) 100vw, 150px\" \/> Profa. Dra. Daniela Gamba Garib Carreira (Vice-Presidente)<\/p>\n<h2>Corpo Docente<\/h2>\n<h3>Cirurgia e Traumatologia Bucomaxilofacial &#8211; Mandato 10\/06\/24 a 09\/06\/26<\/h3>\n<p><a href=\"http:\/\/sites.usp.br\/fobposgraduacao\/wp-content\/uploads\/sites\/155\/2016\/08\/osny_ferreira_jr.jpg\"><img decoding=\"async\" class=\" wp-image-816 alignnone\" src=\"http:\/\/sites.usp.br\/fobposgraduacao\/wp-content\/uploads\/sites\/155\/2016\/08\/osny_ferreira_jr-150x150.jpg\" alt=\"Osny Ferreira Junior\" width=\"139\" height=\"139\" srcset=\"https:\/\/posgraduacao.fob.usp.br\/wp-content\/uploads\/sites\/731\/2016\/08\/osny_ferreira_jr-150x150.jpg 150w, https:\/\/posgraduacao.fob.usp.br\/wp-content\/uploads\/sites\/731\/2016\/08\/osny_ferreira_jr-300x300.jpg 300w, https:\/\/posgraduacao.fob.usp.br\/wp-content\/uploads\/sites\/731\/2016\/08\/osny_ferreira_jr-45x45.jpg 45w, https:\/\/posgraduacao.fob.usp.br\/wp-content\/uploads\/sites\/731\/2016\/08\/osny_ferreira_jr-200x200.jpg 200w, https:\/\/posgraduacao.fob.usp.br\/wp-content\/uploads\/sites\/731\/2016\/08\/osny_ferreira_jr-400x400.jpg 400w, https:\/\/posgraduacao.fob.usp.br\/wp-content\/uploads\/sites\/731\/2016\/08\/osny_ferreira_jr.jpg 472w\" sizes=\"(max-width: 139px) 100vw, 139px\" \/><\/a>Prof. Dr. Osny Ferreira Junior<br \/>\nProf. Dr. Eduardo Sant&#8217;Ana (suplente)<\/p>\n<h3>Dent\u00edstica &#8211; Mandato 09\/05\/25 a 08\/05\/27<\/h3>\n<p><img loading=\"lazy\" decoding=\"async\" class=\"alignnone wp-image-1897 size-thumbnail\" src=\"https:\/\/posgraduacao.fob.usp.br\/wp-content\/uploads\/sites\/731\/2016\/08\/Diana-150x150.jpg\" alt=\"\" width=\"150\" height=\"150\" data-id=\"1897\" srcset=\"https:\/\/posgraduacao.fob.usp.br\/wp-content\/uploads\/sites\/731\/2016\/08\/Diana-150x150.jpg 150w, https:\/\/posgraduacao.fob.usp.br\/wp-content\/uploads\/sites\/731\/2016\/08\/Diana-45x45.jpg 45w, https:\/\/posgraduacao.fob.usp.br\/wp-content\/uploads\/sites\/731\/2016\/08\/Diana-200x200.jpg 200w\" sizes=\"(max-width: 150px) 100vw, 150px\" \/> Profa. Dra. Diana Gabriela Soares dos Passos<br \/>\nProf. Dr. Adilson Yoshio Furuse (suplente)<\/p>\n<h3>Endodontia &#8211; Mandato 09\/05\/25 a 08\/05\/27<\/h3>\n<p><a href=\"\/\/posgraduacao.fob.usp.br\/wp-content\/uploads\/sites\/155\/2016\/09\/Marco-Antonio-Hungaro-Duarte-2.jpg\"><img loading=\"lazy\" decoding=\"async\" class=\"alignnone wp-image-1252 \" src=\"\/\/posgraduacao.fob.usp.br\/wp-content\/uploads\/sites\/155\/2016\/09\/Marco-Antonio-Hungaro-Duarte-2-150x150.jpg\" alt=\"\" width=\"138\" height=\"138\" srcset=\"https:\/\/posgraduacao.fob.usp.br\/wp-content\/uploads\/sites\/731\/2016\/09\/Marco-Antonio-Hungaro-Duarte-2-150x150.jpg 150w, https:\/\/posgraduacao.fob.usp.br\/wp-content\/uploads\/sites\/731\/2016\/09\/Marco-Antonio-Hungaro-Duarte-2-45x45.jpg 45w, https:\/\/posgraduacao.fob.usp.br\/wp-content\/uploads\/sites\/731\/2016\/09\/Marco-Antonio-Hungaro-Duarte-2-200x200.jpg 200w\" sizes=\"(max-width: 138px) 100vw, 138px\" \/><\/a>Prof. Dr. Marco Antonio Hungaro Duarte<br \/>\nProf. Dr. Murilo Priori Alcalde (suplente)<\/p>\n<h3>Biologia Oral, Estomatologia, Radiologia e Imaginologia &#8211; Mandato 17\/05\/24 a 16\/05\/26<\/h3>\n<p><a href=\"https:\/\/posgraduacao.fob.usp.br\/wp-content\/uploads\/sites\/731\/2018\/03\/leonardo_rigoldi_bonjardim-1.jpg\"><img loading=\"lazy\" decoding=\"async\" class=\"alignnone wp-image-1784 \" src=\"https:\/\/posgraduacao.fob.usp.br\/wp-content\/uploads\/sites\/731\/2018\/03\/leonardo_rigoldi_bonjardim-1-300x300.jpg\" alt=\"\" width=\"138\" height=\"138\" srcset=\"https:\/\/posgraduacao.fob.usp.br\/wp-content\/uploads\/sites\/731\/2018\/03\/leonardo_rigoldi_bonjardim-1-300x300.jpg 300w, https:\/\/posgraduacao.fob.usp.br\/wp-content\/uploads\/sites\/731\/2018\/03\/leonardo_rigoldi_bonjardim-1-150x150.jpg 150w, https:\/\/posgraduacao.fob.usp.br\/wp-content\/uploads\/sites\/731\/2018\/03\/leonardo_rigoldi_bonjardim-1-45x45.jpg 45w, https:\/\/posgraduacao.fob.usp.br\/wp-content\/uploads\/sites\/731\/2018\/03\/leonardo_rigoldi_bonjardim-1-200x200.jpg 200w, https:\/\/posgraduacao.fob.usp.br\/wp-content\/uploads\/sites\/731\/2018\/03\/leonardo_rigoldi_bonjardim-1-400x400.jpg 400w, https:\/\/posgraduacao.fob.usp.br\/wp-content\/uploads\/sites\/731\/2018\/03\/leonardo_rigoldi_bonjardim-1.jpg 472w\" sizes=\"(max-width: 138px) 100vw, 138px\" \/><\/a>Prof. Dr. Leonardo Rigoldi Bonjardim (Presidente)<br \/>\nProfa. Dra. Izabel Regina Fischer Rubira de Bullen (suplente)<\/p>\n<h3>Fonoaudiologia &#8211; Mandato 10\/06\/25 a 09\/06\/27<\/h3>\n<p><a href=\"https:\/\/posgraduacao.fob.usp.br\/wp-content\/uploads\/sites\/731\/2016\/08\/luciana_maximino.jpg\"><img loading=\"lazy\" decoding=\"async\" class=\"alignnone wp-image-865 \" src=\"https:\/\/posgraduacao.fob.usp.br\/wp-content\/uploads\/sites\/731\/2016\/08\/luciana_maximino-300x300.jpg\" alt=\"\" width=\"151\" height=\"151\" data-id=\"862\" srcset=\"https:\/\/posgraduacao.fob.usp.br\/wp-content\/uploads\/sites\/731\/2016\/08\/luciana_maximino-300x300.jpg 300w, https:\/\/posgraduacao.fob.usp.br\/wp-content\/uploads\/sites\/731\/2016\/08\/luciana_maximino-150x150.jpg 150w, https:\/\/posgraduacao.fob.usp.br\/wp-content\/uploads\/sites\/731\/2016\/08\/luciana_maximino-45x45.jpg 45w, https:\/\/posgraduacao.fob.usp.br\/wp-content\/uploads\/sites\/731\/2016\/08\/luciana_maximino-200x200.jpg 200w, https:\/\/posgraduacao.fob.usp.br\/wp-content\/uploads\/sites\/731\/2016\/08\/luciana_maximino-400x400.jpg 400w, https:\/\/posgraduacao.fob.usp.br\/wp-content\/uploads\/sites\/731\/2016\/08\/luciana_maximino.jpg 472w\" sizes=\"(max-width: 151px) 100vw, 151px\" \/><\/a>Profa. Dra. Luciana Paula Maximino<br \/>\nProfa. Dra. Lilian Cassia Bornia Jacob (suplente)<\/p>\n<h3>Odontopediatria &#8211; Mandato 09\/05\/25 a 08\/05\/27<\/h3>\n<p><img loading=\"lazy\" decoding=\"async\" class=\"alignnone size-full wp-image-6025\" src=\"https:\/\/posgraduacao.fob.usp.br\/wp-content\/uploads\/sites\/731\/2025\/06\/Thais-Marchini-de-Oliveira-Valarelli-150x150-1.jpg\" alt=\"\" width=\"150\" height=\"150\" data-id=\"6025\" srcset=\"https:\/\/posgraduacao.fob.usp.br\/wp-content\/uploads\/sites\/731\/2025\/06\/Thais-Marchini-de-Oliveira-Valarelli-150x150-1.jpg 150w, https:\/\/posgraduacao.fob.usp.br\/wp-content\/uploads\/sites\/731\/2025\/06\/Thais-Marchini-de-Oliveira-Valarelli-150x150-1-45x45.jpg 45w\" sizes=\"(max-width: 150px) 100vw, 150px\" \/>Profa. Dra. Thais Marchini de Oliveira Valarelli<br \/>\nProf. Dr. Natalino Louren\u00e7o Neto (suplente)<\/p>\n<h3>Ortodontia e Sa\u00fade Coletiva &#8211; Mandato 17\/05\/24 a 16\/05\/26<\/h3>\n<p><img loading=\"lazy\" decoding=\"async\" class=\"alignnone wp-image-985\" src=\"https:\/\/posgraduacao.fob.usp.br\/wp-content\/uploads\/sites\/731\/2016\/08\/daniela_garib.jpg\" alt=\"\" width=\"160\" height=\"160\" data-id=\"985\" srcset=\"https:\/\/posgraduacao.fob.usp.br\/wp-content\/uploads\/sites\/731\/2016\/08\/daniela_garib.jpg 227w, https:\/\/posgraduacao.fob.usp.br\/wp-content\/uploads\/sites\/731\/2016\/08\/daniela_garib-150x150.jpg 150w, https:\/\/posgraduacao.fob.usp.br\/wp-content\/uploads\/sites\/731\/2016\/08\/daniela_garib-45x45.jpg 45w, https:\/\/posgraduacao.fob.usp.br\/wp-content\/uploads\/sites\/731\/2016\/08\/daniela_garib-200x200.jpg 200w\" sizes=\"(max-width: 160px) 100vw, 160px\" \/>Profa. Dra. Daniela Gamba Garib Carreira (Vice-Presidente)<br \/>\nProfa. Dra. Silvia Helena de Carvalho Sales Peres (suplente)<\/p>\n<h3>Patologia Bucal &#8211; Mandato 09\/05\/25 a 08\/05\/27<\/h3>\n<p><a href=\"http:\/\/sites.usp.br\/fobposgraduacao\/wp-content\/uploads\/sites\/155\/2016\/08\/denise_tostes.jpg\"><img loading=\"lazy\" decoding=\"async\" class=\"alignnone wp-image-826\" src=\"http:\/\/sites.usp.br\/fobposgraduacao\/wp-content\/uploads\/sites\/155\/2016\/08\/denise_tostes-150x150.jpg\" alt=\"Denise Tostes Oliveira\" width=\"141\" height=\"141\" srcset=\"https:\/\/posgraduacao.fob.usp.br\/wp-content\/uploads\/sites\/731\/2016\/08\/denise_tostes-150x150.jpg 150w, https:\/\/posgraduacao.fob.usp.br\/wp-content\/uploads\/sites\/731\/2016\/08\/denise_tostes-300x300.jpg 300w, https:\/\/posgraduacao.fob.usp.br\/wp-content\/uploads\/sites\/731\/2016\/08\/denise_tostes-45x45.jpg 45w, https:\/\/posgraduacao.fob.usp.br\/wp-content\/uploads\/sites\/731\/2016\/08\/denise_tostes-200x200.jpg 200w, https:\/\/posgraduacao.fob.usp.br\/wp-content\/uploads\/sites\/731\/2016\/08\/denise_tostes-400x400.jpg 400w, https:\/\/posgraduacao.fob.usp.br\/wp-content\/uploads\/sites\/731\/2016\/08\/denise_tostes.jpg 433w\" sizes=\"(max-width: 141px) 100vw, 141px\" \/><\/a>Profa. Dra. Denise Tostes Oliveira<br \/>\nProfa. Dra. Andresa Borges Soares (suplente)<\/p>\n<h3>Periodontia &#8211; Mandato 15\/08\/24 a 14\/08\/26<\/h3>\n<p><a href=\"http:\/\/sites.usp.br\/fobposgraduacao2\/wp-content\/uploads\/sites\/155\/2016\/08\/adriana_campos_passanezi_santana.jpg\"><img loading=\"lazy\" decoding=\"async\" class=\"alignnone wp-image-969\" src=\"http:\/\/sites.usp.br\/fobposgraduacao2\/wp-content\/uploads\/sites\/155\/2016\/08\/adriana_campos_passanezi_santana-300x300.jpg\" alt=\"\" width=\"139\" height=\"139\" data-id=\"969\" srcset=\"https:\/\/posgraduacao.fob.usp.br\/wp-content\/uploads\/sites\/731\/2016\/08\/adriana_campos_passanezi_santana-300x300.jpg 300w, https:\/\/posgraduacao.fob.usp.br\/wp-content\/uploads\/sites\/731\/2016\/08\/adriana_campos_passanezi_santana-150x150.jpg 150w, https:\/\/posgraduacao.fob.usp.br\/wp-content\/uploads\/sites\/731\/2016\/08\/adriana_campos_passanezi_santana-45x45.jpg 45w, https:\/\/posgraduacao.fob.usp.br\/wp-content\/uploads\/sites\/731\/2016\/08\/adriana_campos_passanezi_santana-200x200.jpg 200w, https:\/\/posgraduacao.fob.usp.br\/wp-content\/uploads\/sites\/731\/2016\/08\/adriana_campos_passanezi_santana-400x400.jpg 400w, https:\/\/posgraduacao.fob.usp.br\/wp-content\/uploads\/sites\/731\/2016\/08\/adriana_campos_passanezi_santana.jpg 472w\" sizes=\"(max-width: 139px) 100vw, 139px\" \/><\/a> Profa. Dra.\u00a0Adriana Campos Passanezi Sant\u00b4Ana<br \/>\nProf. Dr. Carla Andreotti Damante (suplente)<\/p>\n<h3>Reabilita\u00e7\u00e3o Oral &#8211; Mandato 09\/05\/25 a 08\/05\/27<\/h3>\n<p><img loading=\"lazy\" decoding=\"async\" class=\"alignnone wp-image-1789 size-thumbnail\" src=\"https:\/\/posgraduacao.fob.usp.br\/wp-content\/uploads\/sites\/731\/2018\/03\/simone_soares-150x150.jpg\" alt=\"\" width=\"150\" height=\"150\" data-id=\"1789\" srcset=\"https:\/\/posgraduacao.fob.usp.br\/wp-content\/uploads\/sites\/731\/2018\/03\/simone_soares-150x150.jpg 150w, https:\/\/posgraduacao.fob.usp.br\/wp-content\/uploads\/sites\/731\/2018\/03\/simone_soares-300x300.jpg 300w, https:\/\/posgraduacao.fob.usp.br\/wp-content\/uploads\/sites\/731\/2018\/03\/simone_soares-45x45.jpg 45w, https:\/\/posgraduacao.fob.usp.br\/wp-content\/uploads\/sites\/731\/2018\/03\/simone_soares-200x200.jpg 200w, https:\/\/posgraduacao.fob.usp.br\/wp-content\/uploads\/sites\/731\/2018\/03\/simone_soares-400x400.jpg 400w, https:\/\/posgraduacao.fob.usp.br\/wp-content\/uploads\/sites\/731\/2018\/03\/simone_soares.jpg 472w\" sizes=\"(max-width: 150px) 100vw, 150px\" \/>Profa. Dra. Simone Soares<br \/>\nProf. Dr. Estevam Augusto Bonfante (suplente)<\/p>\n<h3>Discentes &#8211; Mandato 29\/07\/25 a 28\/07\/26<\/h3>\n<p>Thayn\u00e1 Teodoro da Silva (Titular) &#8211; Programa Ci\u00eancias Odontol\u00f3gicas Aplicadas<br \/>\nCarolina Ruis Ferrari (Suplente) &#8211; Programa de Ci\u00eancias Odontol\u00f3gicas Aplicadas<br \/>\nMar\u00edlia Andrezzo Beck (Titular) &#8211; Programa de Fonoaudiologia<br \/>\nFernanda Beatriz dos Santos Lopes (Suplente) &#8211; Programa de Fonoaudiologia","protected":false},"excerpt":{"rendered":"<p>Membros da Comiss\u00e3o de P\u00f3s-Gradua\u00e7\u00e3o Presidente e Vice-Presidente &#8211; Mandato 11\/03\/26 a 10\/03\/28 Prof. Dr. Leonardo Rigoldi Bonjardim (Presidente)\u00a0 \u00a0 Profa. Dra. Daniela Gamba Garib Carreira (Vice-Presidente) Corpo Docente Cirurgia e Traumatologia Bucomaxilofacial &#8211; Mandato 10\/06\/24 a 09\/06\/26 Prof. Dr. Osny Ferreira Junior Prof. Dr. Eduardo Sant&#8217;Ana (suplente) Dent\u00edstica &#8211; Mandato 09\/05\/25 a 08\/05\/27 Profa. [&hellip;]<\/p>\n","protected":false},"author":277,"featured_media":0,"parent":0,"menu_order":0,"comment_status":"closed","ping_status":"closed","template":"","meta":{"_monsterinsights_skip_tracking":false,"_monsterinsights_sitenote_active":false,"_monsterinsights_sitenote_note":"","_monsterinsights_sitenote_category":0,"footnotes":"","_links_to":"","_links_to_target":""},"class_list":["post-815","page","type-page","status-publish","hentry","entry"],"_links":{"self":[{"href":"https:\/\/posgraduacao.fob.usp.br\/pb\/wp-json\/wp\/v2\/pages\/815","targetHints":{"allow":["GET"]}}],"collection":[{"href":"https:\/\/posgraduacao.fob.usp.br\/pb\/wp-json\/wp\/v2\/pages"}],"about":[{"href":"https:\/\/posgraduacao.fob.usp.br\/pb\/wp-json\/wp\/v2\/types\/page"}],"author":[{"embeddable":true,"href":"https:\/\/posgraduacao.fob.usp.br\/pb\/wp-json\/wp\/v2\/users\/277"}],"replies":[{"embeddable":true,"href":"https:\/\/posgraduacao.fob.usp.br\/pb\/wp-json\/wp\/v2\/comments?post=815"}],"version-history":[{"count":4,"href":"https:\/\/posgraduacao.fob.usp.br\/pb\/wp-json\/wp\/v2\/pages\/815\/revisions"}],"predecessor-version":[{"id":6390,"href":"https:\/\/posgraduacao.fob.usp.br\/pb\/wp-json\/wp\/v2\/pages\/815\/revisions\/6390"}],"wp:attachment":[{"href":"https:\/\/posgraduacao.fob.usp.br\/pb\/wp-json\/wp\/v2\/media?parent=815"}],"curies":[{"name":"wp","href":"https:\/\/api.w.org\/{rel}","templated":true}]}}