{"id":830,"date":"2016-08-12T17:52:32","date_gmt":"2016-08-12T20:52:32","guid":{"rendered":"http:\/\/sites.usp.br\/fobposgraduacao\/?page_id=830"},"modified":"2016-08-23T11:40:49","modified_gmt":"2016-08-23T14:40:49","slug":"portal-digital","status":"publish","type":"page","link":"https:\/\/posgraduacao.fob.usp.br\/pb\/portal-digital\/","title":{"rendered":"Portal digital"},"content":{"rendered":"A P\u00f3s-Gradua\u00e7\u00e3o da FOB USP disponibiliza para acesso p\u00fablico as Teses e Disserta\u00e7\u00f5es no formato PDF atrav\u00e9s do portal SABER da Biblioteca Digital:<\/p>\n<p style=\"text-align: center\"><a href=\"http:\/\/www.teses.usp.br\" target=\"_blank\">www.teses.usp.br<\/a><\/p>\n<h3 style=\"text-align: center\">Aviso<\/h3>\n<blockquote><p>O autor \u00e9 o titular dos direitos autorais da tese ou disserta\u00e7\u00e3o que voc\u00ea ir\u00e1 baixar em seu computador. A tese ou disserta\u00e7\u00e3o destina-se para uso pessoal ou cient\u00edfico.\u00c9 proibida a comercializa\u00e7\u00e3o de qualquer esp\u00e9cie sem autoriza\u00e7\u00e3o pr\u00e9via do autor.<\/p><\/blockquote>","protected":false},"excerpt":{"rendered":"<p>A P\u00f3s-Gradua\u00e7\u00e3o da FOB USP disponibiliza para acesso p\u00fablico as Teses e Disserta\u00e7\u00f5es no formato PDF atrav\u00e9s do portal SABER da Biblioteca Digital: www.teses.usp.br Aviso O autor \u00e9 o titular dos direitos autorais da tese ou disserta\u00e7\u00e3o que voc\u00ea ir\u00e1 baixar em seu computador. A tese ou disserta\u00e7\u00e3o destina-se para uso pessoal ou cient\u00edfico.\u00c9 proibida [&hellip;]<\/p>\n","protected":false},"author":277,"featured_media":0,"parent":0,"menu_order":0,"comment_status":"closed","ping_status":"closed","template":"","meta":{"_monsterinsights_skip_tracking":false,"_monsterinsights_sitenote_active":false,"_monsterinsights_sitenote_note":"","_monsterinsights_sitenote_category":0,"footnotes":"","_links_to":"","_links_to_target":""},"class_list":["post-830","page","type-page","status-publish","hentry","entry"],"_links":{"self":[{"href":"https:\/\/posgraduacao.fob.usp.br\/pb\/wp-json\/wp\/v2\/pages\/830","targetHints":{"allow":["GET"]}}],"collection":[{"href":"https:\/\/posgraduacao.fob.usp.br\/pb\/wp-json\/wp\/v2\/pages"}],"about":[{"href":"https:\/\/posgraduacao.fob.usp.br\/pb\/wp-json\/wp\/v2\/types\/page"}],"author":[{"embeddable":true,"href":"https:\/\/posgraduacao.fob.usp.br\/pb\/wp-json\/wp\/v2\/users\/277"}],"replies":[{"embeddable":true,"href":"https:\/\/posgraduacao.fob.usp.br\/pb\/wp-json\/wp\/v2\/comments?post=830"}],"version-history":[{"count":4,"href":"https:\/\/posgraduacao.fob.usp.br\/pb\/wp-json\/wp\/v2\/pages\/830\/revisions"}],"predecessor-version":[{"id":1177,"href":"https:\/\/posgraduacao.fob.usp.br\/pb\/wp-json\/wp\/v2\/pages\/830\/revisions\/1177"}],"wp:attachment":[{"href":"https:\/\/posgraduacao.fob.usp.br\/pb\/wp-json\/wp\/v2\/media?parent=830"}],"curies":[{"name":"wp","href":"https:\/\/api.w.org\/{rel}","templated":true}]}}