{"id":835,"date":"2016-08-15T08:59:39","date_gmt":"2016-08-15T11:59:39","guid":{"rendered":"http:\/\/sites.usp.br\/fobposgraduacao\/?page_id=835"},"modified":"2023-10-16T07:37:21","modified_gmt":"2023-10-16T10:37:21","slug":"ciencias-odontologicas-aplicadas","status":"publish","type":"page","link":"https:\/\/posgraduacao.fob.usp.br\/pb\/programas\/ciencias-odontologicas-aplicadas\/","title":{"rendered":"Ci\u00eancias Odontol\u00f3gicas Aplicadas"},"content":{"rendered":"<p style=\"text-align: justify;\">Os Cursos de P\u00f3s-Gradua\u00e7\u00e3o da FOB envolvem atividades cl\u00ednicas, laboratoriais e de pesquisa, sendo respons\u00e1vel pela forma\u00e7\u00e3o docente de professores permanentes de diversas Institui\u00e7\u00f5es de Ensino em todos os Estados Brasileiros e em diversos pa\u00edses do exterior.<\/p>\n<h3 style=\"text-align: justify;\">\u00c1reas de concentra\u00e7\u00e3o<\/h3>\n<ul>\n<li style=\"text-align: justify;\"><a href=\"http:\/\/posgraduacao.fob.usp.br\/pb\/programas\/ciencias-odontologicas-aplicadas\/estomatologia-e-biologia-oral\/\">Biologia oral, Estomatologia, Radiologia e Imaginologia<\/a><\/li>\n<li style=\"text-align: justify;\"><a href=\"http:\/\/posgraduacao.fob.usp.br\/pb\/programas\/ciencias-odontologicas-aplicadas\/cirurgia\/\">Cirurgia\u00a0e Traumatologia Bucomaxilofacial<\/a><\/li>\n<li style=\"text-align: justify;\"><a href=\"http:\/\/posgraduacao.fob.usp.br\/pb\/programas\/ciencias-odontologicas-aplicadas\/dentistica\/\">Dent\u00edstica<\/a><\/li>\n<li style=\"text-align: justify;\"><a href=\"http:\/\/posgraduacao.fob.usp.br\/pb\/programas\/ciencias-odontologicas-aplicadas\/endodontia\/\">Endodontia<\/a><\/li>\n<li style=\"text-align: justify;\"><a href=\"http:\/\/posgraduacao.fob.usp.br\/pb\/programas\/ciencias-odontologicas-aplicadas\/odontopediatria\/\">Odontopediatria<\/a><\/li>\n<li style=\"text-align: justify;\"><a href=\"http:\/\/posgraduacao.fob.usp.br\/pb\/programas\/ciencias-odontologicas-aplicadas\/ortodontia-e-odontologia-em-saude-coletiva\/\">Ortodontia e\u00a0 Sa\u00fade Coletiva<\/a><\/li>\n<li style=\"text-align: justify;\"><a href=\"http:\/\/posgraduacao.fob.usp.br\/pb\/programas\/ciencias-odontologicas-aplicadas\/patologia-bucal\/\">Patologia Bucal<\/a><\/li>\n<li style=\"text-align: justify;\"><a href=\"http:\/\/posgraduacao.fob.usp.br\/pb\/programas\/ciencias-odontologicas-aplicadas\/periodontia\/\">Periodontia<\/a><\/li>\n<li style=\"text-align: justify;\"><a href=\"http:\/\/posgraduacao.fob.usp.br\/pb\/programas\/ciencias-odontologicas-aplicadas\/reabilitacao-oral\/\">Reabilita\u00e7\u00e3o Oral<\/a><\/li>\n<\/ul>\n<p style=\"text-align: justify;\">","protected":false},"excerpt":{"rendered":"<p>Os Cursos de P\u00f3s-Gradua\u00e7\u00e3o da FOB envolvem atividades cl\u00ednicas, laboratoriais e de pesquisa, sendo respons\u00e1vel pela forma\u00e7\u00e3o docente de professores permanentes de diversas Institui\u00e7\u00f5es de Ensino em todos os Estados Brasileiros e em diversos pa\u00edses do exterior. \u00c1reas de concentra\u00e7\u00e3o Biologia oral, Estomatologia, Radiologia e Imaginologia Cirurgia\u00a0e Traumatologia Bucomaxilofacial Dent\u00edstica Endodontia Odontopediatria Ortodontia e\u00a0 Sa\u00fade [&hellip;]<\/p>\n","protected":false},"author":277,"featured_media":0,"parent":1046,"menu_order":0,"comment_status":"closed","ping_status":"closed","template":"","meta":{"_monsterinsights_skip_tracking":false,"_monsterinsights_sitenote_active":false,"_monsterinsights_sitenote_note":"","_monsterinsights_sitenote_category":0,"footnotes":"","_links_to":"","_links_to_target":""},"class_list":["post-835","page","type-page","status-publish","hentry","entry"],"_links":{"self":[{"href":"https:\/\/posgraduacao.fob.usp.br\/pb\/wp-json\/wp\/v2\/pages\/835","targetHints":{"allow":["GET"]}}],"collection":[{"href":"https:\/\/posgraduacao.fob.usp.br\/pb\/wp-json\/wp\/v2\/pages"}],"about":[{"href":"https:\/\/posgraduacao.fob.usp.br\/pb\/wp-json\/wp\/v2\/types\/page"}],"author":[{"embeddable":true,"href":"https:\/\/posgraduacao.fob.usp.br\/pb\/wp-json\/wp\/v2\/users\/277"}],"replies":[{"embeddable":true,"href":"https:\/\/posgraduacao.fob.usp.br\/pb\/wp-json\/wp\/v2\/comments?post=835"}],"version-history":[{"count":4,"href":"https:\/\/posgraduacao.fob.usp.br\/pb\/wp-json\/wp\/v2\/pages\/835\/revisions"}],"predecessor-version":[{"id":5282,"href":"https:\/\/posgraduacao.fob.usp.br\/pb\/wp-json\/wp\/v2\/pages\/835\/revisions\/5282"}],"up":[{"embeddable":true,"href":"https:\/\/posgraduacao.fob.usp.br\/pb\/wp-json\/wp\/v2\/pages\/1046"}],"wp:attachment":[{"href":"https:\/\/posgraduacao.fob.usp.br\/pb\/wp-json\/wp\/v2\/media?parent=835"}],"curies":[{"name":"wp","href":"https:\/\/api.w.org\/{rel}","templated":true}]}}