{"id":899,"date":"2019-05-08T07:00:07","date_gmt":"2019-05-08T10:00:07","guid":{"rendered":"http:\/\/sites.usp.br\/fobposgraduacao\/?page_id=899"},"modified":"2025-01-30T14:37:02","modified_gmt":"2025-01-30T17:37:02","slug":"dentistica","status":"publish","type":"page","link":"https:\/\/posgraduacao.fob.usp.br\/pb\/programas\/ciencias-odontologicas-aplicadas\/dentistica\/","title":{"rendered":"Dent\u00edstica"},"content":{"rendered":"<h2>Linhas de Pesquisa<\/h2>\n<ul>\n<li>Propriedades Biol\u00f3gicas, Qu\u00edmicas e Fisico-Mec\u00e2nicas dos Materiais Odontol\u00f3gicos<\/li>\n<li>Terapias Aplicadas \u00e0 Odontologia<\/li>\n<li>Biologia e Engenharia do Aparelho Estomatol\u00f3gico<\/li>\n<li>Epidemiologia, Preven\u00e7\u00e3o e Aspectos Legais em Odontologia<\/li>\n<li>Diagn\u00f3stico e Progn\u00f3stico em Odontologia<\/li>\n<\/ul>\n<h2>Secretaria<\/h2>\n<p>Elizio Afonso Cardoso de Menezes<br \/>\nFone: 55 14 3235-8323 \/ 3235-8261<br \/>\nE-mail: dentistica@fob.usp.br<\/p>\n<h2>Mais informa\u00e7\u00f5es<\/h2>\n<p><a href=\"https:\/\/uspdigital.usp.br\/janus\/componente\/catalogoDisciplinasInicial.jsf?action=4&amp;tipo=D&amp;codcpg=25\" target=\"_blank\" rel=\"noopener noreferrer\">Disciplinas<\/a><\/p>\n<p><a href=\"http:\/\/posgraduacao.fob.usp.br\/programas\/ciencias-odontologicas-aplicadas\/dentistica\/corpo-docente\/\">Corpo Docente<\/a><\/p>\n<p><a href=\"https:\/\/uspdigital.usp.br\/janus\/comum\/entrada.jsf\" target=\"_blank\" rel=\"noopener noreferrer\">Sistemas USP Janus<\/a>","protected":false},"excerpt":{"rendered":"<p>Linhas de Pesquisa Propriedades Biol\u00f3gicas, Qu\u00edmicas e Fisico-Mec\u00e2nicas dos Materiais Odontol\u00f3gicos Terapias Aplicadas \u00e0 Odontologia Biologia e Engenharia do Aparelho Estomatol\u00f3gico Epidemiologia, Preven\u00e7\u00e3o e Aspectos Legais em Odontologia Diagn\u00f3stico e Progn\u00f3stico em Odontologia Secretaria Elizio Afonso Cardoso de Menezes Fone: 55 14 3235-8323 \/ 3235-8261 E-mail: dentistica@fob.usp.br Mais informa\u00e7\u00f5es Disciplinas Corpo Docente Sistemas USP Janus<\/p>\n","protected":false},"author":277,"featured_media":0,"parent":835,"menu_order":0,"comment_status":"closed","ping_status":"closed","template":"","meta":{"_monsterinsights_skip_tracking":false,"_monsterinsights_sitenote_active":false,"_monsterinsights_sitenote_note":"","_monsterinsights_sitenote_category":0,"footnotes":"","_links_to":"","_links_to_target":""},"class_list":["post-899","page","type-page","status-publish","hentry","entry"],"_links":{"self":[{"href":"https:\/\/posgraduacao.fob.usp.br\/pb\/wp-json\/wp\/v2\/pages\/899","targetHints":{"allow":["GET"]}}],"collection":[{"href":"https:\/\/posgraduacao.fob.usp.br\/pb\/wp-json\/wp\/v2\/pages"}],"about":[{"href":"https:\/\/posgraduacao.fob.usp.br\/pb\/wp-json\/wp\/v2\/types\/page"}],"author":[{"embeddable":true,"href":"https:\/\/posgraduacao.fob.usp.br\/pb\/wp-json\/wp\/v2\/users\/277"}],"replies":[{"embeddable":true,"href":"https:\/\/posgraduacao.fob.usp.br\/pb\/wp-json\/wp\/v2\/comments?post=899"}],"version-history":[{"count":4,"href":"https:\/\/posgraduacao.fob.usp.br\/pb\/wp-json\/wp\/v2\/pages\/899\/revisions"}],"predecessor-version":[{"id":5799,"href":"https:\/\/posgraduacao.fob.usp.br\/pb\/wp-json\/wp\/v2\/pages\/899\/revisions\/5799"}],"up":[{"embeddable":true,"href":"https:\/\/posgraduacao.fob.usp.br\/pb\/wp-json\/wp\/v2\/pages\/835"}],"wp:attachment":[{"href":"https:\/\/posgraduacao.fob.usp.br\/pb\/wp-json\/wp\/v2\/media?parent=899"}],"curies":[{"name":"wp","href":"https:\/\/api.w.org\/{rel}","templated":true}]}}