{"id":991,"date":"2016-08-16T14:55:02","date_gmt":"2016-08-16T17:55:02","guid":{"rendered":"http:\/\/sites.usp.br\/fobposgraduacao\/?page_id=991"},"modified":"2021-02-17T14:56:41","modified_gmt":"2021-02-17T17:56:41","slug":"patologia-bucal","status":"publish","type":"page","link":"https:\/\/posgraduacao.fob.usp.br\/pb\/programas\/ciencias-odontologicas-aplicadas\/patologia-bucal\/","title":{"rendered":"Patologia bucal"},"content":{"rendered":"<h2>Linhas de Pesquisa<\/h2>\n<ul>\n<li>Terapias Aplicadas \u00e0 Odontologia<\/li>\n<li>Biologia e Engenharia do Aparelho Estomatol\u00f3gico<\/li>\n<li>Diagn\u00f3stico e Progn\u00f3stico em Odontologia<\/li>\n<\/ul>\n<h2>Secretaria<\/h2>\n<p>Luciana Zanon Fontes Lozano<br \/>\nFone: 55 14 3235-8258<br \/>\nE-mail: luciana@fob.usp.br<\/p>\n<h2>Mais informa\u00e7\u00f5es<\/h2>\n<p><a href=\"https:\/\/uspdigital.usp.br\/janus\/componente\/catalogoDisciplinasInicial.jsf?action=4&amp;tipo=D&amp;codcpg=25\" target=\"_blank\" rel=\"noopener noreferrer\">Disciplinas<\/a><\/p>\n<p><a href=\"https:\/\/posgraduacao.fob.usp.br\/programas\/ciencias-odontologicas-aplicadas\/patologia-bucal\/corpo-docente\/\">Corpo Docente<\/a><\/p>\n<p><a href=\"https:\/\/uspdigital.usp.br\/janus\/comum\/entrada.jsf\" target=\"_blank\" rel=\"noopener noreferrer\">Sistemas USP Janus<\/a>","protected":false},"excerpt":{"rendered":"<p>Linhas de Pesquisa Terapias Aplicadas \u00e0 Odontologia Biologia e Engenharia do Aparelho Estomatol\u00f3gico Diagn\u00f3stico e Progn\u00f3stico em Odontologia Secretaria Luciana Zanon Fontes Lozano Fone: 55 14 3235-8258 E-mail: luciana@fob.usp.br Mais informa\u00e7\u00f5es Disciplinas Corpo Docente Sistemas USP Janus<\/p>\n","protected":false},"author":277,"featured_media":0,"parent":835,"menu_order":0,"comment_status":"closed","ping_status":"closed","template":"","meta":{"_monsterinsights_skip_tracking":false,"_monsterinsights_sitenote_active":false,"_monsterinsights_sitenote_note":"","_monsterinsights_sitenote_category":0,"footnotes":"","_links_to":"","_links_to_target":""},"class_list":["post-991","page","type-page","status-publish","hentry","entry"],"_links":{"self":[{"href":"https:\/\/posgraduacao.fob.usp.br\/pb\/wp-json\/wp\/v2\/pages\/991","targetHints":{"allow":["GET"]}}],"collection":[{"href":"https:\/\/posgraduacao.fob.usp.br\/pb\/wp-json\/wp\/v2\/pages"}],"about":[{"href":"https:\/\/posgraduacao.fob.usp.br\/pb\/wp-json\/wp\/v2\/types\/page"}],"author":[{"embeddable":true,"href":"https:\/\/posgraduacao.fob.usp.br\/pb\/wp-json\/wp\/v2\/users\/277"}],"replies":[{"embeddable":true,"href":"https:\/\/posgraduacao.fob.usp.br\/pb\/wp-json\/wp\/v2\/comments?post=991"}],"version-history":[{"count":5,"href":"https:\/\/posgraduacao.fob.usp.br\/pb\/wp-json\/wp\/v2\/pages\/991\/revisions"}],"predecessor-version":[{"id":3716,"href":"https:\/\/posgraduacao.fob.usp.br\/pb\/wp-json\/wp\/v2\/pages\/991\/revisions\/3716"}],"up":[{"embeddable":true,"href":"https:\/\/posgraduacao.fob.usp.br\/pb\/wp-json\/wp\/v2\/pages\/835"}],"wp:attachment":[{"href":"https:\/\/posgraduacao.fob.usp.br\/pb\/wp-json\/wp\/v2\/media?parent=991"}],"curies":[{"name":"wp","href":"https:\/\/api.w.org\/{rel}","templated":true}]}}